{"id":8364,"date":"2026-03-20T11:38:45","date_gmt":"2026-03-20T10:38:45","guid":{"rendered":"https:\/\/www.cavarovellats.com\/product\/cantavins-en-rovellats\/"},"modified":"2026-03-20T12:09:57","modified_gmt":"2026-03-20T11:09:57","slug":"cantavins-en-rovellats","status":"publish","type":"product","link":"https:\/\/www.cavarovellats.com\/es\/producto\/cantavins-en-rovellats\/","title":{"rendered":"Cantavins en Rovellats"},"content":{"rendered":"<p><strong>Fecha: Domingo 24 de mayo &#8211; Hora: 11:00h<\/strong><br \/>\n<strong>CantaVins Rovellats<\/strong> : Probar, cantar y brindar.<br \/>\n Una experiencia que combina la cata con el placer de cantar juntos.<br \/>\n Cantavins es una experiencia enotur\u00edstica \u00fanica que combina cava, m\u00fasica y tradici\u00f3n. Un formato participativo donde el p\u00fablico aprende y canta mientras prueba cavas Rovellats seleccionados especialmente para acompa\u00f1ar a cada una de las canciones. La experiencia se completa con un peque\u00f1o aperitivo de KM0.<br \/>\n Qu\u00e9 incluye la actividad:<br \/>\n 1. Bienvenida y visita a las cavas.<br \/>\n 2. Din\u00e1mica de maridaje: introducci\u00f3n de la canci\u00f3n a la vez que se proba el cava escogido para acompa\u00f1arla.<br \/>\n 3. Gastronom\u00eda: la experiencia se casa con embutidos y quesos.  <\/p>\n<p>Esteve Nabona, M\u00fasico y director de coraz\u00f3n con una amplia trayectoria, formado en el Conservatorio Superior de M\u00fasica de Barcelona, \u200b\u200bha desarrollado una destacada labor como director y pedagogo en la Fundaci\u00f3n Orfe\u00f3 Catal\u00e0-Palau de la M\u00fasica durante m\u00e1s de veinte a\u00f1os. Actualmente dirige proyectos como el Coro Femenino Scherzo y el Ensemble Vocal Cambra 16.<br \/>\n Apasionado tambi\u00e9n por el mundo de la vi\u00f1a y el vino, en los \u00faltimos a\u00f1os ha profundizado en la relaci\u00f3n entre m\u00fasica y enolog\u00eda, creando el proyecto ViBracions, que ofrece experiencias sensoriales que fusionan ambas disciplinas. <\/p>\n<p><span style=\"width: 100%; background-color: #d0d6b3; padding: 5px 0; color: #000;\"><strong>Duraci\u00f3n de la actividad:<\/strong> 3 horas aprox.<br \/>\n<\/span> <strong>Precio:<\/strong> 38\u20ac por persona<\/p>\n","protected":false},"excerpt":{"rendered":"<p style=\"font-weight: 400;\"><strong>Fecha: Domingo 24 de mayo &#8211; Hora: 11:00h<\/strong><\/p>\n","protected":false},"featured_media":6981,"template":"","meta":{"inline_featured_image":false,"_monsterinsights_skip_tracking":false,"_monsterinsights_sitenote_active":false,"_monsterinsights_sitenote_note":"","_monsterinsights_sitenote_category":0},"product_brand":[],"product_cat":[50],"product_tag":[],"class_list":{"0":"post-8364","1":"product","2":"type-product","3":"status-publish","4":"has-post-thumbnail","6":"product_cat-enoturismo","8":"first","9":"instock","10":"virtual","11":"sold-individually","12":"taxable","13":"purchasable","14":"product-type-booking"},"booking_location":"","booking_location_type":"","booking_duration":2,"booking_duration_unit":"hour","booking_buffer":0,"booking_cost":0,"booking_resources":[],"yoast_head":"<!-- This site is optimized with the Yoast SEO plugin v27.4 - https:\/\/yoast.com\/product\/yoast-seo-wordpress\/ -->\n<title>Cantavins en Rovellats - Cava Rovellats<\/title>\n<meta name=\"description\" content=\"Para redondear la experiencia, ofrecemos un Brunch en nuestro jard\u00edn modernista, antes o despu\u00e9s de la visita a la bodega y la cata de 3 cavas.\" \/>\n<meta name=\"robots\" content=\"index, follow, max-snippet:-1, max-image-preview:large, max-video-preview:-1\" \/>\n<link rel=\"canonical\" href=\"https:\/\/www.cavarovellats.com\/es\/producto\/cantavins-en-rovellats\/\" \/>\n<meta property=\"og:locale\" content=\"es_ES\" \/>\n<meta property=\"og:type\" content=\"article\" \/>\n<meta property=\"og:title\" content=\"Cantavins en Rovellats - Cava Rovellats\" \/>\n<meta property=\"og:description\" content=\"Para redondear la experiencia, ofrecemos un Brunch en nuestro jard\u00edn modernista, antes o despu\u00e9s de la visita a la bodega y la cata de 3 cavas.\" \/>\n<meta property=\"og:url\" content=\"https:\/\/www.cavarovellats.com\/es\/producto\/cantavins-en-rovellats\/\" \/>\n<meta property=\"og:site_name\" content=\"Cava Rovellats\" \/>\n<meta property=\"article:modified_time\" content=\"2026-03-20T11:09:57+00:00\" \/>\n<meta property=\"og:image\" content=\"https:\/\/www.cavarovellats.com\/wp-content\/uploads\/2025\/09\/WEB_Rovellats_Enoturisme-2025__2GM1945-scaled.jpg\" \/>\n\t<meta property=\"og:image:width\" content=\"2560\" \/>\n\t<meta property=\"og:image:height\" content=\"1706\" \/>\n\t<meta property=\"og:image:type\" content=\"image\/jpeg\" \/>\n<meta name=\"twitter:card\" content=\"summary_large_image\" \/>\n<meta name=\"twitter:label1\" content=\"Tiempo de lectura\" \/>\n\t<meta name=\"twitter:data1\" content=\"1 minuto\" \/>\n<script type=\"application\/ld+json\" class=\"yoast-schema-graph\">{\"@context\":\"https:\\\/\\\/schema.org\",\"@graph\":[{\"@type\":\"WebPage\",\"@id\":\"https:\\\/\\\/www.cavarovellats.com\\\/es\\\/producto\\\/cantavins-en-rovellats\\\/\",\"url\":\"https:\\\/\\\/www.cavarovellats.com\\\/es\\\/producto\\\/cantavins-en-rovellats\\\/\",\"name\":\"Cantavins en Rovellats - Cava Rovellats\",\"isPartOf\":{\"@id\":\"https:\\\/\\\/www.cavarovellats.com\\\/es\\\/#website\"},\"primaryImageOfPage\":{\"@id\":\"https:\\\/\\\/www.cavarovellats.com\\\/es\\\/producto\\\/cantavins-en-rovellats\\\/#primaryimage\"},\"image\":{\"@id\":\"https:\\\/\\\/www.cavarovellats.com\\\/es\\\/producto\\\/cantavins-en-rovellats\\\/#primaryimage\"},\"thumbnailUrl\":\"https:\\\/\\\/www.cavarovellats.com\\\/wp-content\\\/uploads\\\/2025\\\/09\\\/esteve.jpg\",\"datePublished\":\"2026-03-20T10:38:45+00:00\",\"dateModified\":\"2026-03-20T11:09:57+00:00\",\"description\":\"Para redondear la experiencia, ofrecemos un Brunch en nuestro jard\u00edn modernista, antes o despu\u00e9s de la visita a la bodega y la cata de 3 cavas.\",\"breadcrumb\":{\"@id\":\"https:\\\/\\\/www.cavarovellats.com\\\/es\\\/producto\\\/cantavins-en-rovellats\\\/#breadcrumb\"},\"inLanguage\":\"es\",\"potentialAction\":[{\"@type\":\"ReadAction\",\"target\":[\"https:\\\/\\\/www.cavarovellats.com\\\/es\\\/producto\\\/cantavins-en-rovellats\\\/\"]}]},{\"@type\":\"ImageObject\",\"inLanguage\":\"es\",\"@id\":\"https:\\\/\\\/www.cavarovellats.com\\\/es\\\/producto\\\/cantavins-en-rovellats\\\/#primaryimage\",\"url\":\"https:\\\/\\\/www.cavarovellats.com\\\/wp-content\\\/uploads\\\/2025\\\/09\\\/esteve.jpg\",\"contentUrl\":\"https:\\\/\\\/www.cavarovellats.com\\\/wp-content\\\/uploads\\\/2025\\\/09\\\/esteve.jpg\",\"width\":981,\"height\":1213},{\"@type\":\"BreadcrumbList\",\"@id\":\"https:\\\/\\\/www.cavarovellats.com\\\/es\\\/producto\\\/cantavins-en-rovellats\\\/#breadcrumb\",\"itemListElement\":[{\"@type\":\"ListItem\",\"position\":1,\"name\":\"Inici\",\"item\":\"https:\\\/\\\/www.cavarovellats.com\\\/es\\\/\"},{\"@type\":\"ListItem\",\"position\":2,\"name\":\"Cavas y Vinos\",\"item\":\"https:\\\/\\\/www.cavarovellats.com\\\/es\\\/tienda\\\/\"},{\"@type\":\"ListItem\",\"position\":3,\"name\":\"Cantavins en Rovellats\"}]},{\"@type\":\"WebSite\",\"@id\":\"https:\\\/\\\/www.cavarovellats.com\\\/es\\\/#website\",\"url\":\"https:\\\/\\\/www.cavarovellats.com\\\/es\\\/\",\"name\":\"Cava Rovellats\",\"description\":\"La terra, les persones, el cava\",\"potentialAction\":[{\"@type\":\"SearchAction\",\"target\":{\"@type\":\"EntryPoint\",\"urlTemplate\":\"https:\\\/\\\/www.cavarovellats.com\\\/es\\\/?s={search_term_string}\"},\"query-input\":{\"@type\":\"PropertyValueSpecification\",\"valueRequired\":true,\"valueName\":\"search_term_string\"}}],\"inLanguage\":\"es\"}]}<\/script>\n<!-- \/ Yoast SEO plugin. -->","yoast_head_json":{"title":"Cantavins en Rovellats - Cava Rovellats","description":"Para redondear la experiencia, ofrecemos un Brunch en nuestro jard\u00edn modernista, antes o despu\u00e9s de la visita a la bodega y la cata de 3 cavas.","robots":{"index":"index","follow":"follow","max-snippet":"max-snippet:-1","max-image-preview":"max-image-preview:large","max-video-preview":"max-video-preview:-1"},"canonical":"https:\/\/www.cavarovellats.com\/es\/producto\/cantavins-en-rovellats\/","og_locale":"es_ES","og_type":"article","og_title":"Cantavins en Rovellats - Cava Rovellats","og_description":"Para redondear la experiencia, ofrecemos un Brunch en nuestro jard\u00edn modernista, antes o despu\u00e9s de la visita a la bodega y la cata de 3 cavas.","og_url":"https:\/\/www.cavarovellats.com\/es\/producto\/cantavins-en-rovellats\/","og_site_name":"Cava Rovellats","article_modified_time":"2026-03-20T11:09:57+00:00","og_image":[{"width":2560,"height":1706,"url":"https:\/\/www.cavarovellats.com\/wp-content\/uploads\/2025\/09\/WEB_Rovellats_Enoturisme-2025__2GM1945-scaled.jpg","type":"image\/jpeg"}],"twitter_card":"summary_large_image","twitter_misc":{"Tiempo de lectura":"1 minuto"},"schema":{"@context":"https:\/\/schema.org","@graph":[{"@type":"WebPage","@id":"https:\/\/www.cavarovellats.com\/es\/producto\/cantavins-en-rovellats\/","url":"https:\/\/www.cavarovellats.com\/es\/producto\/cantavins-en-rovellats\/","name":"Cantavins en Rovellats - Cava Rovellats","isPartOf":{"@id":"https:\/\/www.cavarovellats.com\/es\/#website"},"primaryImageOfPage":{"@id":"https:\/\/www.cavarovellats.com\/es\/producto\/cantavins-en-rovellats\/#primaryimage"},"image":{"@id":"https:\/\/www.cavarovellats.com\/es\/producto\/cantavins-en-rovellats\/#primaryimage"},"thumbnailUrl":"https:\/\/www.cavarovellats.com\/wp-content\/uploads\/2025\/09\/esteve.jpg","datePublished":"2026-03-20T10:38:45+00:00","dateModified":"2026-03-20T11:09:57+00:00","description":"Para redondear la experiencia, ofrecemos un Brunch en nuestro jard\u00edn modernista, antes o despu\u00e9s de la visita a la bodega y la cata de 3 cavas.","breadcrumb":{"@id":"https:\/\/www.cavarovellats.com\/es\/producto\/cantavins-en-rovellats\/#breadcrumb"},"inLanguage":"es","potentialAction":[{"@type":"ReadAction","target":["https:\/\/www.cavarovellats.com\/es\/producto\/cantavins-en-rovellats\/"]}]},{"@type":"ImageObject","inLanguage":"es","@id":"https:\/\/www.cavarovellats.com\/es\/producto\/cantavins-en-rovellats\/#primaryimage","url":"https:\/\/www.cavarovellats.com\/wp-content\/uploads\/2025\/09\/esteve.jpg","contentUrl":"https:\/\/www.cavarovellats.com\/wp-content\/uploads\/2025\/09\/esteve.jpg","width":981,"height":1213},{"@type":"BreadcrumbList","@id":"https:\/\/www.cavarovellats.com\/es\/producto\/cantavins-en-rovellats\/#breadcrumb","itemListElement":[{"@type":"ListItem","position":1,"name":"Inici","item":"https:\/\/www.cavarovellats.com\/es\/"},{"@type":"ListItem","position":2,"name":"Cavas y Vinos","item":"https:\/\/www.cavarovellats.com\/es\/tienda\/"},{"@type":"ListItem","position":3,"name":"Cantavins en Rovellats"}]},{"@type":"WebSite","@id":"https:\/\/www.cavarovellats.com\/es\/#website","url":"https:\/\/www.cavarovellats.com\/es\/","name":"Cava Rovellats","description":"La terra, les persones, el cava","potentialAction":[{"@type":"SearchAction","target":{"@type":"EntryPoint","urlTemplate":"https:\/\/www.cavarovellats.com\/es\/?s={search_term_string}"},"query-input":{"@type":"PropertyValueSpecification","valueRequired":true,"valueName":"search_term_string"}}],"inLanguage":"es"}]}},"_links":{"self":[{"href":"https:\/\/www.cavarovellats.com\/es\/wp-json\/wp\/v2\/product\/8364","targetHints":{"allow":["GET"]}}],"collection":[{"href":"https:\/\/www.cavarovellats.com\/es\/wp-json\/wp\/v2\/product"}],"about":[{"href":"https:\/\/www.cavarovellats.com\/es\/wp-json\/wp\/v2\/types\/product"}],"wp:featuredmedia":[{"embeddable":true,"href":"https:\/\/www.cavarovellats.com\/es\/wp-json\/wp\/v2\/media\/6981"}],"wp:attachment":[{"href":"https:\/\/www.cavarovellats.com\/es\/wp-json\/wp\/v2\/media?parent=8364"}],"wp:term":[{"taxonomy":"product_brand","embeddable":true,"href":"https:\/\/www.cavarovellats.com\/es\/wp-json\/wp\/v2\/product_brand?post=8364"},{"taxonomy":"product_cat","embeddable":true,"href":"https:\/\/www.cavarovellats.com\/es\/wp-json\/wp\/v2\/product_cat?post=8364"},{"taxonomy":"product_tag","embeddable":true,"href":"https:\/\/www.cavarovellats.com\/es\/wp-json\/wp\/v2\/product_tag?post=8364"}],"curies":[{"name":"wp","href":"https:\/\/api.w.org\/{rel}","templated":true}]}}