{"id":8226,"date":"2026-03-05T14:19:35","date_gmt":"2026-03-05T13:19:35","guid":{"rendered":"https:\/\/www.cavarovellats.com\/product\/actividad-cata-a-ciegas-con-aperitivo-km0\/"},"modified":"2026-03-20T11:24:30","modified_gmt":"2026-03-20T10:24:30","slug":"actividad-cata-a-ciegas-con-aperitivo-km0","status":"publish","type":"product","link":"https:\/\/www.cavarovellats.com\/es\/producto\/actividad-cata-a-ciegas-con-aperitivo-km0\/","title":{"rendered":"Actividad cata a ciegas con aperitivo km0"},"content":{"rendered":"<div>La cata a ciegas es la ideal para conocer de cerca las diferentes partes del proceso de elaboraci\u00f3n de nuestros cavas. La visita dar\u00e1 inicio al jard\u00edn modernista, donde visitaremos dos edificios hist\u00f3ricos (la Mas\u00eda del S. XV y la capilla familiar). <\/div>\n<div><\/div>\n<div>Seguiremos con el proceso de elaboraci\u00f3n de nuestros vinos y espumosos, donde visitaremos nuestra cava radial situada 12m bajo tierra (es una cava radial \u00fanica en el mundo por su original estructura de estrella de seis puntas y una rotonda central). Para cerrar la experiencia bajo tierra, deg\u00fcelleremos en directo uno de nuestros cavas. Al subir, iniciaremos la cata a ciegas acompa\u00f1ada por un aperitivo de Km0 (mesas de embutidos y quesos).  <\/div>\n<div><\/div>\n<div>Duraci\u00f3n de la visita y degustaci\u00f3n: 2h aprox.<\/div>\n<div>Precio: 35\u20ac por persona<\/div>\n<div>Menores: 12 \u20ac (incluye 1refresco + tentempi\u00e9)<\/div>\n<div>*M\u00ednimo 2 personas adultas (o pago equivalente).<\/div>\n<div>*Si tiene alguna alergia alimentaria o restricciones diet\u00e9ticas, inf\u00f3rmenos hacer la reserva.<\/div>\n<div>*Dada la infraestructura del edificio, notificamos que puede haber barreras arquitect\u00f3nicas para las personas de movilidad reducida. Pedid informaci\u00f3n.<\/div>\n<div><\/div>\n<div>Idiomas: Catal\u00e1n, Castellano, Ingl\u00e9s y Franc\u00e9s.<\/div>\n<div>\u00bfSe anima? Visitar Caves Rovellats es apostar por un enoturismo sostenible. Estamos certificados con el sello Biosphere por nuestro compromiso con los valores y retos de la sostenibilidad.<\/div>\n","protected":false},"excerpt":{"rendered":"<p style=\"font-weight: 400;\"><strong>Visita con cata a ciegas y aperitivo de embutidos y quesos de kil\u00f3metro 0.<\/strong><\/p>\n","protected":false},"featured_media":8202,"template":"","meta":{"inline_featured_image":false,"_monsterinsights_skip_tracking":false,"_monsterinsights_sitenote_active":false,"_monsterinsights_sitenote_note":"","_monsterinsights_sitenote_category":0},"product_brand":[],"product_cat":[50],"product_tag":[],"class_list":{"0":"post-8226","1":"product","2":"type-product","3":"status-publish","4":"has-post-thumbnail","6":"product_cat-enoturismo","8":"first","9":"instock","10":"virtual","11":"sold-individually","12":"taxable","13":"purchasable","14":"product-type-booking"},"booking_location":"","booking_location_type":"","booking_duration":2,"booking_duration_unit":"hour","booking_buffer":0,"booking_cost":0,"booking_resources":[],"yoast_head":"<!-- This site is optimized with the Yoast SEO plugin v27.4 - https:\/\/yoast.com\/product\/yoast-seo-wordpress\/ -->\n<title>Actividad cata a ciegas con aperitivo km0 - Cava Rovellats<\/title>\n<meta name=\"description\" content=\"Para redondear la experiencia, ofrecemos un Brunch en nuestro jard\u00edn modernista, antes o despu\u00e9s de la visita a la bodega y la cata de 3 cavas.\" \/>\n<meta name=\"robots\" content=\"index, follow, max-snippet:-1, max-image-preview:large, max-video-preview:-1\" \/>\n<link rel=\"canonical\" href=\"https:\/\/www.cavarovellats.com\/es\/producto\/actividad-cata-a-ciegas-con-aperitivo-km0\/\" \/>\n<meta property=\"og:locale\" content=\"es_ES\" \/>\n<meta property=\"og:type\" content=\"article\" \/>\n<meta property=\"og:title\" content=\"Actividad cata a ciegas con aperitivo km0 - Cava Rovellats\" \/>\n<meta property=\"og:description\" content=\"Para redondear la experiencia, ofrecemos un Brunch en nuestro jard\u00edn modernista, antes o despu\u00e9s de la visita a la bodega y la cata de 3 cavas.\" \/>\n<meta property=\"og:url\" content=\"https:\/\/www.cavarovellats.com\/es\/producto\/actividad-cata-a-ciegas-con-aperitivo-km0\/\" \/>\n<meta property=\"og:site_name\" content=\"Cava Rovellats\" \/>\n<meta property=\"article:modified_time\" content=\"2026-03-20T10:24:30+00:00\" \/>\n<meta property=\"og:image\" content=\"https:\/\/www.cavarovellats.com\/wp-content\/uploads\/2026\/03\/ChatGPT-Image-6-mar-2026-10_56_32.png\" \/>\n\t<meta property=\"og:image:width\" content=\"1536\" \/>\n\t<meta property=\"og:image:height\" content=\"1024\" \/>\n\t<meta property=\"og:image:type\" content=\"image\/png\" \/>\n<meta name=\"twitter:card\" content=\"summary_large_image\" \/>\n<meta name=\"twitter:label1\" content=\"Tiempo de lectura\" \/>\n\t<meta name=\"twitter:data1\" content=\"1 minuto\" \/>\n<script type=\"application\/ld+json\" class=\"yoast-schema-graph\">{\"@context\":\"https:\\\/\\\/schema.org\",\"@graph\":[{\"@type\":\"WebPage\",\"@id\":\"https:\\\/\\\/www.cavarovellats.com\\\/es\\\/producto\\\/actividad-cata-a-ciegas-con-aperitivo-km0\\\/\",\"url\":\"https:\\\/\\\/www.cavarovellats.com\\\/es\\\/producto\\\/actividad-cata-a-ciegas-con-aperitivo-km0\\\/\",\"name\":\"Actividad cata a ciegas con aperitivo km0 - Cava Rovellats\",\"isPartOf\":{\"@id\":\"https:\\\/\\\/www.cavarovellats.com\\\/es\\\/#website\"},\"primaryImageOfPage\":{\"@id\":\"https:\\\/\\\/www.cavarovellats.com\\\/es\\\/producto\\\/actividad-cata-a-ciegas-con-aperitivo-km0\\\/#primaryimage\"},\"image\":{\"@id\":\"https:\\\/\\\/www.cavarovellats.com\\\/es\\\/producto\\\/actividad-cata-a-ciegas-con-aperitivo-km0\\\/#primaryimage\"},\"thumbnailUrl\":\"https:\\\/\\\/www.cavarovellats.com\\\/wp-content\\\/uploads\\\/2026\\\/03\\\/ChatGPT-Image-6-mar-2026-10_56_32.png\",\"datePublished\":\"2026-03-05T13:19:35+00:00\",\"dateModified\":\"2026-03-20T10:24:30+00:00\",\"description\":\"Para redondear la experiencia, ofrecemos un Brunch en nuestro jard\u00edn modernista, antes o despu\u00e9s de la visita a la bodega y la cata de 3 cavas.\",\"breadcrumb\":{\"@id\":\"https:\\\/\\\/www.cavarovellats.com\\\/es\\\/producto\\\/actividad-cata-a-ciegas-con-aperitivo-km0\\\/#breadcrumb\"},\"inLanguage\":\"es\",\"potentialAction\":[{\"@type\":\"ReadAction\",\"target\":[\"https:\\\/\\\/www.cavarovellats.com\\\/es\\\/producto\\\/actividad-cata-a-ciegas-con-aperitivo-km0\\\/\"]}]},{\"@type\":\"ImageObject\",\"inLanguage\":\"es\",\"@id\":\"https:\\\/\\\/www.cavarovellats.com\\\/es\\\/producto\\\/actividad-cata-a-ciegas-con-aperitivo-km0\\\/#primaryimage\",\"url\":\"https:\\\/\\\/www.cavarovellats.com\\\/wp-content\\\/uploads\\\/2026\\\/03\\\/ChatGPT-Image-6-mar-2026-10_56_32.png\",\"contentUrl\":\"https:\\\/\\\/www.cavarovellats.com\\\/wp-content\\\/uploads\\\/2026\\\/03\\\/ChatGPT-Image-6-mar-2026-10_56_32.png\",\"width\":1536,\"height\":1024},{\"@type\":\"BreadcrumbList\",\"@id\":\"https:\\\/\\\/www.cavarovellats.com\\\/es\\\/producto\\\/actividad-cata-a-ciegas-con-aperitivo-km0\\\/#breadcrumb\",\"itemListElement\":[{\"@type\":\"ListItem\",\"position\":1,\"name\":\"Inici\",\"item\":\"https:\\\/\\\/www.cavarovellats.com\\\/es\\\/\"},{\"@type\":\"ListItem\",\"position\":2,\"name\":\"Cavas y Vinos\",\"item\":\"https:\\\/\\\/www.cavarovellats.com\\\/es\\\/tienda\\\/\"},{\"@type\":\"ListItem\",\"position\":3,\"name\":\"Actividad cata a ciegas con aperitivo km0\"}]},{\"@type\":\"WebSite\",\"@id\":\"https:\\\/\\\/www.cavarovellats.com\\\/es\\\/#website\",\"url\":\"https:\\\/\\\/www.cavarovellats.com\\\/es\\\/\",\"name\":\"Cava Rovellats\",\"description\":\"La terra, les persones, el cava\",\"potentialAction\":[{\"@type\":\"SearchAction\",\"target\":{\"@type\":\"EntryPoint\",\"urlTemplate\":\"https:\\\/\\\/www.cavarovellats.com\\\/es\\\/?s={search_term_string}\"},\"query-input\":{\"@type\":\"PropertyValueSpecification\",\"valueRequired\":true,\"valueName\":\"search_term_string\"}}],\"inLanguage\":\"es\"}]}<\/script>\n<!-- \/ Yoast SEO plugin. -->","yoast_head_json":{"title":"Actividad cata a ciegas con aperitivo km0 - Cava Rovellats","description":"Para redondear la experiencia, ofrecemos un Brunch en nuestro jard\u00edn modernista, antes o despu\u00e9s de la visita a la bodega y la cata de 3 cavas.","robots":{"index":"index","follow":"follow","max-snippet":"max-snippet:-1","max-image-preview":"max-image-preview:large","max-video-preview":"max-video-preview:-1"},"canonical":"https:\/\/www.cavarovellats.com\/es\/producto\/actividad-cata-a-ciegas-con-aperitivo-km0\/","og_locale":"es_ES","og_type":"article","og_title":"Actividad cata a ciegas con aperitivo km0 - Cava Rovellats","og_description":"Para redondear la experiencia, ofrecemos un Brunch en nuestro jard\u00edn modernista, antes o despu\u00e9s de la visita a la bodega y la cata de 3 cavas.","og_url":"https:\/\/www.cavarovellats.com\/es\/producto\/actividad-cata-a-ciegas-con-aperitivo-km0\/","og_site_name":"Cava Rovellats","article_modified_time":"2026-03-20T10:24:30+00:00","og_image":[{"width":1536,"height":1024,"url":"https:\/\/www.cavarovellats.com\/wp-content\/uploads\/2026\/03\/ChatGPT-Image-6-mar-2026-10_56_32.png","type":"image\/png"}],"twitter_card":"summary_large_image","twitter_misc":{"Tiempo de lectura":"1 minuto"},"schema":{"@context":"https:\/\/schema.org","@graph":[{"@type":"WebPage","@id":"https:\/\/www.cavarovellats.com\/es\/producto\/actividad-cata-a-ciegas-con-aperitivo-km0\/","url":"https:\/\/www.cavarovellats.com\/es\/producto\/actividad-cata-a-ciegas-con-aperitivo-km0\/","name":"Actividad cata a ciegas con aperitivo km0 - Cava Rovellats","isPartOf":{"@id":"https:\/\/www.cavarovellats.com\/es\/#website"},"primaryImageOfPage":{"@id":"https:\/\/www.cavarovellats.com\/es\/producto\/actividad-cata-a-ciegas-con-aperitivo-km0\/#primaryimage"},"image":{"@id":"https:\/\/www.cavarovellats.com\/es\/producto\/actividad-cata-a-ciegas-con-aperitivo-km0\/#primaryimage"},"thumbnailUrl":"https:\/\/www.cavarovellats.com\/wp-content\/uploads\/2026\/03\/ChatGPT-Image-6-mar-2026-10_56_32.png","datePublished":"2026-03-05T13:19:35+00:00","dateModified":"2026-03-20T10:24:30+00:00","description":"Para redondear la experiencia, ofrecemos un Brunch en nuestro jard\u00edn modernista, antes o despu\u00e9s de la visita a la bodega y la cata de 3 cavas.","breadcrumb":{"@id":"https:\/\/www.cavarovellats.com\/es\/producto\/actividad-cata-a-ciegas-con-aperitivo-km0\/#breadcrumb"},"inLanguage":"es","potentialAction":[{"@type":"ReadAction","target":["https:\/\/www.cavarovellats.com\/es\/producto\/actividad-cata-a-ciegas-con-aperitivo-km0\/"]}]},{"@type":"ImageObject","inLanguage":"es","@id":"https:\/\/www.cavarovellats.com\/es\/producto\/actividad-cata-a-ciegas-con-aperitivo-km0\/#primaryimage","url":"https:\/\/www.cavarovellats.com\/wp-content\/uploads\/2026\/03\/ChatGPT-Image-6-mar-2026-10_56_32.png","contentUrl":"https:\/\/www.cavarovellats.com\/wp-content\/uploads\/2026\/03\/ChatGPT-Image-6-mar-2026-10_56_32.png","width":1536,"height":1024},{"@type":"BreadcrumbList","@id":"https:\/\/www.cavarovellats.com\/es\/producto\/actividad-cata-a-ciegas-con-aperitivo-km0\/#breadcrumb","itemListElement":[{"@type":"ListItem","position":1,"name":"Inici","item":"https:\/\/www.cavarovellats.com\/es\/"},{"@type":"ListItem","position":2,"name":"Cavas y Vinos","item":"https:\/\/www.cavarovellats.com\/es\/tienda\/"},{"@type":"ListItem","position":3,"name":"Actividad cata a ciegas con aperitivo km0"}]},{"@type":"WebSite","@id":"https:\/\/www.cavarovellats.com\/es\/#website","url":"https:\/\/www.cavarovellats.com\/es\/","name":"Cava Rovellats","description":"La terra, les persones, el cava","potentialAction":[{"@type":"SearchAction","target":{"@type":"EntryPoint","urlTemplate":"https:\/\/www.cavarovellats.com\/es\/?s={search_term_string}"},"query-input":{"@type":"PropertyValueSpecification","valueRequired":true,"valueName":"search_term_string"}}],"inLanguage":"es"}]}},"_links":{"self":[{"href":"https:\/\/www.cavarovellats.com\/es\/wp-json\/wp\/v2\/product\/8226","targetHints":{"allow":["GET"]}}],"collection":[{"href":"https:\/\/www.cavarovellats.com\/es\/wp-json\/wp\/v2\/product"}],"about":[{"href":"https:\/\/www.cavarovellats.com\/es\/wp-json\/wp\/v2\/types\/product"}],"wp:featuredmedia":[{"embeddable":true,"href":"https:\/\/www.cavarovellats.com\/es\/wp-json\/wp\/v2\/media\/8202"}],"wp:attachment":[{"href":"https:\/\/www.cavarovellats.com\/es\/wp-json\/wp\/v2\/media?parent=8226"}],"wp:term":[{"taxonomy":"product_brand","embeddable":true,"href":"https:\/\/www.cavarovellats.com\/es\/wp-json\/wp\/v2\/product_brand?post=8226"},{"taxonomy":"product_cat","embeddable":true,"href":"https:\/\/www.cavarovellats.com\/es\/wp-json\/wp\/v2\/product_cat?post=8226"},{"taxonomy":"product_tag","embeddable":true,"href":"https:\/\/www.cavarovellats.com\/es\/wp-json\/wp\/v2\/product_tag?post=8226"}],"curies":[{"name":"wp","href":"https:\/\/api.w.org\/{rel}","templated":true}]}}