{"id":6242,"date":"2025-06-16T18:13:20","date_gmt":"2025-06-16T16:13:20","guid":{"rendered":"https:\/\/www.cavarovellats.com\/product\/desayuno-entre-vinedos-visita-y-cata-cheque\/"},"modified":"2025-09-10T12:47:45","modified_gmt":"2025-09-10T10:47:45","slug":"desayuno-entre-vinedos-visita-y-cata-cheque","status":"publish","type":"product","link":"https:\/\/www.cavarovellats.com\/es\/producto\/desayuno-entre-vinedos-visita-y-cata-cheque\/","title":{"rendered":"Desayuno entre vi\u00f1edos, visita y cata &#8211; cheque"},"content":{"rendered":"<div id=\"text-3931193252\" class=\"text\">\n<p><strong>Para empezar bien el d\u00eda, ofrecemos un desayuno de pay\u00e9s en el coraz\u00f3n del Pened\u00e8s, rodeado de nuestros vi\u00f1edos y seguido de la visita a la bodega + cata de 3 cavas.<\/strong><\/p>\n<p>Disfruta de un fant\u00e1stico desayuno con tabla de quesos y embutidos tradicionales, pan con aceite y tomate, fruta de temporada y un postre dulce para terminar, maridados con nuestros vinos y\/o cavas. Despu\u00e9s del desayuno, dar\u00e1 inicio la visita y finalizaremos probando 3 cavas de larga crianza. <\/p>\n<p>No hay nada mejor que empezar un maravilloso d\u00eda con ROVELLATS.<\/p>\n<p><strong>Duraci\u00f3n del desayuno, visita y degustaci\u00f3n<\/strong> : 3h aprox.<br \/>\n<strong>Precio:<\/strong> 60\u20ac por persona.<br \/>\n<strong>Menores<\/strong> : 19\u20ac, incluye el desayuno con 1 refresco, agua y la visita guiada.<br \/>\n<strong>*M\u00ednimo 2 personas adultas.<\/strong><\/p>\n<p>*Si teneis alguna alergia alimentaria o restricciones diet\u00e9ticas, informadnos al hacer la reserva.<\/p>\n<p>*Dada la infraestructura del edificio, notificamos que <strong>puede haber barreras arquitect\u00f3nicas<\/strong> para las personas de movilidad reducida. Pedid informaci\u00f3n.<\/p>\n<p><strong>Idiomas:<\/strong> Catal\u00e1n, Castellano, Ingl\u00e9s y Franc\u00e9s.<\/p>\n<p><em>\u00bfOs animais? Visitar Caves Rovellats es apostar por un enoturismo responsable y sostenible. Estamos certificados con el sello Biosphere.  <\/em><\/p>\n<\/div>\n","protected":false},"excerpt":{"rendered":"<p><strong>Desayuno entre vi\u00f1edos, visita, cata de 3 cavas.<\/strong><\/p>\n","protected":false},"featured_media":6731,"template":"","meta":{"inline_featured_image":false,"_monsterinsights_skip_tracking":false,"_monsterinsights_sitenote_active":false,"_monsterinsights_sitenote_note":"","_monsterinsights_sitenote_category":0},"product_brand":[],"product_cat":[50],"product_tag":[],"class_list":{"0":"post-6242","1":"product","2":"type-product","3":"status-publish","4":"has-post-thumbnail","6":"product_cat-enoturismo","7":"pa_edat-adultos","8":"pa_edat-menores-de-edad","10":"first","11":"instock","12":"taxable","13":"shipping-taxable","14":"purchasable","15":"product-type-variable"},"booking_location":null,"booking_location_type":null,"booking_duration":null,"booking_duration_unit":null,"booking_buffer":null,"booking_cost":null,"booking_resources":null,"yoast_head":"<!-- This site is optimized with the Yoast SEO plugin v27.4 - https:\/\/yoast.com\/product\/yoast-seo-wordpress\/ -->\n<title>Desayuno entre vi\u00f1edos, visita y cata - cheque - Cava Rovellats<\/title>\n<meta name=\"description\" content=\"Para empezar bien el d\u00eda, ofrecemos un desayuno de pay\u00e9s en el coraz\u00f3n del Pened\u00e8s, rodeado de nuestros vi\u00f1edos y seguido de la visita a la bodega + cata de 3 cavas.\" \/>\n<meta name=\"robots\" content=\"index, follow, max-snippet:-1, max-image-preview:large, max-video-preview:-1\" \/>\n<link rel=\"canonical\" href=\"https:\/\/www.cavarovellats.com\/es\/producto\/desayuno-entre-vinedos-visita-y-cata-cheque\/\" \/>\n<meta property=\"og:locale\" content=\"es_ES\" \/>\n<meta property=\"og:type\" content=\"article\" \/>\n<meta property=\"og:title\" content=\"Desayuno entre vi\u00f1edos, visita y cata - cheque - Cava Rovellats\" \/>\n<meta property=\"og:description\" content=\"Para empezar bien el d\u00eda, ofrecemos un desayuno de pay\u00e9s en el coraz\u00f3n del Pened\u00e8s, rodeado de nuestros vi\u00f1edos y seguido de la visita a la bodega + cata de 3 cavas.\" \/>\n<meta property=\"og:url\" content=\"https:\/\/www.cavarovellats.com\/es\/producto\/desayuno-entre-vinedos-visita-y-cata-cheque\/\" \/>\n<meta property=\"og:site_name\" content=\"Cava Rovellats\" \/>\n<meta property=\"article:modified_time\" content=\"2025-09-10T10:47:45+00:00\" \/>\n<meta property=\"og:image\" content=\"https:\/\/www.cavarovellats.com\/wp-content\/uploads\/2025\/06\/WEB_Rovellats_Enoturisme-2025__2GM1708-1.jpg\" \/>\n\t<meta property=\"og:image:width\" content=\"1200\" \/>\n\t<meta property=\"og:image:height\" content=\"800\" \/>\n\t<meta property=\"og:image:type\" content=\"image\/jpeg\" \/>\n<meta name=\"twitter:card\" content=\"summary_large_image\" \/>\n<meta name=\"twitter:label1\" content=\"Tiempo de lectura\" \/>\n\t<meta name=\"twitter:data1\" content=\"1 minuto\" \/>\n<script type=\"application\/ld+json\" class=\"yoast-schema-graph\">{\"@context\":\"https:\\\/\\\/schema.org\",\"@graph\":[{\"@type\":\"WebPage\",\"@id\":\"https:\\\/\\\/www.cavarovellats.com\\\/es\\\/producto\\\/desayuno-entre-vinedos-visita-y-cata-cheque\\\/\",\"url\":\"https:\\\/\\\/www.cavarovellats.com\\\/es\\\/producto\\\/desayuno-entre-vinedos-visita-y-cata-cheque\\\/\",\"name\":\"Desayuno entre vi\u00f1edos, visita y cata - cheque - Cava Rovellats\",\"isPartOf\":{\"@id\":\"https:\\\/\\\/www.cavarovellats.com\\\/es\\\/#website\"},\"primaryImageOfPage\":{\"@id\":\"https:\\\/\\\/www.cavarovellats.com\\\/es\\\/producto\\\/desayuno-entre-vinedos-visita-y-cata-cheque\\\/#primaryimage\"},\"image\":{\"@id\":\"https:\\\/\\\/www.cavarovellats.com\\\/es\\\/producto\\\/desayuno-entre-vinedos-visita-y-cata-cheque\\\/#primaryimage\"},\"thumbnailUrl\":\"https:\\\/\\\/www.cavarovellats.com\\\/wp-content\\\/uploads\\\/2025\\\/06\\\/WEB_Rovellats_Enoturisme-2025__2GM1708-1.jpg\",\"datePublished\":\"2025-06-16T16:13:20+00:00\",\"dateModified\":\"2025-09-10T10:47:45+00:00\",\"description\":\"Para empezar bien el d\u00eda, ofrecemos un desayuno de pay\u00e9s en el coraz\u00f3n del Pened\u00e8s, rodeado de nuestros vi\u00f1edos y seguido de la visita a la bodega + cata de 3 cavas.\",\"breadcrumb\":{\"@id\":\"https:\\\/\\\/www.cavarovellats.com\\\/es\\\/producto\\\/desayuno-entre-vinedos-visita-y-cata-cheque\\\/#breadcrumb\"},\"inLanguage\":\"es\",\"potentialAction\":[{\"@type\":\"ReadAction\",\"target\":[\"https:\\\/\\\/www.cavarovellats.com\\\/es\\\/producto\\\/desayuno-entre-vinedos-visita-y-cata-cheque\\\/\"]}]},{\"@type\":\"ImageObject\",\"inLanguage\":\"es\",\"@id\":\"https:\\\/\\\/www.cavarovellats.com\\\/es\\\/producto\\\/desayuno-entre-vinedos-visita-y-cata-cheque\\\/#primaryimage\",\"url\":\"https:\\\/\\\/www.cavarovellats.com\\\/wp-content\\\/uploads\\\/2025\\\/06\\\/WEB_Rovellats_Enoturisme-2025__2GM1708-1.jpg\",\"contentUrl\":\"https:\\\/\\\/www.cavarovellats.com\\\/wp-content\\\/uploads\\\/2025\\\/06\\\/WEB_Rovellats_Enoturisme-2025__2GM1708-1.jpg\",\"width\":1200,\"height\":800},{\"@type\":\"BreadcrumbList\",\"@id\":\"https:\\\/\\\/www.cavarovellats.com\\\/es\\\/producto\\\/desayuno-entre-vinedos-visita-y-cata-cheque\\\/#breadcrumb\",\"itemListElement\":[{\"@type\":\"ListItem\",\"position\":1,\"name\":\"Inici\",\"item\":\"https:\\\/\\\/www.cavarovellats.com\\\/es\\\/\"},{\"@type\":\"ListItem\",\"position\":2,\"name\":\"Cavas y Vinos\",\"item\":\"https:\\\/\\\/www.cavarovellats.com\\\/es\\\/tienda\\\/\"},{\"@type\":\"ListItem\",\"position\":3,\"name\":\"Desayuno entre vi\u00f1edos, visita y cata &#8211; cheque\"}]},{\"@type\":\"WebSite\",\"@id\":\"https:\\\/\\\/www.cavarovellats.com\\\/es\\\/#website\",\"url\":\"https:\\\/\\\/www.cavarovellats.com\\\/es\\\/\",\"name\":\"Cava Rovellats\",\"description\":\"La terra, les persones, el cava\",\"potentialAction\":[{\"@type\":\"SearchAction\",\"target\":{\"@type\":\"EntryPoint\",\"urlTemplate\":\"https:\\\/\\\/www.cavarovellats.com\\\/es\\\/?s={search_term_string}\"},\"query-input\":{\"@type\":\"PropertyValueSpecification\",\"valueRequired\":true,\"valueName\":\"search_term_string\"}}],\"inLanguage\":\"es\"}]}<\/script>\n<!-- \/ Yoast SEO plugin. -->","yoast_head_json":{"title":"Desayuno entre vi\u00f1edos, visita y cata - cheque - Cava Rovellats","description":"Para empezar bien el d\u00eda, ofrecemos un desayuno de pay\u00e9s en el coraz\u00f3n del Pened\u00e8s, rodeado de nuestros vi\u00f1edos y seguido de la visita a la bodega + cata de 3 cavas.","robots":{"index":"index","follow":"follow","max-snippet":"max-snippet:-1","max-image-preview":"max-image-preview:large","max-video-preview":"max-video-preview:-1"},"canonical":"https:\/\/www.cavarovellats.com\/es\/producto\/desayuno-entre-vinedos-visita-y-cata-cheque\/","og_locale":"es_ES","og_type":"article","og_title":"Desayuno entre vi\u00f1edos, visita y cata - cheque - Cava Rovellats","og_description":"Para empezar bien el d\u00eda, ofrecemos un desayuno de pay\u00e9s en el coraz\u00f3n del Pened\u00e8s, rodeado de nuestros vi\u00f1edos y seguido de la visita a la bodega + cata de 3 cavas.","og_url":"https:\/\/www.cavarovellats.com\/es\/producto\/desayuno-entre-vinedos-visita-y-cata-cheque\/","og_site_name":"Cava Rovellats","article_modified_time":"2025-09-10T10:47:45+00:00","og_image":[{"width":1200,"height":800,"url":"https:\/\/www.cavarovellats.com\/wp-content\/uploads\/2025\/06\/WEB_Rovellats_Enoturisme-2025__2GM1708-1.jpg","type":"image\/jpeg"}],"twitter_card":"summary_large_image","twitter_misc":{"Tiempo de lectura":"1 minuto"},"schema":{"@context":"https:\/\/schema.org","@graph":[{"@type":"WebPage","@id":"https:\/\/www.cavarovellats.com\/es\/producto\/desayuno-entre-vinedos-visita-y-cata-cheque\/","url":"https:\/\/www.cavarovellats.com\/es\/producto\/desayuno-entre-vinedos-visita-y-cata-cheque\/","name":"Desayuno entre vi\u00f1edos, visita y cata - cheque - Cava Rovellats","isPartOf":{"@id":"https:\/\/www.cavarovellats.com\/es\/#website"},"primaryImageOfPage":{"@id":"https:\/\/www.cavarovellats.com\/es\/producto\/desayuno-entre-vinedos-visita-y-cata-cheque\/#primaryimage"},"image":{"@id":"https:\/\/www.cavarovellats.com\/es\/producto\/desayuno-entre-vinedos-visita-y-cata-cheque\/#primaryimage"},"thumbnailUrl":"https:\/\/www.cavarovellats.com\/wp-content\/uploads\/2025\/06\/WEB_Rovellats_Enoturisme-2025__2GM1708-1.jpg","datePublished":"2025-06-16T16:13:20+00:00","dateModified":"2025-09-10T10:47:45+00:00","description":"Para empezar bien el d\u00eda, ofrecemos un desayuno de pay\u00e9s en el coraz\u00f3n del Pened\u00e8s, rodeado de nuestros vi\u00f1edos y seguido de la visita a la bodega + cata de 3 cavas.","breadcrumb":{"@id":"https:\/\/www.cavarovellats.com\/es\/producto\/desayuno-entre-vinedos-visita-y-cata-cheque\/#breadcrumb"},"inLanguage":"es","potentialAction":[{"@type":"ReadAction","target":["https:\/\/www.cavarovellats.com\/es\/producto\/desayuno-entre-vinedos-visita-y-cata-cheque\/"]}]},{"@type":"ImageObject","inLanguage":"es","@id":"https:\/\/www.cavarovellats.com\/es\/producto\/desayuno-entre-vinedos-visita-y-cata-cheque\/#primaryimage","url":"https:\/\/www.cavarovellats.com\/wp-content\/uploads\/2025\/06\/WEB_Rovellats_Enoturisme-2025__2GM1708-1.jpg","contentUrl":"https:\/\/www.cavarovellats.com\/wp-content\/uploads\/2025\/06\/WEB_Rovellats_Enoturisme-2025__2GM1708-1.jpg","width":1200,"height":800},{"@type":"BreadcrumbList","@id":"https:\/\/www.cavarovellats.com\/es\/producto\/desayuno-entre-vinedos-visita-y-cata-cheque\/#breadcrumb","itemListElement":[{"@type":"ListItem","position":1,"name":"Inici","item":"https:\/\/www.cavarovellats.com\/es\/"},{"@type":"ListItem","position":2,"name":"Cavas y Vinos","item":"https:\/\/www.cavarovellats.com\/es\/tienda\/"},{"@type":"ListItem","position":3,"name":"Desayuno entre vi\u00f1edos, visita y cata &#8211; cheque"}]},{"@type":"WebSite","@id":"https:\/\/www.cavarovellats.com\/es\/#website","url":"https:\/\/www.cavarovellats.com\/es\/","name":"Cava Rovellats","description":"La terra, les persones, el cava","potentialAction":[{"@type":"SearchAction","target":{"@type":"EntryPoint","urlTemplate":"https:\/\/www.cavarovellats.com\/es\/?s={search_term_string}"},"query-input":{"@type":"PropertyValueSpecification","valueRequired":true,"valueName":"search_term_string"}}],"inLanguage":"es"}]}},"_links":{"self":[{"href":"https:\/\/www.cavarovellats.com\/es\/wp-json\/wp\/v2\/product\/6242","targetHints":{"allow":["GET"]}}],"collection":[{"href":"https:\/\/www.cavarovellats.com\/es\/wp-json\/wp\/v2\/product"}],"about":[{"href":"https:\/\/www.cavarovellats.com\/es\/wp-json\/wp\/v2\/types\/product"}],"wp:featuredmedia":[{"embeddable":true,"href":"https:\/\/www.cavarovellats.com\/es\/wp-json\/wp\/v2\/media\/6731"}],"wp:attachment":[{"href":"https:\/\/www.cavarovellats.com\/es\/wp-json\/wp\/v2\/media?parent=6242"}],"wp:term":[{"taxonomy":"product_brand","embeddable":true,"href":"https:\/\/www.cavarovellats.com\/es\/wp-json\/wp\/v2\/product_brand?post=6242"},{"taxonomy":"product_cat","embeddable":true,"href":"https:\/\/www.cavarovellats.com\/es\/wp-json\/wp\/v2\/product_cat?post=6242"},{"taxonomy":"product_tag","embeddable":true,"href":"https:\/\/www.cavarovellats.com\/es\/wp-json\/wp\/v2\/product_tag?post=6242"}],"curies":[{"name":"wp","href":"https:\/\/api.w.org\/{rel}","templated":true}]}}