{"id":5890,"date":"2025-05-17T09:00:24","date_gmt":"2025-05-17T07:00:24","guid":{"rendered":"https:\/\/www.cavarovellats.com\/product\/visita-premium\/"},"modified":"2026-03-05T12:56:36","modified_gmt":"2026-03-05T11:56:36","slug":"visita-premium2","status":"publish","type":"product","link":"https:\/\/www.cavarovellats.com\/es\/producto\/visita-premium2\/","title":{"rendered":"Visita Premium"},"content":{"rendered":"<div id=\"text-3702724846\" class=\"text\">\n<p><strong>Visita y degusta Rovellats con nuestros cavas m\u00e1s emblem\u00e1ticos con un maridaje de 4 quesos artesanos.<\/strong><\/p>\n<p>La visita dar\u00e1 inicio a nuestro vi\u00f1edo, justo delante de nuestra bodega tenemos las m\u00e1s de <strong>50ha<\/strong> y explicaremos c\u00f3mo las trabajamos en Rovellats.<br \/>\nSeguiremos con la parte hist\u00f3rica, visitaremos una <strong>Mas\u00eda del S. XV y una capilla familiar.<\/strong><br \/>\nSeguidamente, continuaremos con la explicaci\u00f3n de c\u00f3mo se elaboran los vinos y cavas en casa, y bajaremos a nuestra cava radial situada 12m bajo tierra (es una cava radial \u00fanica en el mundo por su original estructura de estrella de seis puntas y una rotonda central)<\/p>\n<p>Despu\u00e9s de explicar el proceso de elaboraci\u00f3n del cava, haremos un <strong>DEGUELLE ARTESANAL<\/strong> de un cava Gran Reserva con m\u00e1s de 36 meses de crianza y lo probaremos.<\/p>\n<p>Tras el deg\u00fcelle, hay un peque\u00f1o v\u00eddeo que resume la esencia de Rovellats.<\/p>\n<p><strong>\u00bfTe gustan los cavas y los quesos?<br \/>\n<\/strong>Realizaremos el maridaje de 4 cavas Gran Reserva con 4 quesos artesanos de Km0.<\/p>\n<p><strong>Duraci\u00f3n de la visita, deg\u00fcelle y degustaci\u00f3n<\/strong> : 2,5h aprox.<br \/>\n<strong>Precio:<\/strong> 46\u20ac por persona *Grupos de m\u00ednimo 2 personas adultas (o pago equivalente).<br \/>\n<strong>Menores<\/strong> : 13\u20ac (incluye 1 refresco y degustaci\u00f3n de 4 quesos)<br \/>\n<strong>*M\u00ednimo 2 personas adultas (o pago equivalente).<\/strong><\/p>\n<p>*Si teneis alguna alergia alimentaria o restricciones diet\u00e9ticas, informadnos al hacer la reserva.<\/p>\n<p><strong>Opci\u00f3n de realizar la visita PRIVADA con un suplemento de 19\u20ac\/persona.<br \/>\n<\/strong><\/p>\n<p>*Dada la infraestructura del edificio, notificamos que <strong>puede haber barreras arquitect\u00f3nicas<\/strong> para las personas de movilidad reducida. Pedid informaci\u00f3n.<\/p>\n<p><strong>Idiomas:<\/strong> Catal\u00e1n, Castellano, Ingl\u00e9s<\/p>\n<p>\u00bfSe anima? Visitar Caves Rovellats es apostar por un enoturismo sostenible. Estamos certificados con el sello Biosphere por nuestro compromiso con los valores y retos de la sostenibilidad.<\/p>\n<\/div>\n","protected":false},"excerpt":{"rendered":"<p><strong>Visita, deg\u00fcelle y cata de 4 cavas Gran Reserva.<\/strong><\/p>\n<p>&nbsp;<\/p>\n","protected":false},"featured_media":6692,"template":"","meta":{"inline_featured_image":false,"_monsterinsights_skip_tracking":false,"_monsterinsights_sitenote_active":false,"_monsterinsights_sitenote_note":"","_monsterinsights_sitenote_category":0},"product_brand":[],"product_cat":[50],"product_tag":[],"class_list":{"0":"post-5890","1":"product","2":"type-product","3":"status-publish","4":"has-post-thumbnail","6":"product_cat-enoturismo","8":"first","9":"instock","10":"virtual","11":"sold-individually","12":"taxable","13":"purchasable","14":"product-type-booking"},"booking_location":"","booking_location_type":"","booking_duration":2,"booking_duration_unit":"hour","booking_buffer":0,"booking_cost":0,"booking_resources":[],"yoast_head":"<!-- This site is optimized with the Yoast SEO plugin v27.5 - https:\/\/yoast.com\/product\/yoast-seo-wordpress\/ -->\n<title>Visita Premium - Cava Rovellats<\/title>\n<meta name=\"description\" content=\"Visita y degusta Rovellats con nuestros cavas m\u00e1s emblem\u00e1ticos con un maridaje de 4 quesos artesanos.\" \/>\n<meta name=\"robots\" content=\"index, follow, max-snippet:-1, max-image-preview:large, max-video-preview:-1\" \/>\n<link rel=\"canonical\" href=\"https:\/\/www.cavarovellats.com\/es\/producto\/visita-premium2\/\" \/>\n<meta property=\"og:locale\" content=\"es_ES\" \/>\n<meta property=\"og:type\" content=\"article\" \/>\n<meta property=\"og:title\" content=\"Visita Premium - Cava Rovellats\" \/>\n<meta property=\"og:description\" content=\"Visita y degusta Rovellats con nuestros cavas m\u00e1s emblem\u00e1ticos con un maridaje de 4 quesos artesanos.\" \/>\n<meta property=\"og:url\" content=\"https:\/\/www.cavarovellats.com\/es\/producto\/visita-premium2\/\" \/>\n<meta property=\"og:site_name\" content=\"Cava Rovellats\" \/>\n<meta property=\"article:modified_time\" content=\"2026-03-05T11:56:36+00:00\" \/>\n<meta property=\"og:image\" content=\"https:\/\/www.cavarovellats.com\/wp-content\/uploads\/2025\/06\/WEB_Rovellats_Enoturisme-2025__2GM1356-1.jpg\" \/>\n\t<meta property=\"og:image:width\" content=\"1200\" \/>\n\t<meta property=\"og:image:height\" content=\"800\" \/>\n\t<meta property=\"og:image:type\" content=\"image\/jpeg\" \/>\n<meta name=\"twitter:card\" content=\"summary_large_image\" \/>\n<meta name=\"twitter:label1\" content=\"Tiempo de lectura\" \/>\n\t<meta name=\"twitter:data1\" content=\"1 minuto\" \/>\n<script type=\"application\/ld+json\" class=\"yoast-schema-graph\">{\"@context\":\"https:\\\/\\\/schema.org\",\"@graph\":[{\"@type\":\"WebPage\",\"@id\":\"https:\\\/\\\/www.cavarovellats.com\\\/es\\\/producto\\\/visita-premium2\\\/\",\"url\":\"https:\\\/\\\/www.cavarovellats.com\\\/es\\\/producto\\\/visita-premium2\\\/\",\"name\":\"Visita Premium - Cava Rovellats\",\"isPartOf\":{\"@id\":\"https:\\\/\\\/www.cavarovellats.com\\\/es\\\/#website\"},\"primaryImageOfPage\":{\"@id\":\"https:\\\/\\\/www.cavarovellats.com\\\/es\\\/producto\\\/visita-premium2\\\/#primaryimage\"},\"image\":{\"@id\":\"https:\\\/\\\/www.cavarovellats.com\\\/es\\\/producto\\\/visita-premium2\\\/#primaryimage\"},\"thumbnailUrl\":\"https:\\\/\\\/www.cavarovellats.com\\\/wp-content\\\/uploads\\\/2025\\\/06\\\/WEB_Rovellats_Enoturisme-2025__2GM1356-1.jpg\",\"datePublished\":\"2025-05-17T07:00:24+00:00\",\"dateModified\":\"2026-03-05T11:56:36+00:00\",\"description\":\"Visita y degusta Rovellats con nuestros cavas m\u00e1s emblem\u00e1ticos con un maridaje de 4 quesos artesanos.\",\"breadcrumb\":{\"@id\":\"https:\\\/\\\/www.cavarovellats.com\\\/es\\\/producto\\\/visita-premium2\\\/#breadcrumb\"},\"inLanguage\":\"es\",\"potentialAction\":[{\"@type\":\"ReadAction\",\"target\":[\"https:\\\/\\\/www.cavarovellats.com\\\/es\\\/producto\\\/visita-premium2\\\/\"]}]},{\"@type\":\"ImageObject\",\"inLanguage\":\"es\",\"@id\":\"https:\\\/\\\/www.cavarovellats.com\\\/es\\\/producto\\\/visita-premium2\\\/#primaryimage\",\"url\":\"https:\\\/\\\/www.cavarovellats.com\\\/wp-content\\\/uploads\\\/2025\\\/06\\\/WEB_Rovellats_Enoturisme-2025__2GM1356-1.jpg\",\"contentUrl\":\"https:\\\/\\\/www.cavarovellats.com\\\/wp-content\\\/uploads\\\/2025\\\/06\\\/WEB_Rovellats_Enoturisme-2025__2GM1356-1.jpg\",\"width\":1200,\"height\":800,\"caption\":\"VISITA PREMIUM\"},{\"@type\":\"BreadcrumbList\",\"@id\":\"https:\\\/\\\/www.cavarovellats.com\\\/es\\\/producto\\\/visita-premium2\\\/#breadcrumb\",\"itemListElement\":[{\"@type\":\"ListItem\",\"position\":1,\"name\":\"Inici\",\"item\":\"https:\\\/\\\/www.cavarovellats.com\\\/es\\\/\"},{\"@type\":\"ListItem\",\"position\":2,\"name\":\"Cavas y Vinos\",\"item\":\"https:\\\/\\\/www.cavarovellats.com\\\/es\\\/tienda\\\/\"},{\"@type\":\"ListItem\",\"position\":3,\"name\":\"Visita Premium\"}]},{\"@type\":\"WebSite\",\"@id\":\"https:\\\/\\\/www.cavarovellats.com\\\/es\\\/#website\",\"url\":\"https:\\\/\\\/www.cavarovellats.com\\\/es\\\/\",\"name\":\"Cava Rovellats\",\"description\":\"La terra, les persones, el cava\",\"potentialAction\":[{\"@type\":\"SearchAction\",\"target\":{\"@type\":\"EntryPoint\",\"urlTemplate\":\"https:\\\/\\\/www.cavarovellats.com\\\/es\\\/?s={search_term_string}\"},\"query-input\":{\"@type\":\"PropertyValueSpecification\",\"valueRequired\":true,\"valueName\":\"search_term_string\"}}],\"inLanguage\":\"es\"}]}<\/script>\n<!-- \/ Yoast SEO plugin. -->","yoast_head_json":{"title":"Visita Premium - Cava Rovellats","description":"Visita y degusta Rovellats con nuestros cavas m\u00e1s emblem\u00e1ticos con un maridaje de 4 quesos artesanos.","robots":{"index":"index","follow":"follow","max-snippet":"max-snippet:-1","max-image-preview":"max-image-preview:large","max-video-preview":"max-video-preview:-1"},"canonical":"https:\/\/www.cavarovellats.com\/es\/producto\/visita-premium2\/","og_locale":"es_ES","og_type":"article","og_title":"Visita Premium - Cava Rovellats","og_description":"Visita y degusta Rovellats con nuestros cavas m\u00e1s emblem\u00e1ticos con un maridaje de 4 quesos artesanos.","og_url":"https:\/\/www.cavarovellats.com\/es\/producto\/visita-premium2\/","og_site_name":"Cava Rovellats","article_modified_time":"2026-03-05T11:56:36+00:00","og_image":[{"width":1200,"height":800,"url":"https:\/\/www.cavarovellats.com\/wp-content\/uploads\/2025\/06\/WEB_Rovellats_Enoturisme-2025__2GM1356-1.jpg","type":"image\/jpeg"}],"twitter_card":"summary_large_image","twitter_misc":{"Tiempo de lectura":"1 minuto"},"schema":{"@context":"https:\/\/schema.org","@graph":[{"@type":"WebPage","@id":"https:\/\/www.cavarovellats.com\/es\/producto\/visita-premium2\/","url":"https:\/\/www.cavarovellats.com\/es\/producto\/visita-premium2\/","name":"Visita Premium - Cava Rovellats","isPartOf":{"@id":"https:\/\/www.cavarovellats.com\/es\/#website"},"primaryImageOfPage":{"@id":"https:\/\/www.cavarovellats.com\/es\/producto\/visita-premium2\/#primaryimage"},"image":{"@id":"https:\/\/www.cavarovellats.com\/es\/producto\/visita-premium2\/#primaryimage"},"thumbnailUrl":"https:\/\/www.cavarovellats.com\/wp-content\/uploads\/2025\/06\/WEB_Rovellats_Enoturisme-2025__2GM1356-1.jpg","datePublished":"2025-05-17T07:00:24+00:00","dateModified":"2026-03-05T11:56:36+00:00","description":"Visita y degusta Rovellats con nuestros cavas m\u00e1s emblem\u00e1ticos con un maridaje de 4 quesos artesanos.","breadcrumb":{"@id":"https:\/\/www.cavarovellats.com\/es\/producto\/visita-premium2\/#breadcrumb"},"inLanguage":"es","potentialAction":[{"@type":"ReadAction","target":["https:\/\/www.cavarovellats.com\/es\/producto\/visita-premium2\/"]}]},{"@type":"ImageObject","inLanguage":"es","@id":"https:\/\/www.cavarovellats.com\/es\/producto\/visita-premium2\/#primaryimage","url":"https:\/\/www.cavarovellats.com\/wp-content\/uploads\/2025\/06\/WEB_Rovellats_Enoturisme-2025__2GM1356-1.jpg","contentUrl":"https:\/\/www.cavarovellats.com\/wp-content\/uploads\/2025\/06\/WEB_Rovellats_Enoturisme-2025__2GM1356-1.jpg","width":1200,"height":800,"caption":"VISITA PREMIUM"},{"@type":"BreadcrumbList","@id":"https:\/\/www.cavarovellats.com\/es\/producto\/visita-premium2\/#breadcrumb","itemListElement":[{"@type":"ListItem","position":1,"name":"Inici","item":"https:\/\/www.cavarovellats.com\/es\/"},{"@type":"ListItem","position":2,"name":"Cavas y Vinos","item":"https:\/\/www.cavarovellats.com\/es\/tienda\/"},{"@type":"ListItem","position":3,"name":"Visita Premium"}]},{"@type":"WebSite","@id":"https:\/\/www.cavarovellats.com\/es\/#website","url":"https:\/\/www.cavarovellats.com\/es\/","name":"Cava Rovellats","description":"La terra, les persones, el cava","potentialAction":[{"@type":"SearchAction","target":{"@type":"EntryPoint","urlTemplate":"https:\/\/www.cavarovellats.com\/es\/?s={search_term_string}"},"query-input":{"@type":"PropertyValueSpecification","valueRequired":true,"valueName":"search_term_string"}}],"inLanguage":"es"}]}},"_links":{"self":[{"href":"https:\/\/www.cavarovellats.com\/es\/wp-json\/wp\/v2\/product\/5890","targetHints":{"allow":["GET"]}}],"collection":[{"href":"https:\/\/www.cavarovellats.com\/es\/wp-json\/wp\/v2\/product"}],"about":[{"href":"https:\/\/www.cavarovellats.com\/es\/wp-json\/wp\/v2\/types\/product"}],"wp:featuredmedia":[{"embeddable":true,"href":"https:\/\/www.cavarovellats.com\/es\/wp-json\/wp\/v2\/media\/6692"}],"wp:attachment":[{"href":"https:\/\/www.cavarovellats.com\/es\/wp-json\/wp\/v2\/media?parent=5890"}],"wp:term":[{"taxonomy":"product_brand","embeddable":true,"href":"https:\/\/www.cavarovellats.com\/es\/wp-json\/wp\/v2\/product_brand?post=5890"},{"taxonomy":"product_cat","embeddable":true,"href":"https:\/\/www.cavarovellats.com\/es\/wp-json\/wp\/v2\/product_cat?post=5890"},{"taxonomy":"product_tag","embeddable":true,"href":"https:\/\/www.cavarovellats.com\/es\/wp-json\/wp\/v2\/product_tag?post=5890"}],"curies":[{"name":"wp","href":"https:\/\/api.w.org\/{rel}","templated":true}]}}