{"id":5078,"date":"2021-12-22T12:49:02","date_gmt":"2025-01-10T08:23:53","guid":{"rendered":"https:\/\/www.cavarovellats.com\/product\/bicicleta-electrica-entre-vinedos-visita-y-cata\/"},"modified":"2025-01-14T13:44:48","modified_gmt":"2025-01-14T12:44:48","slug":"bicicleta-electrica-entre-vinedos-visita-y-cata","status":"publish","type":"product","link":"https:\/\/www.cavarovellats.com\/es\/producto\/bicicleta-electrica-entre-vinedos-visita-y-cata\/","title":{"rendered":"Bicicleta el\u00e9ctrica entre vi\u00f1edos, visita y cata"},"content":{"rendered":"","protected":false},"excerpt":{"rendered":"<p><strong>Visita m\u00ednima de 2 personas.<\/strong><\/p>\n<p> Puede elegir entre visita reserva o visita premium, y hacerla de 4 horas o de 8 horas.<\/p>\n","protected":false},"featured_media":1907,"template":"","meta":{"inline_featured_image":false,"_monsterinsights_skip_tracking":false,"_monsterinsights_sitenote_active":false,"_monsterinsights_sitenote_note":"","_monsterinsights_sitenote_category":0},"product_brand":[],"product_cat":[50],"product_tag":[],"class_list":{"0":"post-5078","1":"product","2":"type-product","3":"status-publish","4":"has-post-thumbnail","6":"product_cat-enoturismo","7":"pa_edat-adultos","8":"pa_edat-menores-de-edad","10":"first","11":"instock","12":"taxable","13":"shipping-taxable","14":"purchasable","15":"product-type-variable"},"booking_location":null,"booking_location_type":null,"booking_duration":null,"booking_duration_unit":null,"booking_buffer":null,"booking_cost":null,"booking_resources":null,"yoast_head":"<!-- This site is optimized with the Yoast SEO plugin v27.4 - https:\/\/yoast.com\/product\/yoast-seo-wordpress\/ -->\n<title>Bicicleta el\u00e9ctrica entre vi\u00f1edos, visita y cata - Cava Rovellats<\/title>\n<meta name=\"robots\" content=\"index, follow, max-snippet:-1, max-image-preview:large, max-video-preview:-1\" \/>\n<link rel=\"canonical\" href=\"https:\/\/www.cavarovellats.com\/es\/producto\/bicicleta-electrica-entre-vinedos-visita-y-cata\/\" \/>\n<meta property=\"og:locale\" content=\"es_ES\" \/>\n<meta property=\"og:type\" content=\"article\" \/>\n<meta property=\"og:title\" content=\"Bicicleta el\u00e9ctrica entre vi\u00f1edos, visita y cata - Cava Rovellats\" \/>\n<meta property=\"og:description\" content=\"Visita m\u00ednima de 2 personas.  Puede elegir entre visita reserva o visita premium, y hacerla de 4 horas o de 8 horas.\" \/>\n<meta property=\"og:url\" content=\"https:\/\/www.cavarovellats.com\/es\/producto\/bicicleta-electrica-entre-vinedos-visita-y-cata\/\" \/>\n<meta property=\"og:site_name\" content=\"Cava Rovellats\" \/>\n<meta property=\"article:modified_time\" content=\"2025-01-14T12:44:48+00:00\" \/>\n<meta property=\"og:image\" content=\"https:\/\/www.cavarovellats.com\/wp-content\/uploads\/2021\/12\/PHOTO-2022-01-16-22-18-05.jpg\" \/>\n\t<meta property=\"og:image:width\" content=\"850\" \/>\n\t<meta property=\"og:image:height\" content=\"638\" \/>\n\t<meta property=\"og:image:type\" content=\"image\/jpeg\" \/>\n<meta name=\"twitter:card\" content=\"summary_large_image\" \/>\n<script type=\"application\/ld+json\" class=\"yoast-schema-graph\">{\"@context\":\"https:\\\/\\\/schema.org\",\"@graph\":[{\"@type\":\"WebPage\",\"@id\":\"https:\\\/\\\/www.cavarovellats.com\\\/es\\\/producto\\\/bicicleta-electrica-entre-vinedos-visita-y-cata\\\/\",\"url\":\"https:\\\/\\\/www.cavarovellats.com\\\/es\\\/producto\\\/bicicleta-electrica-entre-vinedos-visita-y-cata\\\/\",\"name\":\"Bicicleta el\u00e9ctrica entre vi\u00f1edos, visita y cata - Cava Rovellats\",\"isPartOf\":{\"@id\":\"https:\\\/\\\/www.cavarovellats.com\\\/es\\\/#website\"},\"primaryImageOfPage\":{\"@id\":\"https:\\\/\\\/www.cavarovellats.com\\\/es\\\/producto\\\/bicicleta-electrica-entre-vinedos-visita-y-cata\\\/#primaryimage\"},\"image\":{\"@id\":\"https:\\\/\\\/www.cavarovellats.com\\\/es\\\/producto\\\/bicicleta-electrica-entre-vinedos-visita-y-cata\\\/#primaryimage\"},\"thumbnailUrl\":\"https:\\\/\\\/www.cavarovellats.com\\\/wp-content\\\/uploads\\\/2021\\\/12\\\/PHOTO-2022-01-16-22-18-05.jpg\",\"datePublished\":\"2025-01-10T08:23:53+00:00\",\"dateModified\":\"2025-01-14T12:44:48+00:00\",\"breadcrumb\":{\"@id\":\"https:\\\/\\\/www.cavarovellats.com\\\/es\\\/producto\\\/bicicleta-electrica-entre-vinedos-visita-y-cata\\\/#breadcrumb\"},\"inLanguage\":\"es\",\"potentialAction\":[{\"@type\":\"ReadAction\",\"target\":[\"https:\\\/\\\/www.cavarovellats.com\\\/es\\\/producto\\\/bicicleta-electrica-entre-vinedos-visita-y-cata\\\/\"]}]},{\"@type\":\"ImageObject\",\"inLanguage\":\"es\",\"@id\":\"https:\\\/\\\/www.cavarovellats.com\\\/es\\\/producto\\\/bicicleta-electrica-entre-vinedos-visita-y-cata\\\/#primaryimage\",\"url\":\"https:\\\/\\\/www.cavarovellats.com\\\/wp-content\\\/uploads\\\/2021\\\/12\\\/PHOTO-2022-01-16-22-18-05.jpg\",\"contentUrl\":\"https:\\\/\\\/www.cavarovellats.com\\\/wp-content\\\/uploads\\\/2021\\\/12\\\/PHOTO-2022-01-16-22-18-05.jpg\",\"width\":850,\"height\":638,\"caption\":\"bicicleta entre vi\u00f1edos\"},{\"@type\":\"BreadcrumbList\",\"@id\":\"https:\\\/\\\/www.cavarovellats.com\\\/es\\\/producto\\\/bicicleta-electrica-entre-vinedos-visita-y-cata\\\/#breadcrumb\",\"itemListElement\":[{\"@type\":\"ListItem\",\"position\":1,\"name\":\"Inici\",\"item\":\"https:\\\/\\\/www.cavarovellats.com\\\/es\\\/\"},{\"@type\":\"ListItem\",\"position\":2,\"name\":\"Cavas y Vinos\",\"item\":\"https:\\\/\\\/www.cavarovellats.com\\\/es\\\/tienda\\\/\"},{\"@type\":\"ListItem\",\"position\":3,\"name\":\"Bicicleta el\u00e9ctrica entre vi\u00f1edos, visita y cata\"}]},{\"@type\":\"WebSite\",\"@id\":\"https:\\\/\\\/www.cavarovellats.com\\\/es\\\/#website\",\"url\":\"https:\\\/\\\/www.cavarovellats.com\\\/es\\\/\",\"name\":\"Cava Rovellats\",\"description\":\"La terra, les persones, el cava\",\"potentialAction\":[{\"@type\":\"SearchAction\",\"target\":{\"@type\":\"EntryPoint\",\"urlTemplate\":\"https:\\\/\\\/www.cavarovellats.com\\\/es\\\/?s={search_term_string}\"},\"query-input\":{\"@type\":\"PropertyValueSpecification\",\"valueRequired\":true,\"valueName\":\"search_term_string\"}}],\"inLanguage\":\"es\"}]}<\/script>\n<!-- \/ Yoast SEO plugin. -->","yoast_head_json":{"title":"Bicicleta el\u00e9ctrica entre vi\u00f1edos, visita y cata - Cava Rovellats","robots":{"index":"index","follow":"follow","max-snippet":"max-snippet:-1","max-image-preview":"max-image-preview:large","max-video-preview":"max-video-preview:-1"},"canonical":"https:\/\/www.cavarovellats.com\/es\/producto\/bicicleta-electrica-entre-vinedos-visita-y-cata\/","og_locale":"es_ES","og_type":"article","og_title":"Bicicleta el\u00e9ctrica entre vi\u00f1edos, visita y cata - Cava Rovellats","og_description":"Visita m\u00ednima de 2 personas.  Puede elegir entre visita reserva o visita premium, y hacerla de 4 horas o de 8 horas.","og_url":"https:\/\/www.cavarovellats.com\/es\/producto\/bicicleta-electrica-entre-vinedos-visita-y-cata\/","og_site_name":"Cava Rovellats","article_modified_time":"2025-01-14T12:44:48+00:00","og_image":[{"width":850,"height":638,"url":"https:\/\/www.cavarovellats.com\/wp-content\/uploads\/2021\/12\/PHOTO-2022-01-16-22-18-05.jpg","type":"image\/jpeg"}],"twitter_card":"summary_large_image","schema":{"@context":"https:\/\/schema.org","@graph":[{"@type":"WebPage","@id":"https:\/\/www.cavarovellats.com\/es\/producto\/bicicleta-electrica-entre-vinedos-visita-y-cata\/","url":"https:\/\/www.cavarovellats.com\/es\/producto\/bicicleta-electrica-entre-vinedos-visita-y-cata\/","name":"Bicicleta el\u00e9ctrica entre vi\u00f1edos, visita y cata - Cava Rovellats","isPartOf":{"@id":"https:\/\/www.cavarovellats.com\/es\/#website"},"primaryImageOfPage":{"@id":"https:\/\/www.cavarovellats.com\/es\/producto\/bicicleta-electrica-entre-vinedos-visita-y-cata\/#primaryimage"},"image":{"@id":"https:\/\/www.cavarovellats.com\/es\/producto\/bicicleta-electrica-entre-vinedos-visita-y-cata\/#primaryimage"},"thumbnailUrl":"https:\/\/www.cavarovellats.com\/wp-content\/uploads\/2021\/12\/PHOTO-2022-01-16-22-18-05.jpg","datePublished":"2025-01-10T08:23:53+00:00","dateModified":"2025-01-14T12:44:48+00:00","breadcrumb":{"@id":"https:\/\/www.cavarovellats.com\/es\/producto\/bicicleta-electrica-entre-vinedos-visita-y-cata\/#breadcrumb"},"inLanguage":"es","potentialAction":[{"@type":"ReadAction","target":["https:\/\/www.cavarovellats.com\/es\/producto\/bicicleta-electrica-entre-vinedos-visita-y-cata\/"]}]},{"@type":"ImageObject","inLanguage":"es","@id":"https:\/\/www.cavarovellats.com\/es\/producto\/bicicleta-electrica-entre-vinedos-visita-y-cata\/#primaryimage","url":"https:\/\/www.cavarovellats.com\/wp-content\/uploads\/2021\/12\/PHOTO-2022-01-16-22-18-05.jpg","contentUrl":"https:\/\/www.cavarovellats.com\/wp-content\/uploads\/2021\/12\/PHOTO-2022-01-16-22-18-05.jpg","width":850,"height":638,"caption":"bicicleta entre vi\u00f1edos"},{"@type":"BreadcrumbList","@id":"https:\/\/www.cavarovellats.com\/es\/producto\/bicicleta-electrica-entre-vinedos-visita-y-cata\/#breadcrumb","itemListElement":[{"@type":"ListItem","position":1,"name":"Inici","item":"https:\/\/www.cavarovellats.com\/es\/"},{"@type":"ListItem","position":2,"name":"Cavas y Vinos","item":"https:\/\/www.cavarovellats.com\/es\/tienda\/"},{"@type":"ListItem","position":3,"name":"Bicicleta el\u00e9ctrica entre vi\u00f1edos, visita y cata"}]},{"@type":"WebSite","@id":"https:\/\/www.cavarovellats.com\/es\/#website","url":"https:\/\/www.cavarovellats.com\/es\/","name":"Cava Rovellats","description":"La terra, les persones, el cava","potentialAction":[{"@type":"SearchAction","target":{"@type":"EntryPoint","urlTemplate":"https:\/\/www.cavarovellats.com\/es\/?s={search_term_string}"},"query-input":{"@type":"PropertyValueSpecification","valueRequired":true,"valueName":"search_term_string"}}],"inLanguage":"es"}]}},"_links":{"self":[{"href":"https:\/\/www.cavarovellats.com\/es\/wp-json\/wp\/v2\/product\/5078","targetHints":{"allow":["GET"]}}],"collection":[{"href":"https:\/\/www.cavarovellats.com\/es\/wp-json\/wp\/v2\/product"}],"about":[{"href":"https:\/\/www.cavarovellats.com\/es\/wp-json\/wp\/v2\/types\/product"}],"wp:featuredmedia":[{"embeddable":true,"href":"https:\/\/www.cavarovellats.com\/es\/wp-json\/wp\/v2\/media\/1907"}],"wp:attachment":[{"href":"https:\/\/www.cavarovellats.com\/es\/wp-json\/wp\/v2\/media?parent=5078"}],"wp:term":[{"taxonomy":"product_brand","embeddable":true,"href":"https:\/\/www.cavarovellats.com\/es\/wp-json\/wp\/v2\/product_brand?post=5078"},{"taxonomy":"product_cat","embeddable":true,"href":"https:\/\/www.cavarovellats.com\/es\/wp-json\/wp\/v2\/product_cat?post=5078"},{"taxonomy":"product_tag","embeddable":true,"href":"https:\/\/www.cavarovellats.com\/es\/wp-json\/wp\/v2\/product_tag?post=5078"}],"curies":[{"name":"wp","href":"https:\/\/api.w.org\/{rel}","templated":true}]}}