{"id":3604,"date":"2023-07-12T11:33:23","date_gmt":"2023-07-12T09:51:12","guid":{"rendered":"https:\/\/www.cavarovellats.com\/product\/picnic-de-vendimia-con-taller-de-pintura-para-ninos\/"},"modified":"2023-07-12T11:51:12","modified_gmt":"2023-07-12T09:51:12","slug":"picnic-de-vendimia-con-taller-de-pintura-por-ninos","status":"publish","type":"product","link":"https:\/\/www.cavarovellats.com\/es\/producto\/picnic-de-vendimia-con-taller-de-pintura-por-ninos\/","title":{"rendered":"Picnic de Vendimia con taller de pintura para ni\u00f1os"},"content":{"rendered":"<div><strong>Los ni\u00f1os aprender\u00e1n a pintar con vino (sin alcohol)<\/strong> en un taller pensado especialmente para ellos, de la mano de <strong>Marta Arany\u00f3<\/strong> , del estudio de arte Tinta y Vino. Seremos artistas por un rato. Realizaremos un racimo de uva con reciclaje de tapones de corcho, pintaremos con vino p\u00e1mpulos y uvas y nos llevaremos a casa nuestra obra de arte con unos soportes muy originales. Es necesario llevar ropa que se pueda ensuciar.<\/div>\n<div><\/div>\n<div>Mientras los padres y madres aprender\u00e1n sobre otro arte: el de hacer cava con una visita guiada de nuestra bodega y la cata de uno de nuestros cavas Reserva.<\/div>\n<div>Al finalizar se reunir\u00e1 la familia y podr\u00e1 disfrutar de un picnic especialmente preparado por usted en nuestros jardines.<\/div>\n<div>\u00a1Os estamos esperando!<\/div>\n<div><\/div>\n<div>QU\u00c9 INCLUYE LA ACTIVIDAD<\/div>\n<div>\u00bfQu\u00e9 incluye?<\/div>\n<div>\u2022 Taller de pintura con vino para ni\u00f1os y ni\u00f1as hasta 13 a\u00f1os<\/div>\n<div>\u2022 Visita guiada a la bodega por adultos con cata de un Cava Reserva Rovellats.<\/div>\n<div>\u2022 Picnic por familia. El picnic incluye:<\/div>\n<div>&#8211; Pan con tomate<\/div>\n<div>&#8211; Surtido de embutidos<\/div>\n<div>&#8211; Surtido de quesos<\/div>\n<div>&#8211; Croquetas de pollo<\/div>\n<div>&#8211; Aceitunas y Patatas chip<\/div>\n<div>&#8211; Fruta<\/div>\n<div>&#8211; Coca<\/div>\n<div>&#8211; Cava o Vino<\/div>\n<div>&#8211; Agua<\/div>\n<div>&#8211; Zumo de fruta o refresco para los ni\u00f1os.<\/div>\n<div>\u00bfCu\u00e1ndo?: S\u00e1bado 23 de septiembre a las 12h.<\/div>\n<div>Duraci\u00f3n de la actividad completa: m\u00e1ximo 3 horas.<\/div>\n<div>Precio: 39\u20ac \/ adulto y 34\u20ac ni\u00f1os hasta 13 a\u00f1os.<\/div>\n<div>INFORMACI\u00d3N ADICIONAL<\/div>\n<div>NOTA: *El taller de pintura con vino est\u00e1 pensado para ni\u00f1os y ni\u00f1as de entre 6 y 13 a\u00f1os, pero menores de 6 pueden participar acompa\u00f1ados de un adulto.<\/div>\n<div>*Esta actividad ser\u00e1 en catal\u00e1n a menos que haya participantes que no vivan en Catalu\u00f1a, entonces se har\u00eda en castellano.<\/div>\n<div><\/div>\n","protected":false},"excerpt":{"rendered":"<p>En Caves Rovellats celebramos la vendimia del Pened\u00e8s en familia y con un taller de pintura para los m\u00e1s peque\u00f1os y peque\u00f1as de la casa. Los padres y madres aprender\u00e1n sobre el arte de hacer cava con una visita guiada de nuestra bodega y la cata de uno de nuestros cavas Reserva. Los m\u00e1s peque\u00f1os mientras tanto realizar\u00e1n un taller de pintura con vino (sin alcohol).<\/p>\n","protected":false},"featured_media":3588,"template":"","meta":{"inline_featured_image":false,"_monsterinsights_skip_tracking":false,"_monsterinsights_sitenote_active":false,"_monsterinsights_sitenote_note":"","_monsterinsights_sitenote_category":0},"product_brand":[],"product_cat":[51],"product_tag":[],"class_list":{"0":"post-3604","1":"product","2":"type-product","3":"status-publish","4":"has-post-thumbnail","6":"product_cat-evento","7":"pa_edat-adultos","8":"pa_edat-hasta-13-anos","10":"first","11":"instock","12":"taxable","13":"shipping-taxable","14":"purchasable","15":"product-type-variable"},"booking_location":null,"booking_location_type":null,"booking_duration":null,"booking_duration_unit":null,"booking_buffer":null,"booking_cost":null,"booking_resources":null,"yoast_head":"<!-- This site is optimized with the Yoast SEO plugin v27.4 - https:\/\/yoast.com\/product\/yoast-seo-wordpress\/ -->\n<title>Picnic de Vendimia con taller de pintura para ni\u00f1os - Cava Rovellats<\/title>\n<meta name=\"robots\" content=\"index, follow, max-snippet:-1, max-image-preview:large, max-video-preview:-1\" \/>\n<link rel=\"canonical\" href=\"https:\/\/www.cavarovellats.com\/es\/producto\/picnic-de-vendimia-con-taller-de-pintura-por-ninos\/\" \/>\n<meta property=\"og:locale\" content=\"es_ES\" \/>\n<meta property=\"og:type\" content=\"article\" \/>\n<meta property=\"og:title\" content=\"Picnic de Vendimia con taller de pintura para ni\u00f1os - Cava Rovellats\" \/>\n<meta property=\"og:description\" content=\"En Caves Rovellats celebramos la vendimia del Pened\u00e8s en familia y con un taller de pintura para los m\u00e1s peque\u00f1os y peque\u00f1as de la casa. Los padres y madres aprender\u00e1n sobre el arte de hacer cava con una visita guiada de nuestra bodega y la cata de uno de nuestros cavas Reserva. Los m\u00e1s peque\u00f1os mientras tanto realizar\u00e1n un taller de pintura con vino (sin alcohol).\" \/>\n<meta property=\"og:url\" content=\"https:\/\/www.cavarovellats.com\/es\/producto\/picnic-de-vendimia-con-taller-de-pintura-por-ninos\/\" \/>\n<meta property=\"og:site_name\" content=\"Cava Rovellats\" \/>\n<meta property=\"og:image\" content=\"https:\/\/www.cavarovellats.com\/wp-content\/uploads\/2023\/07\/taller_pintura.jpg\" \/>\n\t<meta property=\"og:image:width\" content=\"1100\" \/>\n\t<meta property=\"og:image:height\" content=\"733\" \/>\n\t<meta property=\"og:image:type\" content=\"image\/jpeg\" \/>\n<meta name=\"twitter:card\" content=\"summary_large_image\" \/>\n<meta name=\"twitter:label1\" content=\"Tiempo de lectura\" \/>\n\t<meta name=\"twitter:data1\" content=\"1 minuto\" \/>\n<script type=\"application\/ld+json\" class=\"yoast-schema-graph\">{\"@context\":\"https:\\\/\\\/schema.org\",\"@graph\":[{\"@type\":\"WebPage\",\"@id\":\"https:\\\/\\\/www.cavarovellats.com\\\/es\\\/producto\\\/picnic-de-vendimia-con-taller-de-pintura-por-ninos\\\/\",\"url\":\"https:\\\/\\\/www.cavarovellats.com\\\/es\\\/producto\\\/picnic-de-vendimia-con-taller-de-pintura-por-ninos\\\/\",\"name\":\"Picnic de Vendimia con taller de pintura para ni\u00f1os - Cava Rovellats\",\"isPartOf\":{\"@id\":\"https:\\\/\\\/www.cavarovellats.com\\\/es\\\/#website\"},\"primaryImageOfPage\":{\"@id\":\"https:\\\/\\\/www.cavarovellats.com\\\/es\\\/producto\\\/picnic-de-vendimia-con-taller-de-pintura-por-ninos\\\/#primaryimage\"},\"image\":{\"@id\":\"https:\\\/\\\/www.cavarovellats.com\\\/es\\\/producto\\\/picnic-de-vendimia-con-taller-de-pintura-por-ninos\\\/#primaryimage\"},\"thumbnailUrl\":\"https:\\\/\\\/www.cavarovellats.com\\\/wp-content\\\/uploads\\\/2023\\\/07\\\/taller_pintura.jpg\",\"datePublished\":\"2023-07-12T09:51:12+00:00\",\"breadcrumb\":{\"@id\":\"https:\\\/\\\/www.cavarovellats.com\\\/es\\\/producto\\\/picnic-de-vendimia-con-taller-de-pintura-por-ninos\\\/#breadcrumb\"},\"inLanguage\":\"es\",\"potentialAction\":[{\"@type\":\"ReadAction\",\"target\":[\"https:\\\/\\\/www.cavarovellats.com\\\/es\\\/producto\\\/picnic-de-vendimia-con-taller-de-pintura-por-ninos\\\/\"]}]},{\"@type\":\"ImageObject\",\"inLanguage\":\"es\",\"@id\":\"https:\\\/\\\/www.cavarovellats.com\\\/es\\\/producto\\\/picnic-de-vendimia-con-taller-de-pintura-por-ninos\\\/#primaryimage\",\"url\":\"https:\\\/\\\/www.cavarovellats.com\\\/wp-content\\\/uploads\\\/2023\\\/07\\\/taller_pintura.jpg\",\"contentUrl\":\"https:\\\/\\\/www.cavarovellats.com\\\/wp-content\\\/uploads\\\/2023\\\/07\\\/taller_pintura.jpg\",\"width\":1100,\"height\":733,\"caption\":\"taller de pintura\"},{\"@type\":\"BreadcrumbList\",\"@id\":\"https:\\\/\\\/www.cavarovellats.com\\\/es\\\/producto\\\/picnic-de-vendimia-con-taller-de-pintura-por-ninos\\\/#breadcrumb\",\"itemListElement\":[{\"@type\":\"ListItem\",\"position\":1,\"name\":\"Inici\",\"item\":\"https:\\\/\\\/www.cavarovellats.com\\\/es\\\/\"},{\"@type\":\"ListItem\",\"position\":2,\"name\":\"Cavas y Vinos\",\"item\":\"https:\\\/\\\/www.cavarovellats.com\\\/es\\\/tienda\\\/\"},{\"@type\":\"ListItem\",\"position\":3,\"name\":\"Picnic de Vendimia con taller de pintura para ni\u00f1os\"}]},{\"@type\":\"WebSite\",\"@id\":\"https:\\\/\\\/www.cavarovellats.com\\\/es\\\/#website\",\"url\":\"https:\\\/\\\/www.cavarovellats.com\\\/es\\\/\",\"name\":\"Cava Rovellats\",\"description\":\"La terra, les persones, el cava\",\"potentialAction\":[{\"@type\":\"SearchAction\",\"target\":{\"@type\":\"EntryPoint\",\"urlTemplate\":\"https:\\\/\\\/www.cavarovellats.com\\\/es\\\/?s={search_term_string}\"},\"query-input\":{\"@type\":\"PropertyValueSpecification\",\"valueRequired\":true,\"valueName\":\"search_term_string\"}}],\"inLanguage\":\"es\"}]}<\/script>\n<!-- \/ Yoast SEO plugin. -->","yoast_head_json":{"title":"Picnic de Vendimia con taller de pintura para ni\u00f1os - Cava Rovellats","robots":{"index":"index","follow":"follow","max-snippet":"max-snippet:-1","max-image-preview":"max-image-preview:large","max-video-preview":"max-video-preview:-1"},"canonical":"https:\/\/www.cavarovellats.com\/es\/producto\/picnic-de-vendimia-con-taller-de-pintura-por-ninos\/","og_locale":"es_ES","og_type":"article","og_title":"Picnic de Vendimia con taller de pintura para ni\u00f1os - Cava Rovellats","og_description":"En Caves Rovellats celebramos la vendimia del Pened\u00e8s en familia y con un taller de pintura para los m\u00e1s peque\u00f1os y peque\u00f1as de la casa. Los padres y madres aprender\u00e1n sobre el arte de hacer cava con una visita guiada de nuestra bodega y la cata de uno de nuestros cavas Reserva. Los m\u00e1s peque\u00f1os mientras tanto realizar\u00e1n un taller de pintura con vino (sin alcohol).","og_url":"https:\/\/www.cavarovellats.com\/es\/producto\/picnic-de-vendimia-con-taller-de-pintura-por-ninos\/","og_site_name":"Cava Rovellats","og_image":[{"width":1100,"height":733,"url":"https:\/\/www.cavarovellats.com\/wp-content\/uploads\/2023\/07\/taller_pintura.jpg","type":"image\/jpeg"}],"twitter_card":"summary_large_image","twitter_misc":{"Tiempo de lectura":"1 minuto"},"schema":{"@context":"https:\/\/schema.org","@graph":[{"@type":"WebPage","@id":"https:\/\/www.cavarovellats.com\/es\/producto\/picnic-de-vendimia-con-taller-de-pintura-por-ninos\/","url":"https:\/\/www.cavarovellats.com\/es\/producto\/picnic-de-vendimia-con-taller-de-pintura-por-ninos\/","name":"Picnic de Vendimia con taller de pintura para ni\u00f1os - Cava Rovellats","isPartOf":{"@id":"https:\/\/www.cavarovellats.com\/es\/#website"},"primaryImageOfPage":{"@id":"https:\/\/www.cavarovellats.com\/es\/producto\/picnic-de-vendimia-con-taller-de-pintura-por-ninos\/#primaryimage"},"image":{"@id":"https:\/\/www.cavarovellats.com\/es\/producto\/picnic-de-vendimia-con-taller-de-pintura-por-ninos\/#primaryimage"},"thumbnailUrl":"https:\/\/www.cavarovellats.com\/wp-content\/uploads\/2023\/07\/taller_pintura.jpg","datePublished":"2023-07-12T09:51:12+00:00","breadcrumb":{"@id":"https:\/\/www.cavarovellats.com\/es\/producto\/picnic-de-vendimia-con-taller-de-pintura-por-ninos\/#breadcrumb"},"inLanguage":"es","potentialAction":[{"@type":"ReadAction","target":["https:\/\/www.cavarovellats.com\/es\/producto\/picnic-de-vendimia-con-taller-de-pintura-por-ninos\/"]}]},{"@type":"ImageObject","inLanguage":"es","@id":"https:\/\/www.cavarovellats.com\/es\/producto\/picnic-de-vendimia-con-taller-de-pintura-por-ninos\/#primaryimage","url":"https:\/\/www.cavarovellats.com\/wp-content\/uploads\/2023\/07\/taller_pintura.jpg","contentUrl":"https:\/\/www.cavarovellats.com\/wp-content\/uploads\/2023\/07\/taller_pintura.jpg","width":1100,"height":733,"caption":"taller de pintura"},{"@type":"BreadcrumbList","@id":"https:\/\/www.cavarovellats.com\/es\/producto\/picnic-de-vendimia-con-taller-de-pintura-por-ninos\/#breadcrumb","itemListElement":[{"@type":"ListItem","position":1,"name":"Inici","item":"https:\/\/www.cavarovellats.com\/es\/"},{"@type":"ListItem","position":2,"name":"Cavas y Vinos","item":"https:\/\/www.cavarovellats.com\/es\/tienda\/"},{"@type":"ListItem","position":3,"name":"Picnic de Vendimia con taller de pintura para ni\u00f1os"}]},{"@type":"WebSite","@id":"https:\/\/www.cavarovellats.com\/es\/#website","url":"https:\/\/www.cavarovellats.com\/es\/","name":"Cava Rovellats","description":"La terra, les persones, el cava","potentialAction":[{"@type":"SearchAction","target":{"@type":"EntryPoint","urlTemplate":"https:\/\/www.cavarovellats.com\/es\/?s={search_term_string}"},"query-input":{"@type":"PropertyValueSpecification","valueRequired":true,"valueName":"search_term_string"}}],"inLanguage":"es"}]}},"_links":{"self":[{"href":"https:\/\/www.cavarovellats.com\/es\/wp-json\/wp\/v2\/product\/3604","targetHints":{"allow":["GET"]}}],"collection":[{"href":"https:\/\/www.cavarovellats.com\/es\/wp-json\/wp\/v2\/product"}],"about":[{"href":"https:\/\/www.cavarovellats.com\/es\/wp-json\/wp\/v2\/types\/product"}],"wp:featuredmedia":[{"embeddable":true,"href":"https:\/\/www.cavarovellats.com\/es\/wp-json\/wp\/v2\/media\/3588"}],"wp:attachment":[{"href":"https:\/\/www.cavarovellats.com\/es\/wp-json\/wp\/v2\/media?parent=3604"}],"wp:term":[{"taxonomy":"product_brand","embeddable":true,"href":"https:\/\/www.cavarovellats.com\/es\/wp-json\/wp\/v2\/product_brand?post=3604"},{"taxonomy":"product_cat","embeddable":true,"href":"https:\/\/www.cavarovellats.com\/es\/wp-json\/wp\/v2\/product_cat?post=3604"},{"taxonomy":"product_tag","embeddable":true,"href":"https:\/\/www.cavarovellats.com\/es\/wp-json\/wp\/v2\/product_tag?post=3604"}],"curies":[{"name":"wp","href":"https:\/\/api.w.org\/{rel}","templated":true}]}}