{"id":2510,"date":"2022-05-09T16:51:17","date_gmt":"2022-05-09T15:10:51","guid":{"rendered":"https:\/\/www.cavarovellats.com\/product\/22-de-mayo-nilo-colome-en-el-cava-bar-de-rovellats\/"},"modified":"2022-05-16T21:00:36","modified_gmt":"2022-05-16T19:00:36","slug":"nil-colome","status":"publish","type":"product","link":"https:\/\/www.cavarovellats.com\/es\/producto\/nil-colome\/","title":{"rendered":"22 de mayo &#8211; Nilo Colom\u00e9 en el Cava Bar de Rovellats"},"content":{"rendered":"<p><strong>CONCIERTO DE NIL COLOM\u00c9 CON COPA DE CAVA Y CHIPS<\/strong><\/p>\n<p>D\u00cdA 22 DE MAYO<br \/>\nHORA: 12:30 h.<\/p>\n<p>PRECIO INTERNET (ANTICIPADA): 8 \u20ac<br \/>\nPRECIO TAQUILLA: 10 \u20ac<br \/>\n<strong>INCLUYE: CONCIERTO, COPA DE CAVA Y BOLSA DE CHIPS<\/strong><\/p>\n<div style=\"width: 1020px;\" class=\"wp-video\"><video class=\"wp-video-shortcode\" id=\"video-2510-1\" width=\"1020\" height=\"1020\" preload=\"metadata\" controls=\"controls\"><source type=\"video\/mp4\" src=\"https:\/\/www.cavarovellats.com\/wp-content\/uploads\/2022\/05\/Nil-colome-cava-bar-publi.mp4?_=1\" \/><a href=\"https:\/\/www.cavarovellats.com\/wp-content\/uploads\/2022\/05\/Nil-colome-cava-bar-publi.mp4\">https:\/\/www.cavarovellats.com\/wp-content\/uploads\/2022\/05\/Nil-colome-cava-bar-publi.mp4<\/a><\/video><\/div>\n","protected":false},"excerpt":{"rendered":"<p><strong>CONCIERTO DE NIL COLOM\u00c9 CON COPA DE CAVA Y CHIPS<\/strong><\/p>\n<p>D\u00cdA 22 DE MAYO<br \/>\nHORA: 12:30 h.<\/p>\n<p>PRECIO INTERNET (ANTICIPADA): 8 \u20ac<br \/>\nPRECIO TAQUILLA: 10 \u20ac<br \/>\n<strong>INCLUYE: CONCIERTO, COPA DE CAVA Y BOLSA DE CHIPS<\/strong><\/p>\n","protected":false},"featured_media":2551,"template":"","meta":{"inline_featured_image":false,"_monsterinsights_skip_tracking":false,"_monsterinsights_sitenote_active":false,"_monsterinsights_sitenote_note":"","_monsterinsights_sitenote_category":0},"product_brand":[],"product_cat":[51],"product_tag":[],"class_list":{"0":"post-2510","1":"product","2":"type-product","3":"status-publish","4":"has-post-thumbnail","6":"product_cat-evento","8":"first","9":"outofstock","10":"sale","11":"virtual","12":"taxable","13":"purchasable","14":"product-type-simple"},"booking_location":null,"booking_location_type":null,"booking_duration":null,"booking_duration_unit":null,"booking_buffer":null,"booking_cost":null,"booking_resources":null,"yoast_head":"<!-- This site is optimized with the Yoast SEO plugin v27.4 - https:\/\/yoast.com\/product\/yoast-seo-wordpress\/ -->\n<title>22 de mayo - Nilo Colom\u00e9 en el Cava Bar de Rovellats - Cava Rovellats<\/title>\n<meta name=\"robots\" content=\"index, follow, max-snippet:-1, max-image-preview:large, max-video-preview:-1\" \/>\n<link rel=\"canonical\" href=\"https:\/\/www.cavarovellats.com\/es\/producto\/nil-colome\/\" \/>\n<meta property=\"og:locale\" content=\"es_ES\" \/>\n<meta property=\"og:type\" content=\"article\" \/>\n<meta property=\"og:title\" content=\"22 de mayo - Nilo Colom\u00e9 en el Cava Bar de Rovellats - Cava Rovellats\" \/>\n<meta property=\"og:description\" content=\"CONCIERTO DE NIL COLOM\u00c9 CON COPA DE CAVA Y CHIPS D\u00cdA 22 DE MAYO HORA: 12:30 h. PRECIO INTERNET (ANTICIPADA): 8 \u20ac PRECIO TAQUILLA: 10 \u20ac INCLUYE: CONCIERTO, COPA DE CAVA Y BOLSA DE CHIPS\" \/>\n<meta property=\"og:url\" content=\"https:\/\/www.cavarovellats.com\/es\/producto\/nil-colome\/\" \/>\n<meta property=\"og:site_name\" content=\"Cava Rovellats\" \/>\n<meta property=\"article:modified_time\" content=\"2022-05-16T19:00:36+00:00\" \/>\n<meta property=\"og:image\" content=\"https:\/\/www.cavarovellats.com\/wp-content\/uploads\/2022\/05\/nilcolome-1.jpg\" \/>\n\t<meta property=\"og:image:width\" content=\"1077\" \/>\n\t<meta property=\"og:image:height\" content=\"1080\" \/>\n\t<meta property=\"og:image:type\" content=\"image\/jpeg\" \/>\n<meta name=\"twitter:card\" content=\"summary_large_image\" \/>\n<script type=\"application\/ld+json\" class=\"yoast-schema-graph\">{\"@context\":\"https:\\\/\\\/schema.org\",\"@graph\":[{\"@type\":\"WebPage\",\"@id\":\"https:\\\/\\\/www.cavarovellats.com\\\/es\\\/producto\\\/nil-colome\\\/\",\"url\":\"https:\\\/\\\/www.cavarovellats.com\\\/es\\\/producto\\\/nil-colome\\\/\",\"name\":\"22 de mayo - Nilo Colom\u00e9 en el Cava Bar de Rovellats - Cava Rovellats\",\"isPartOf\":{\"@id\":\"https:\\\/\\\/www.cavarovellats.com\\\/es\\\/#website\"},\"primaryImageOfPage\":{\"@id\":\"https:\\\/\\\/www.cavarovellats.com\\\/es\\\/producto\\\/nil-colome\\\/#primaryimage\"},\"image\":{\"@id\":\"https:\\\/\\\/www.cavarovellats.com\\\/es\\\/producto\\\/nil-colome\\\/#primaryimage\"},\"thumbnailUrl\":\"https:\\\/\\\/www.cavarovellats.com\\\/wp-content\\\/uploads\\\/2022\\\/05\\\/nilcolome-1.jpg\",\"datePublished\":\"2022-05-09T15:10:51+00:00\",\"dateModified\":\"2022-05-16T19:00:36+00:00\",\"breadcrumb\":{\"@id\":\"https:\\\/\\\/www.cavarovellats.com\\\/es\\\/producto\\\/nil-colome\\\/#breadcrumb\"},\"inLanguage\":\"es\",\"potentialAction\":[{\"@type\":\"ReadAction\",\"target\":[\"https:\\\/\\\/www.cavarovellats.com\\\/es\\\/producto\\\/nil-colome\\\/\"]}]},{\"@type\":\"ImageObject\",\"inLanguage\":\"es\",\"@id\":\"https:\\\/\\\/www.cavarovellats.com\\\/es\\\/producto\\\/nil-colome\\\/#primaryimage\",\"url\":\"https:\\\/\\\/www.cavarovellats.com\\\/wp-content\\\/uploads\\\/2022\\\/05\\\/nilcolome-1.jpg\",\"contentUrl\":\"https:\\\/\\\/www.cavarovellats.com\\\/wp-content\\\/uploads\\\/2022\\\/05\\\/nilcolome-1.jpg\",\"width\":1077,\"height\":1080},{\"@type\":\"BreadcrumbList\",\"@id\":\"https:\\\/\\\/www.cavarovellats.com\\\/es\\\/producto\\\/nil-colome\\\/#breadcrumb\",\"itemListElement\":[{\"@type\":\"ListItem\",\"position\":1,\"name\":\"Inici\",\"item\":\"https:\\\/\\\/www.cavarovellats.com\\\/es\\\/\"},{\"@type\":\"ListItem\",\"position\":2,\"name\":\"Cavas y Vinos\",\"item\":\"https:\\\/\\\/www.cavarovellats.com\\\/es\\\/tienda\\\/\"},{\"@type\":\"ListItem\",\"position\":3,\"name\":\"22 de mayo &#8211; Nilo Colom\u00e9 en el Cava Bar de Rovellats\"}]},{\"@type\":\"WebSite\",\"@id\":\"https:\\\/\\\/www.cavarovellats.com\\\/es\\\/#website\",\"url\":\"https:\\\/\\\/www.cavarovellats.com\\\/es\\\/\",\"name\":\"Cava Rovellats\",\"description\":\"La terra, les persones, el cava\",\"potentialAction\":[{\"@type\":\"SearchAction\",\"target\":{\"@type\":\"EntryPoint\",\"urlTemplate\":\"https:\\\/\\\/www.cavarovellats.com\\\/es\\\/?s={search_term_string}\"},\"query-input\":{\"@type\":\"PropertyValueSpecification\",\"valueRequired\":true,\"valueName\":\"search_term_string\"}}],\"inLanguage\":\"es\"}]}<\/script>\n<!-- \/ Yoast SEO plugin. -->","yoast_head_json":{"title":"22 de mayo - Nilo Colom\u00e9 en el Cava Bar de Rovellats - Cava Rovellats","robots":{"index":"index","follow":"follow","max-snippet":"max-snippet:-1","max-image-preview":"max-image-preview:large","max-video-preview":"max-video-preview:-1"},"canonical":"https:\/\/www.cavarovellats.com\/es\/producto\/nil-colome\/","og_locale":"es_ES","og_type":"article","og_title":"22 de mayo - Nilo Colom\u00e9 en el Cava Bar de Rovellats - Cava Rovellats","og_description":"CONCIERTO DE NIL COLOM\u00c9 CON COPA DE CAVA Y CHIPS D\u00cdA 22 DE MAYO HORA: 12:30 h. PRECIO INTERNET (ANTICIPADA): 8 \u20ac PRECIO TAQUILLA: 10 \u20ac INCLUYE: CONCIERTO, COPA DE CAVA Y BOLSA DE CHIPS","og_url":"https:\/\/www.cavarovellats.com\/es\/producto\/nil-colome\/","og_site_name":"Cava Rovellats","article_modified_time":"2022-05-16T19:00:36+00:00","og_image":[{"width":1077,"height":1080,"url":"https:\/\/www.cavarovellats.com\/wp-content\/uploads\/2022\/05\/nilcolome-1.jpg","type":"image\/jpeg"}],"twitter_card":"summary_large_image","schema":{"@context":"https:\/\/schema.org","@graph":[{"@type":"WebPage","@id":"https:\/\/www.cavarovellats.com\/es\/producto\/nil-colome\/","url":"https:\/\/www.cavarovellats.com\/es\/producto\/nil-colome\/","name":"22 de mayo - Nilo Colom\u00e9 en el Cava Bar de Rovellats - Cava Rovellats","isPartOf":{"@id":"https:\/\/www.cavarovellats.com\/es\/#website"},"primaryImageOfPage":{"@id":"https:\/\/www.cavarovellats.com\/es\/producto\/nil-colome\/#primaryimage"},"image":{"@id":"https:\/\/www.cavarovellats.com\/es\/producto\/nil-colome\/#primaryimage"},"thumbnailUrl":"https:\/\/www.cavarovellats.com\/wp-content\/uploads\/2022\/05\/nilcolome-1.jpg","datePublished":"2022-05-09T15:10:51+00:00","dateModified":"2022-05-16T19:00:36+00:00","breadcrumb":{"@id":"https:\/\/www.cavarovellats.com\/es\/producto\/nil-colome\/#breadcrumb"},"inLanguage":"es","potentialAction":[{"@type":"ReadAction","target":["https:\/\/www.cavarovellats.com\/es\/producto\/nil-colome\/"]}]},{"@type":"ImageObject","inLanguage":"es","@id":"https:\/\/www.cavarovellats.com\/es\/producto\/nil-colome\/#primaryimage","url":"https:\/\/www.cavarovellats.com\/wp-content\/uploads\/2022\/05\/nilcolome-1.jpg","contentUrl":"https:\/\/www.cavarovellats.com\/wp-content\/uploads\/2022\/05\/nilcolome-1.jpg","width":1077,"height":1080},{"@type":"BreadcrumbList","@id":"https:\/\/www.cavarovellats.com\/es\/producto\/nil-colome\/#breadcrumb","itemListElement":[{"@type":"ListItem","position":1,"name":"Inici","item":"https:\/\/www.cavarovellats.com\/es\/"},{"@type":"ListItem","position":2,"name":"Cavas y Vinos","item":"https:\/\/www.cavarovellats.com\/es\/tienda\/"},{"@type":"ListItem","position":3,"name":"22 de mayo &#8211; Nilo Colom\u00e9 en el Cava Bar de Rovellats"}]},{"@type":"WebSite","@id":"https:\/\/www.cavarovellats.com\/es\/#website","url":"https:\/\/www.cavarovellats.com\/es\/","name":"Cava Rovellats","description":"La terra, les persones, el cava","potentialAction":[{"@type":"SearchAction","target":{"@type":"EntryPoint","urlTemplate":"https:\/\/www.cavarovellats.com\/es\/?s={search_term_string}"},"query-input":{"@type":"PropertyValueSpecification","valueRequired":true,"valueName":"search_term_string"}}],"inLanguage":"es"}]}},"_links":{"self":[{"href":"https:\/\/www.cavarovellats.com\/es\/wp-json\/wp\/v2\/product\/2510","targetHints":{"allow":["GET"]}}],"collection":[{"href":"https:\/\/www.cavarovellats.com\/es\/wp-json\/wp\/v2\/product"}],"about":[{"href":"https:\/\/www.cavarovellats.com\/es\/wp-json\/wp\/v2\/types\/product"}],"wp:featuredmedia":[{"embeddable":true,"href":"https:\/\/www.cavarovellats.com\/es\/wp-json\/wp\/v2\/media\/2551"}],"wp:attachment":[{"href":"https:\/\/www.cavarovellats.com\/es\/wp-json\/wp\/v2\/media?parent=2510"}],"wp:term":[{"taxonomy":"product_brand","embeddable":true,"href":"https:\/\/www.cavarovellats.com\/es\/wp-json\/wp\/v2\/product_brand?post=2510"},{"taxonomy":"product_cat","embeddable":true,"href":"https:\/\/www.cavarovellats.com\/es\/wp-json\/wp\/v2\/product_cat?post=2510"},{"taxonomy":"product_tag","embeddable":true,"href":"https:\/\/www.cavarovellats.com\/es\/wp-json\/wp\/v2\/product_tag?post=2510"}],"curies":[{"name":"wp","href":"https:\/\/api.w.org\/{rel}","templated":true}]}}