{"id":823,"date":"2021-11-26T10:39:11","date_gmt":"2021-11-26T09:39:11","guid":{"rendered":"https:\/\/www.cavarovellats.com\/proteccion-de-datos\/"},"modified":"2021-11-26T10:39:11","modified_gmt":"2021-11-26T09:39:11","slug":"proteccion-de-datos","status":"publish","type":"page","link":"https:\/\/www.cavarovellats.com\/es\/proteccion-de-datos\/","title":{"rendered":"Protecci\u00f3n de datos"},"content":{"rendered":"\n<h2 style=\"text-align: center;\"><strong>POL\u00cdTICA DE PRIVACIDAD<\/strong><\/h2>\n<div>\n<section class=\"elementor-section elementor-top-section elementor-element elementor-element-67a72bd5 elementor-section-boxed elementor-section-height-default elementor-section-height-default\" data-id=\"67a72bd5\" data-element_type=\"section\">\n<div class=\"elementor-container elementor-column-gap-default\">\n<div class=\"elementor-row\">\n<div class=\"elementor-column elementor-col-100 elementor-top-column elementor-element elementor-element-4e2bd4b6\" data-id=\"4e2bd4b6\" data-element_type=\"column\">\n<div class=\"elementor-column-wrap elementor-element-populated\">\n<div class=\"elementor-widget-wrap\">\n<div class=\"elementor-element elementor-element-c22a57b elementor-widget elementor-widget-text-editor\" data-id=\"c22a57b\" data-element_type=\"widget\" data-widget_type=\"text-editor.default\">\n<div class=\"elementor-widget-container\">\n<div class=\"elementor-text-editor elementor-clearfix\">\n<p><strong>POL\u00cdTICA DE PROTECCI\u00d3N DE DATOS<\/strong><\/p>\n<p><strong>1.RESPONSABLE<\/strong><\/p>\n<p><strong>A. Datos de contacto del Responsable<\/strong><\/p>\n<p>El responsable de los datos recabados mediante esta web es Rovellats SA<\/p>\n<p>Direcci\u00f3n: \u00abLa Bleda\u00bb Sant Mart\u00ed Sarroca, Barcelona.<br>NIF.: A08837676<br>Tel\u00e9fono: 93 488 05 75<br><span style=\"font-size: 80%;\">Inscrita en el Registro Mercantil de Barcelona, \u200b\u200bal tomo 23498, folio 76, Hoja n\u00famero B-55.668.<\/span><\/p>\n<p>Usted podr\u00e1 contactar con el responsable mediante el siguiente Email <a href=\"mailto:rovellats@cavarovellats.com\">rovellats@cavarovellats.com<\/a> o en el tel\u00e9fono 93 488 05 75.<\/p>\n<p><strong>2. FINALIDAD<\/strong><br><strong>A. Descripci\u00f3n ampliada de los fines del tratamiento<\/strong><br>Gesti\u00f3n de clientes, contable, fiscal y administrativa<br>Publicidad y prospecci\u00f3n comercial Comercio electr\u00f3nico<br>Plazos o criterios de conservaci\u00f3n de los datos<\/p>\n<p><strong>B. Conservaremos los datos durante el tiempo que sea necesario para atender a la solicitud y cumplir con las obligaciones legales exigidas.<\/strong><br>Los datos que usted nos ha facilitado ser\u00e1n conservados mientras sean necesarios para las finalidades indicadas en el punto 2.A., o tambi\u00e9n ser\u00e1n almacenados por el tiempo exigido por distintas legislaciones aplicables.<\/p>\n<p><strong>C. Decisiones automatizadas, perfiles y l\u00f3gica aplicada<\/strong><br>Los datos recogidos mediante la p\u00e1gina web no ser\u00e1n utilizados para tomar decisiones automatizadas.<\/p>\n<p><strong>3.LEGITIMACI\u00d3N<\/strong><br><strong>A. Legislaci\u00f3n aplicable<\/strong><br>La legislaci\u00f3n aplicada es el Reglamento General de Protecci\u00f3n de Datos 2016\/679 de 27 de abril de 2016, as\u00ed como la Ley org\u00e1nica 3\/2018, de 5 de diciembre, de Protecci\u00f3n de Datos Personales y garant\u00eda de los derechos digitales.<\/p>\n<p><strong>B. Detalles de la base jur\u00eddica del tratamiento, en los casos de obligaci\u00f3n legal, inter\u00e9s p\u00fablico o inter\u00e9s leg\u00edtimo<\/strong><br>Arte. 6, apartado 1 letra a. Que considera el consentimiento del interesado como base leg\u00edtima para el tratamiento de datos personales contenidos en este fichero.<\/p>\n<p><strong>C. Obligaci\u00f3n o no de facilitar datos y consecuencias de no hacerlo<\/strong><br>No est\u00e1 obligado a facilitarnos los datos, sin embargo, ser\u00e1 necesario para poder gestionar las sugerencias o peticiones que necesite realizarnos mediante la p\u00e1gina web.<\/p>\n<p><strong>4. DESTINATARIOS<\/strong><br><strong>A. Destinatarios<\/strong><br>Organizaciones o personas directamente relacionadas en la empresa, Administraci\u00f3n p\u00fablica con competencia en la materia.<\/p>\n<p><strong>B. Destinatarios espec\u00edficos<\/strong><br>No existen<\/p>\n<p><strong>C. Decisiones de adecuaci\u00f3n, garant\u00edas, normas corporativas vinculantes o situaciones espec\u00edficas aplicables<\/strong><br>No existen.<\/p>\n<p><strong>D. Transferencias Internacionales<\/strong><br>No existen<\/p>\n<p><strong>5. DERECHOS<\/strong><br><strong>A. C\u00f3mo ejercer los derechos de acceso, rectificaci\u00f3n, supresi\u00f3n y portabilidad de sus datos, y la limitaci\u00f3n u oposici\u00f3n a su tratamiento.<\/strong><br>El interesado podr\u00e1 conocer, modificar, o eliminar los datos que la empresa posea sobre su persona mediante correo electr\u00f3nico facilitando su DNI o bien por correo postal en \u201cLa Bleda\u201d Sant Mart\u00ed Sarroca (08731), provincia de Barcelona.<\/p>\n<p>El interesado podr\u00e1 transferir sus datos a otra entidad o bien limitar los ya existentes que la empresa posea sobre su persona mediante correo electr\u00f3nico facilitando su DNI o bien por correo postal a \u201cLa Bleda\u201d Sant Mart\u00ed Sarroca (08731) , provincia de Barcelona.<\/p>\n<p><strong>B. Derecho a retirar el Consentimiento prestado<\/strong><br>El interesado podr\u00e1 retirar los datos que la empresa posee sobre su persona mediante correo electr\u00f3nico facilitando su DNI o bien por correo postal en \u201cLa Bleda\u201d Sant Mart\u00ed Sarroca (08731), provincia de Barcelona.<\/p>\n<p><strong>C. Derecho a reclamar ante la Autoridad de Control<\/strong><br>El interesado podr\u00e1 reclamar ante la Agencia Espa\u00f1ola de Protecci\u00f3n de Datos sobre cualquier incidencia que pueda surgirle.<\/p>\n<p><strong>6. PROCEDENCIA<\/strong><br><strong>A. Informaci\u00f3n detallada del origen de los datos<\/strong><br>Facilitadas por el propio interesado.<\/p>\n<p><strong>B. Categor\u00edas de datos que se tratan<\/strong><br>Nombre y Apellidos<br>NIF\/DNI\/NIE<br>Direcci\u00f3n<br>Email<\/p>\n<p><strong>7. CL\u00c1USULA CONSENTIMIENTO NEWSLETTER<\/strong><br>En cumplimiento de lo que se establece en el Reglamento (UE) 2016\/679 del Parlamento Europeo y del Consejo, de 27 de abril de 2016 y en la legislaci\u00f3n vigente sobre protecci\u00f3n de datos, le informamos que el correo electr\u00f3nico que nos ha proporcionado ser\u00e1 tratado bajo la responsabilidad de Rovellats, SA con el fin de tramitar su solicitud de suscripci\u00f3n y poder remitirle peri\u00f3dicamente nuestro Newsletter. Los datos no ser\u00e1n cedidos a terceros salvo obligaci\u00f3n legal.<\/p>\n<p>La base leg\u00edtima es el consentimiento que podr\u00e1 ser revocado en cualquier momento, cancelando su suscripci\u00f3n al Newsletter, enviando un correo electr\u00f3nico a la direcci\u00f3n <a href=\"mailto:rovellats@cavarovellats.com\">rovellats@cavarovellats.com<\/a> .<\/p>\n<p>Podr\u00e1 ejercitar sus derechos de acceso, rectificaci\u00f3n o supresi\u00f3n, cancelaci\u00f3n, oposici\u00f3n y limitaci\u00f3n de tratamiento de sus datos, as\u00ed como solicitar su portabilidad, mediante escrito a la direcci\u00f3n de correo electr\u00f3nico indicada anteriormente.<\/p>\n<\/div>\n<\/div>\n<\/div>\n<\/div>\n<\/div>\n<\/div>\n<\/div>\n<\/div>\n<\/section>\n<\/div>\n","protected":false},"excerpt":{"rendered":"","protected":false},"author":1,"featured_media":0,"parent":0,"menu_order":0,"comment_status":"closed","ping_status":"closed","template":"","meta":{"inline_featured_image":false,"_monsterinsights_skip_tracking":false,"_monsterinsights_sitenote_active":false,"_monsterinsights_sitenote_note":"","_monsterinsights_sitenote_category":0,"footnotes":""},"class_list":["post-823","page","type-page","status-publish","hentry"],"yoast_head":"<!-- This site is optimized with the Yoast SEO plugin v27.4 - https:\/\/yoast.com\/product\/yoast-seo-wordpress\/ -->\n<title>Protecci\u00f3n de datos - Cava Rovellats<\/title>\n<meta name=\"robots\" content=\"index, follow, max-snippet:-1, max-image-preview:large, max-video-preview:-1\" \/>\n<link rel=\"canonical\" href=\"https:\/\/www.cavarovellats.com\/es\/proteccion-de-datos\/\" \/>\n<meta property=\"og:locale\" content=\"es_ES\" \/>\n<meta property=\"og:type\" content=\"article\" \/>\n<meta property=\"og:title\" content=\"Protecci\u00f3n de datos - Cava Rovellats\" \/>\n<meta property=\"og:url\" content=\"https:\/\/www.cavarovellats.com\/es\/proteccion-de-datos\/\" \/>\n<meta property=\"og:site_name\" content=\"Cava Rovellats\" \/>\n<meta name=\"twitter:card\" content=\"summary_large_image\" \/>\n<meta name=\"twitter:label1\" content=\"Tiempo de lectura\" \/>\n\t<meta name=\"twitter:data1\" content=\"4 minutos\" \/>\n<script type=\"application\/ld+json\" class=\"yoast-schema-graph\">{\"@context\":\"https:\\\/\\\/schema.org\",\"@graph\":[{\"@type\":\"WebPage\",\"@id\":\"https:\\\/\\\/www.cavarovellats.com\\\/es\\\/proteccion-de-datos\\\/\",\"url\":\"https:\\\/\\\/www.cavarovellats.com\\\/es\\\/proteccion-de-datos\\\/\",\"name\":\"Protecci\u00f3n de datos - Cava Rovellats\",\"isPartOf\":{\"@id\":\"https:\\\/\\\/www.cavarovellats.com\\\/es\\\/#website\"},\"datePublished\":\"2021-11-26T09:39:11+00:00\",\"breadcrumb\":{\"@id\":\"https:\\\/\\\/www.cavarovellats.com\\\/es\\\/proteccion-de-datos\\\/#breadcrumb\"},\"inLanguage\":\"es\",\"potentialAction\":[{\"@type\":\"ReadAction\",\"target\":[\"https:\\\/\\\/www.cavarovellats.com\\\/es\\\/proteccion-de-datos\\\/\"]}]},{\"@type\":\"BreadcrumbList\",\"@id\":\"https:\\\/\\\/www.cavarovellats.com\\\/es\\\/proteccion-de-datos\\\/#breadcrumb\",\"itemListElement\":[{\"@type\":\"ListItem\",\"position\":1,\"name\":\"Inici\",\"item\":\"https:\\\/\\\/www.cavarovellats.com\\\/es\\\/\"},{\"@type\":\"ListItem\",\"position\":2,\"name\":\"Protecci\u00f3n de datos\"}]},{\"@type\":\"WebSite\",\"@id\":\"https:\\\/\\\/www.cavarovellats.com\\\/es\\\/#website\",\"url\":\"https:\\\/\\\/www.cavarovellats.com\\\/es\\\/\",\"name\":\"Cava Rovellats\",\"description\":\"La terra, les persones, el cava\",\"potentialAction\":[{\"@type\":\"SearchAction\",\"target\":{\"@type\":\"EntryPoint\",\"urlTemplate\":\"https:\\\/\\\/www.cavarovellats.com\\\/es\\\/?s={search_term_string}\"},\"query-input\":{\"@type\":\"PropertyValueSpecification\",\"valueRequired\":true,\"valueName\":\"search_term_string\"}}],\"inLanguage\":\"es\"}]}<\/script>\n<!-- \/ Yoast SEO plugin. -->","yoast_head_json":{"title":"Protecci\u00f3n de datos - Cava Rovellats","robots":{"index":"index","follow":"follow","max-snippet":"max-snippet:-1","max-image-preview":"max-image-preview:large","max-video-preview":"max-video-preview:-1"},"canonical":"https:\/\/www.cavarovellats.com\/es\/proteccion-de-datos\/","og_locale":"es_ES","og_type":"article","og_title":"Protecci\u00f3n de datos - Cava Rovellats","og_url":"https:\/\/www.cavarovellats.com\/es\/proteccion-de-datos\/","og_site_name":"Cava Rovellats","twitter_card":"summary_large_image","twitter_misc":{"Tiempo de lectura":"4 minutos"},"schema":{"@context":"https:\/\/schema.org","@graph":[{"@type":"WebPage","@id":"https:\/\/www.cavarovellats.com\/es\/proteccion-de-datos\/","url":"https:\/\/www.cavarovellats.com\/es\/proteccion-de-datos\/","name":"Protecci\u00f3n de datos - Cava Rovellats","isPartOf":{"@id":"https:\/\/www.cavarovellats.com\/es\/#website"},"datePublished":"2021-11-26T09:39:11+00:00","breadcrumb":{"@id":"https:\/\/www.cavarovellats.com\/es\/proteccion-de-datos\/#breadcrumb"},"inLanguage":"es","potentialAction":[{"@type":"ReadAction","target":["https:\/\/www.cavarovellats.com\/es\/proteccion-de-datos\/"]}]},{"@type":"BreadcrumbList","@id":"https:\/\/www.cavarovellats.com\/es\/proteccion-de-datos\/#breadcrumb","itemListElement":[{"@type":"ListItem","position":1,"name":"Inici","item":"https:\/\/www.cavarovellats.com\/es\/"},{"@type":"ListItem","position":2,"name":"Protecci\u00f3n de datos"}]},{"@type":"WebSite","@id":"https:\/\/www.cavarovellats.com\/es\/#website","url":"https:\/\/www.cavarovellats.com\/es\/","name":"Cava Rovellats","description":"La terra, les persones, el cava","potentialAction":[{"@type":"SearchAction","target":{"@type":"EntryPoint","urlTemplate":"https:\/\/www.cavarovellats.com\/es\/?s={search_term_string}"},"query-input":{"@type":"PropertyValueSpecification","valueRequired":true,"valueName":"search_term_string"}}],"inLanguage":"es"}]}},"_links":{"self":[{"href":"https:\/\/www.cavarovellats.com\/es\/wp-json\/wp\/v2\/pages\/823","targetHints":{"allow":["GET"]}}],"collection":[{"href":"https:\/\/www.cavarovellats.com\/es\/wp-json\/wp\/v2\/pages"}],"about":[{"href":"https:\/\/www.cavarovellats.com\/es\/wp-json\/wp\/v2\/types\/page"}],"author":[{"embeddable":true,"href":"https:\/\/www.cavarovellats.com\/es\/wp-json\/wp\/v2\/users\/1"}],"replies":[{"embeddable":true,"href":"https:\/\/www.cavarovellats.com\/es\/wp-json\/wp\/v2\/comments?post=823"}],"version-history":[{"count":0,"href":"https:\/\/www.cavarovellats.com\/es\/wp-json\/wp\/v2\/pages\/823\/revisions"}],"wp:attachment":[{"href":"https:\/\/www.cavarovellats.com\/es\/wp-json\/wp\/v2\/media?parent=823"}],"curies":[{"name":"wp","href":"https:\/\/api.w.org\/{rel}","templated":true}]}}