{"id":816,"date":"2021-11-26T10:12:53","date_gmt":"2021-11-26T09:12:53","guid":{"rendered":"https:\/\/www.cavarovellats.com\/condiciones-de-contratacion\/"},"modified":"2021-11-27T07:29:19","modified_gmt":"2021-11-27T06:29:19","slug":"condiciones-de-contratacion","status":"publish","type":"page","link":"https:\/\/www.cavarovellats.com\/es\/condiciones-de-contratacion\/","title":{"rendered":"Condiciones de contrataci\u00f3n"},"content":{"rendered":"\n<h2 style=\"text-align: center;\"><strong>CONDICIONES DE CONTRATACI\u00d3N<\/strong><\/h2>\n<div>&nbsp;<\/div>\n<div><strong>1. PARTES QUE INTERVIENEN<\/strong><\/div>\n<div>&nbsp;<\/div>\n<div>Las presentes Condiciones de compra, tienen por objeto regular la relaci\u00f3n entre Rovellats SA y el cliente, relativas a todas las transacciones realizadas en la tienda online de la empresa Rovellats SA<\/div>\n<div>&nbsp;<\/div>\n<div>Los clientes ser\u00e1n personas f\u00edsicas o jur\u00eddicas que act\u00faen como consumidores.<\/div>\n<div>&nbsp;<\/div>\n<div>Los clientes que realicen compras en cavarovellats.com, deber\u00e1n registrarse y estar\u00e1n aceptando las presentes condiciones de compra, por lo que es importante que el cliente lea estas condiciones antes de realizar una compra.<\/div>\n<div>&nbsp;<\/div>\n<div>Ser\u00e1 requisito indispensable para los clientes, en el caso de personas f\u00edsicas, que sean mayores de 18 a\u00f1os.<\/div>\n<div>&nbsp;<\/div>\n<div><strong>2. EXCLUSIONES<\/strong><\/div>\n<div>&nbsp;<\/div>\n<div>Queda prohibida la venta de bebidas alcoh\u00f3licas de cualquier graduaci\u00f3n a menores de edad.<\/div>\n<div>&nbsp;<\/div>\n<div><strong>3. \u00c1MBITO DE APLICACI\u00d3N<\/strong><\/div>\n<div>&nbsp;<\/div>\n<div>Las presentes Condiciones Generales de Compra se aplican a la venta de todos los art\u00edculos de Rovellats SA a trav\u00e9s de la p\u00e1gina web <a href=\"http:\/\/www.cavarovellats.com\">www.cavarovellats.com<\/a> a los clientes que adquieran los mismos dentro del territorio espa\u00f1ol.<\/div>\n<div>&nbsp;<\/div>\n<div>Estas condiciones se complementan con la \u201cPrivacidad\u201d de este mismo portal.<\/div>\n<div>&nbsp;<\/div>\n<div>Rovellats SA se reserva el derecho a cancelar la cuenta de acceso de un cliente si detecta actos fraudulentos, especulativos o de mala fe en la utilizaci\u00f3n del servicio.<\/div>\n<div>&nbsp;<\/div>\n<div>Rovellats SA le informa que archiva los documentos electr\u00f3nicos en los que quedan formalizadas las compras.<\/div>\n<div>&nbsp;<\/div>\n<div><strong>4. C\u00d3MO REALIZAR SU PEDIDO<\/strong><\/div>\n<div>&nbsp;<\/div>\n<div>Elija el producto que desea de nuestra tienda web, se\u00f1ale la cantidad deseada de producto y a\u00f1\u00e1dalo a la cesta mediante el bot\u00f3n \u00aba\u00f1adir a la cesta\u00bb. Luego vaya a la cesta \/ a la cesta de la compra donde encontrar\u00e1 el producto escogido \u00abVER CESTA\u00bb. Si necesita modificar la cantidad solicitada del mismo producto, puede marcar el n\u00famero deseado con un clic en \u00abCANTIDAD\u00bb.<\/div>\n<div>&nbsp;<\/div>\n<div>Al terminar de escoger los productos y los tenga todos en la cesta, puede finalizar la compra en el bot\u00f3n \u00abFINALIZAR COMPRA\u00bb.<\/div>\n<div>&nbsp;<\/div>\n<div>En caso de existir alguna oferta, estar\u00e1 debidamente identificada y marcada como tal y se indicar\u00e1 el precio anterior y el precio de la oferta.<\/div>\n<div>&nbsp;<\/div>\n<div>En DETALLES DE FACTURACI\u00d3N, debe registrarse rellenando sus datos y, si lo necesita, a\u00f1adir una direcci\u00f3n de entrega diferente a la direcci\u00f3n de facturaci\u00f3n. Puede revisar su pedido y posteriormente marcar la opci\u00f3n del m\u00e9todo de pago que prefiera.<\/div>\n<div>&nbsp;<\/div>\n<div>Despu\u00e9s de hacer clic en \u00abREALIZAR PEDIDO\u00bb, recibir\u00e1 una confirmaci\u00f3n de pedido en la direcci\u00f3n de correo electr\u00f3nico facilitada.<\/div>\n<div>&nbsp;<\/div>\n<div>La adquisici\u00f3n de los productos a trav\u00e9s de la activaci\u00f3n del bot\u00f3n \u00abREALIZAR PEDIDO\u00bb, expresa la aceptaci\u00f3n total por parte de cliente de las presentes Condiciones Generales con anterioridad a la adquisici\u00f3n de los productos, sin que le sean aplicables las novedades que puedan producirse en las cl\u00e1usulas de las condiciones generales con posterioridad.<\/div>\n<div>&nbsp;<\/div>\n<div><strong>5. PLAZOS DE ENTREGA Y PRECIOS<\/strong><\/div>\n<div>&nbsp;<\/div>\n<div>Las entregas se env\u00edan a la direcci\u00f3n facilitada por el cliente en un plazo de<span style=\"background-color: #ffffff; color: #ed1c24;\"><span style=\"color: #282828;\"> 72 horas laborales por entregas en la Pen\u00ednsula. No se realizan env\u00edos a Canarias ni a las Islas Baleares.<\/span><\/span><\/div>\n<div>&nbsp;<\/div>\n<div>En caso de haber solicitado la recogida en bodega, estar\u00e1 preparado para su entrega en el d\u00eda y horario acordado.<\/div>\n<div>&nbsp;<\/div>\n<div>El cliente <span style=\"color: #282828;\">dispondr\u00e1 de un plazo de 72 horas<\/span> desde la recepci\u00f3n de la mercanc\u00eda para comprobar la integridad de todos los componentes del pedido y para comprobar que se incluyen todos los productos en el pedido solicitado.<\/div>\n<div>&nbsp;<\/div>\n<div>Se considerar\u00e1 entregado un pedido en el momento que el Cliente firme el recibo de entrega, <span style=\"color: #282828;\">pasadas las 72 horas<\/span> , se dar\u00e1 por aceptado el env\u00edo y no se aceptar\u00e1n reclamaciones por desperfectos o relacionados con el env\u00edo.<\/div>\n<div>&nbsp;<\/div>\n<div>En caso de recibir un producto da\u00f1ado por el transporte se debe indicar en el albar\u00e1n del transportista, una vez realizada la reclamaci\u00f3n, Rovellats SA se har\u00e1 cargo de la recogida del producto defectuoso, procedi\u00e9ndose al env\u00edo de un otro producto igual en perfecto estado sin coste adicional para el cliente, una vez haya recibido el art\u00edculo da\u00f1ado de vuelta.<\/div>\n<div>&nbsp;<\/div>\n<div>Los precios de los productos aparecer\u00e1n reflejados en tienda virtual con IVA incluido. Los productos que no est\u00e9n disponibles a trav\u00e9s de la p\u00e1gina web no tendr\u00e1n el precio marcado o aparecer\u00e1n con \u00abPRODUCTO NO DISPONIBLE\u00bb. Podr\u00e1n realizar la consulta a trav\u00e9s del correo electr\u00f3nico <a href=\"mailto:rovellats@cavarovellats.com\">rovellats@cavarovellats.com<\/a> y, en caso de querer adquirirse le indicar\u00e1 el proceso de compra a seguir.<\/div>\n<div>&nbsp;<\/div>\n<div>\n<div>No se considerar\u00e1 incumplimiento de plazo de entrega el causado por ausencia o cambio de domicilio del interesado, destinatario o direcci\u00f3n desconocidos, impago de puertos, anticipos o reembolsos, cierre por vacaciones, entregas fuera de plazo en segundo intento de entrega, causas de fuerza mayor o caso fortuito u otros no imputables al transportista. Asimismo, se exime de responsabilidad en los casos de incumplimiento de plazo de entrega en env\u00edos a Baleares o env\u00edos internacionales por causas ajenas al transportista (retrasos de compa\u00f1\u00edas a\u00e9reas, mar\u00edtimas, transportistas, carga y\/o descarga&#8230; ).<\/div>\n<div>&nbsp;<\/div>\n<div><strong>6. GASTOS DE ENV\u00cdO<\/strong><\/div>\n<div>&nbsp;<\/div>\n<div>Los gastos de env\u00edo correspondientes est\u00e1n incluidos en el pedido.<\/div>\n<div>&nbsp;<\/div>\n<div><span style=\"color: #282828;\">El pedido m\u00ednimo ser\u00e1 de 6 botellas (1 caja), y el precio lleva siempre el env\u00edo incluido.<\/span><\/div>\n<div>&nbsp;<\/div>\n<div><strong>7. DESISTIMIENTO.<\/strong><\/div>\n<div>&nbsp;<\/div>\n<div>Seg\u00fan el Texto refundido de la Ley General para la Defensa de los Consumidores y Usuarios (TRLGDCU), los clientes tendr\u00e1n derecho a desistir el contrato sin necesidad de justificar esta decisi\u00f3n y sin penalizaci\u00f3n de clase alguna, en un plazo de 14 d\u00edas naturales desde la recepci\u00f3n de la mercanc\u00eda por el cliente. Para ello se deben cumplir las condiciones expuestas en el formulario de desistimiento (ver m\u00e1s abajo) y enviarlo a la siguiente direcci\u00f3n de correo electr\u00f3nico: <a href=\"mailto:rovellats@cavarovellats.com\">rovellats@cavarovellats.com<\/a> , especificando en el asunto DEVOLUCI\u00d3N seguido del n\u00famero de pedido.<\/div>\n<\/div>\n<div>&nbsp;<\/div>\n<div>\n<div>El desistimiento no tiene ning\u00fan coste para el cliente, Rovellats SA reembolsar\u00e1 el importe correspondiente, incluyendo los gastos de env\u00edo correspondientes a la entrega inicial sin demoras indebidas y, en cualquier caso, en un plazo m\u00e1ximo de 14 d\u00edas naturales desde la fecha de recepci\u00f3n del formulario de desistimiento. El reembolso ser\u00e1 de la misma forma que se recibi\u00f3 el pago inicial. Sin embargo, Rovellats, SA podr\u00e1 detener el reembolso hasta recibir la mercanc\u00eda.<\/div>\n<div>&nbsp;<\/div>\n<div>El cliente s\u00f3lo ser\u00e1 responsable de la disminuci\u00f3n del valor de la mercanc\u00eda como resultado de una manipulaci\u00f3n de la misma distinta a la necesaria para establecer su naturaleza, caracter\u00edsticas o funcionamiento.<\/div>\n<div>&nbsp;<\/div>\n<div>Para m\u00e1s informaci\u00f3n, Rovellats SA. pone a disposici\u00f3n de los clientes el siguiente n\u00famero de tel\u00e9fono: +34 934 880 575.<\/div>\n<div>&nbsp;<\/div>\n<div>Los gastos de transporte originados por la devoluci\u00f3n del producto tendr\u00e1n que ser asumidos por el cliente siempre que la devoluci\u00f3n se deba puramente al derecho de desistimiento y no a una falta de conformidad del producto.<\/div>\n<div>&nbsp;<\/div>\n<div><strong>8. DEVOLUCIONES<\/strong><\/div>\n<div>&nbsp;<\/div>\n<div>Una vez recibido el formulario de desistimiento el equipo de Rovellats SA, se pondr\u00e1 en contacto con usted en un plazo m\u00e1ximo de 72 horas para dar instrucciones de c\u00f3mo realizar la devoluci\u00f3n.<\/div>\n<div>&nbsp;<\/div>\n<div>Recibida la mercanc\u00eda y comprobada que est\u00e1 en perfectas condiciones, procederemos a la devoluci\u00f3n del importe, que se realizar\u00e1 con la misma forma de pago con la que se abon\u00f3. La devoluci\u00f3n incluir\u00e1 el importe total del pago recibido, incluidos los gastos de env\u00edo en caso de que lo hubiera, con la excepci\u00f3n de los gastos adicionales resultantes de la elecci\u00f3n por su parte de una modalidad de entrega distinta de la modalidad menos costosa de entrega que ofrecemos.<\/div>\n<div>&nbsp;<\/div>\n<div><strong>9. FORMA DE PAGO Y GARANT\u00cdA DE PAGO SEGURO.<\/strong><\/div>\n<div>&nbsp;<\/div>\n<div>Una vez que el Cliente haya confirmado la adquisici\u00f3n del producto deber\u00e1 proceder al pago del importe indicado. Las compras se pueden pagar por cualquiera de los siguientes medios:<\/div>\n<div>&nbsp;<\/div>\n<div>Por medio de pasarela de pago de la entidad \u00abESPECIFICAR ENTIDAD\u00bb con tarjeta de d\u00e9bito o cr\u00e9dito VISA, MASTERCARD.<\/div>\n<div>A trav\u00e9s de PAY-PAL: es un servicio online que garantiza un pago seguro, f\u00e1cil y r\u00e1pido.<\/div>\n<div>Por transferencia bancaria al siguiente n\u00famero de cuenta IBAN ES10 2100 5424 2322 0024 8342 indicando en el concepto de la misma el n\u00famero de pedido. Una vez efectuada, es necesario que nos env\u00ede un justificante de la transferencia a la direcci\u00f3n rovellats@cavarovellats.com. En caso de no poder realizar este env\u00edo, podr\u00e1 ponerse en contacto con nosotros a trav\u00e9s del siguiente n\u00famero de contacto +34 934 880 575.<\/div>\n<div>Se mantendr\u00e1n los pedidos activos durante 7 D\u00cdAS NATURALES, pasado este plazo, si no se ha confirmado el pago, procederemos a anular el pedido autom\u00e1ticamente.<\/div>\n<div>&nbsp;<\/div>\n<div>En cualquier caso, la elecci\u00f3n del medio de pago se realiza durante el proceso de compra en la pantalla correspondiente.<\/div>\n<div>&nbsp;<\/div>\n<div><strong>10. RESPONSABILIDAD DEL CLIENTE<\/strong><\/div>\n<div>&nbsp;<\/div>\n<div>El cliente garantiza la veracidad y exactitud de los datos facilitados al cumplimentar los formularios de contrataci\u00f3n, evitando perjuicios a Rovellats, SA derivados de la incorrecci\u00f3n de los datos.<\/div>\n<\/div>\n<div>&nbsp;<\/div>\n<div>\n<div><strong>11. DATOS PERSONALES<\/strong><\/div>\n<div>&nbsp;<\/div>\n<div>Rovellats, SA tratar\u00e1 los datos que facilite el cliente de conformidad con la <a href=\"\/privacitat\">Pol\u00edtica de Privacidad<\/a> que se puede consultar en el link de nuestra p\u00e1gina web.<\/div>\n<div>&nbsp;<\/div>\n<div><strong>MODELO DE DESISTIMIENTO<\/strong><\/div>\n<div>&nbsp;<\/div>\n<div>A la atenci\u00f3n de ___________________ con CIF ___________ y domicilio en _________________________________.<\/div>\n<div>&nbsp;<\/div>\n<div>Sr.\/Sra. ______________________________________________________________________,<\/div>\n<div>&nbsp;<\/div>\n<div>Mayor de edad, con DNI n\u00fam _________________ (del que se adjunta copia) y domicilio en _______________________________________________ del municipio de ________________ por la presente pongo en su conocimiento que desisto de mi contrato formalizado en fecha ________________.<\/div>\n<div>&nbsp;<\/div>\n<div>Si desea facilitarnos alg\u00fan otro dato a\u00f1ade, puede hacerlo a continuaci\u00f3n:<\/div>\n<div>&nbsp;<\/div>\n<div>_____________________________________________________________________________<\/div>\n<div>&nbsp;<\/div>\n<div>_____________________________________________________________________________<\/div>\n<div>&nbsp;<\/div>\n<div>_____________________________________________________________________________<\/div>\n<div>&nbsp;<\/div>\n<div>_____________________________________________________________________________<\/div>\n<div>&nbsp;<\/div>\n<div>FIRMA (En caso de entregar el formulario en papel):<\/div>\n<div>&nbsp;<\/div>\n<div>FECHA: _______________<\/div>\n<div>&nbsp;<\/div>\n<div><strong>Informaci\u00f3n adicional sobre el ejercicio de derecho de desistimiento<\/strong><\/div>\n<div>&nbsp;<\/div>\n<div>Seg\u00fan el Texto refundido de la Ley General para la Defensa de los Consumidores y Usuarios (TRLGDCU), los clientes tendr\u00e1n derecho a desistir el contrato sin necesidad de justificar esta decisi\u00f3n y sin penalizaci\u00f3n de clase alguna, en un plazo de 14 d\u00edas naturales desde la formalizaci\u00f3n el contrato de servicio. El desistimiento no tiene ning\u00fan coste para el cliente, Rovellats, SA reembolsar\u00e1 el importe correspondiente, incluyendo los gastos de gesti\u00f3n correspondientes a la inscripci\u00f3n sin demoras indebidas y, en cualquier caso, en un plazo m\u00e1ximo de 14 d\u00edas naturales desde la fecha de recepci\u00f3n del formulario de desistimiento. El reembolso ser\u00e1 de la misma forma que se recibi\u00f3 el pago inicial.<\/div>\n<div>En caso de haber gastos de transporte originados por la devoluci\u00f3n del producto tendr\u00e1n que ser asumidos por el PROVEEDOR siempre que la devoluci\u00f3n se deba puramente al derecho de desistimiento y no a una falta de conformidad del producto.<\/div>\n<div>&nbsp;<\/div>\n<div><strong>Informaci\u00f3n sobre protecci\u00f3n de datos<\/strong><\/div>\n<div>&nbsp;<\/div>\n<div>Tratamos la informaci\u00f3n que nos facilita para atender su solicitud de desistimiento y cumplir con las obligaciones legales aplicables, siendo la base jur\u00eddica una obligaci\u00f3n legal. Los datos proporcionados se conservar\u00e1n durante el tiempo necesario para cumplir con la finalidad por la que fueron recogidos y los mayores durante los a\u00f1os necesarios para cumplir con obligaciones legales. La informaci\u00f3n podr\u00e1 ser facilitada a encargados de tratamiento para cumplir con la finalidad antes especificada. Usted tiene derecho a obtener m\u00e1s informaci\u00f3n sobre el tratamiento de sus datos personales, as\u00ed como a ejercer sus derechos como interesado en: <a href=\"mailto:rovellats@cavarovellats.com\">rovellats@cavarovellats.com.<\/a><\/div>\n<\/div>\n<p style=\"text-align: left;\">&nbsp;<\/p>\n","protected":false},"excerpt":{"rendered":"","protected":false},"author":1,"featured_media":0,"parent":0,"menu_order":0,"comment_status":"closed","ping_status":"closed","template":"","meta":{"inline_featured_image":false,"_monsterinsights_skip_tracking":false,"_monsterinsights_sitenote_active":false,"_monsterinsights_sitenote_note":"","_monsterinsights_sitenote_category":0,"footnotes":""},"class_list":["post-816","page","type-page","status-publish","hentry"],"yoast_head":"<!-- This site is optimized with the Yoast SEO plugin v27.4 - https:\/\/yoast.com\/product\/yoast-seo-wordpress\/ -->\n<title>Condiciones de contrataci\u00f3n - Cava Rovellats<\/title>\n<meta name=\"robots\" content=\"index, follow, max-snippet:-1, max-image-preview:large, max-video-preview:-1\" \/>\n<link rel=\"canonical\" href=\"https:\/\/www.cavarovellats.com\/es\/condiciones-de-contratacion\/\" \/>\n<meta property=\"og:locale\" content=\"es_ES\" \/>\n<meta property=\"og:type\" content=\"article\" \/>\n<meta property=\"og:title\" content=\"Condiciones de contrataci\u00f3n - Cava Rovellats\" \/>\n<meta property=\"og:url\" content=\"https:\/\/www.cavarovellats.com\/es\/condiciones-de-contratacion\/\" \/>\n<meta property=\"og:site_name\" content=\"Cava Rovellats\" \/>\n<meta property=\"article:modified_time\" content=\"2021-11-27T06:29:19+00:00\" \/>\n<meta name=\"twitter:card\" content=\"summary_large_image\" \/>\n<meta name=\"twitter:label1\" content=\"Tiempo de lectura\" \/>\n\t<meta name=\"twitter:data1\" content=\"10 minutos\" \/>\n<script type=\"application\/ld+json\" class=\"yoast-schema-graph\">{\"@context\":\"https:\\\/\\\/schema.org\",\"@graph\":[{\"@type\":\"WebPage\",\"@id\":\"https:\\\/\\\/www.cavarovellats.com\\\/es\\\/condiciones-de-contratacion\\\/\",\"url\":\"https:\\\/\\\/www.cavarovellats.com\\\/es\\\/condiciones-de-contratacion\\\/\",\"name\":\"Condiciones de contrataci\u00f3n - Cava Rovellats\",\"isPartOf\":{\"@id\":\"https:\\\/\\\/www.cavarovellats.com\\\/es\\\/#website\"},\"datePublished\":\"2021-11-26T09:12:53+00:00\",\"dateModified\":\"2021-11-27T06:29:19+00:00\",\"breadcrumb\":{\"@id\":\"https:\\\/\\\/www.cavarovellats.com\\\/es\\\/condiciones-de-contratacion\\\/#breadcrumb\"},\"inLanguage\":\"es\",\"potentialAction\":[{\"@type\":\"ReadAction\",\"target\":[\"https:\\\/\\\/www.cavarovellats.com\\\/es\\\/condiciones-de-contratacion\\\/\"]}]},{\"@type\":\"BreadcrumbList\",\"@id\":\"https:\\\/\\\/www.cavarovellats.com\\\/es\\\/condiciones-de-contratacion\\\/#breadcrumb\",\"itemListElement\":[{\"@type\":\"ListItem\",\"position\":1,\"name\":\"Inici\",\"item\":\"https:\\\/\\\/www.cavarovellats.com\\\/es\\\/\"},{\"@type\":\"ListItem\",\"position\":2,\"name\":\"Condiciones de contrataci\u00f3n\"}]},{\"@type\":\"WebSite\",\"@id\":\"https:\\\/\\\/www.cavarovellats.com\\\/es\\\/#website\",\"url\":\"https:\\\/\\\/www.cavarovellats.com\\\/es\\\/\",\"name\":\"Cava Rovellats\",\"description\":\"La terra, les persones, el cava\",\"potentialAction\":[{\"@type\":\"SearchAction\",\"target\":{\"@type\":\"EntryPoint\",\"urlTemplate\":\"https:\\\/\\\/www.cavarovellats.com\\\/es\\\/?s={search_term_string}\"},\"query-input\":{\"@type\":\"PropertyValueSpecification\",\"valueRequired\":true,\"valueName\":\"search_term_string\"}}],\"inLanguage\":\"es\"}]}<\/script>\n<!-- \/ Yoast SEO plugin. -->","yoast_head_json":{"title":"Condiciones de contrataci\u00f3n - Cava Rovellats","robots":{"index":"index","follow":"follow","max-snippet":"max-snippet:-1","max-image-preview":"max-image-preview:large","max-video-preview":"max-video-preview:-1"},"canonical":"https:\/\/www.cavarovellats.com\/es\/condiciones-de-contratacion\/","og_locale":"es_ES","og_type":"article","og_title":"Condiciones de contrataci\u00f3n - Cava Rovellats","og_url":"https:\/\/www.cavarovellats.com\/es\/condiciones-de-contratacion\/","og_site_name":"Cava Rovellats","article_modified_time":"2021-11-27T06:29:19+00:00","twitter_card":"summary_large_image","twitter_misc":{"Tiempo de lectura":"10 minutos"},"schema":{"@context":"https:\/\/schema.org","@graph":[{"@type":"WebPage","@id":"https:\/\/www.cavarovellats.com\/es\/condiciones-de-contratacion\/","url":"https:\/\/www.cavarovellats.com\/es\/condiciones-de-contratacion\/","name":"Condiciones de contrataci\u00f3n - Cava Rovellats","isPartOf":{"@id":"https:\/\/www.cavarovellats.com\/es\/#website"},"datePublished":"2021-11-26T09:12:53+00:00","dateModified":"2021-11-27T06:29:19+00:00","breadcrumb":{"@id":"https:\/\/www.cavarovellats.com\/es\/condiciones-de-contratacion\/#breadcrumb"},"inLanguage":"es","potentialAction":[{"@type":"ReadAction","target":["https:\/\/www.cavarovellats.com\/es\/condiciones-de-contratacion\/"]}]},{"@type":"BreadcrumbList","@id":"https:\/\/www.cavarovellats.com\/es\/condiciones-de-contratacion\/#breadcrumb","itemListElement":[{"@type":"ListItem","position":1,"name":"Inici","item":"https:\/\/www.cavarovellats.com\/es\/"},{"@type":"ListItem","position":2,"name":"Condiciones de contrataci\u00f3n"}]},{"@type":"WebSite","@id":"https:\/\/www.cavarovellats.com\/es\/#website","url":"https:\/\/www.cavarovellats.com\/es\/","name":"Cava Rovellats","description":"La terra, les persones, el cava","potentialAction":[{"@type":"SearchAction","target":{"@type":"EntryPoint","urlTemplate":"https:\/\/www.cavarovellats.com\/es\/?s={search_term_string}"},"query-input":{"@type":"PropertyValueSpecification","valueRequired":true,"valueName":"search_term_string"}}],"inLanguage":"es"}]}},"_links":{"self":[{"href":"https:\/\/www.cavarovellats.com\/es\/wp-json\/wp\/v2\/pages\/816","targetHints":{"allow":["GET"]}}],"collection":[{"href":"https:\/\/www.cavarovellats.com\/es\/wp-json\/wp\/v2\/pages"}],"about":[{"href":"https:\/\/www.cavarovellats.com\/es\/wp-json\/wp\/v2\/types\/page"}],"author":[{"embeddable":true,"href":"https:\/\/www.cavarovellats.com\/es\/wp-json\/wp\/v2\/users\/1"}],"replies":[{"embeddable":true,"href":"https:\/\/www.cavarovellats.com\/es\/wp-json\/wp\/v2\/comments?post=816"}],"version-history":[{"count":0,"href":"https:\/\/www.cavarovellats.com\/es\/wp-json\/wp\/v2\/pages\/816\/revisions"}],"wp:attachment":[{"href":"https:\/\/www.cavarovellats.com\/es\/wp-json\/wp\/v2\/media?parent=816"}],"curies":[{"name":"wp","href":"https:\/\/api.w.org\/{rel}","templated":true}]}}