{"id":5128,"date":"2025-01-15T09:49:52","date_gmt":"2025-01-15T08:49:52","guid":{"rendered":"https:\/\/www.cavarovellats.com\/enoturismo\/desayuno-en-el-jardin-modernista\/"},"modified":"2025-05-17T17:42:14","modified_gmt":"2025-05-17T15:42:14","slug":"desayuno-en-el-jardin-modernista","status":"publish","type":"page","link":"https:\/\/www.cavarovellats.com\/es\/desayuno-en-el-jardin-modernista\/","title":{"rendered":"Desayuno en el jard\u00edn modernista"},"content":{"rendered":"\n\n\t<section class=\"section dark\" id=\"section_277778021\">\n\t\t<div class=\"section-bg fill\" >\n\t\t\t\t\t\t\t<div class=\"video-overlay no-click fill visible\"><\/div>\n\t<video class=\"video-bg fill visible\" preload playsinline autoplay muted loop>\n\t\t<source src=\"\/wp-content\/uploads\/2021\/03\/enoturisme_video.mp4\" type=\"video\/mp4\">\t<\/video>\n\t\t\t\n\t\t\t\n\n\t\t<\/div>\n\n\t\t\n\n\t\t<div class=\"section-content relative\">\n\t\t\t\n\n\n\t\t<\/div>\n\n\t\t\n<style>\n#section_277778021 {\n  padding-top: 0px;\n  padding-bottom: 0px;\n  margin-bottom: 0px;\n  min-height: 150px;\n}\n@media (min-width:850px) {\n  #section_277778021 {\n    min-height: 320px;\n  }\n}\n<\/style>\n\t<\/section>\n\t\n\n\t<section class=\"section dark\" id=\"section_352795131\">\n\t\t<div class=\"section-bg fill\" >\n\t\t\t\t\t\t\t\t\t\n\t\t\t\n\n\t\t<\/div>\n\n\t\t\n\n\t\t<div class=\"section-content relative\">\n\t\t\t\n\n<div class=\"row row-collapse row-full-width\"  id=\"row-1899477880\">\n\n\n\t<div id=\"col-1273184223\" class=\"col small-12 large-12\"  >\n\t\t\t\t<div class=\"col-inner\" style=\"background-color:#d0d6b3;\" >\n\t\t\t\n\t\t\t\n\n<div class=\"row row-collapse align-bottom align-right\"  id=\"row-1384709989\">\n\n\n\t<div id=\"col-1714717795\" class=\"col small-12 large-12\"  >\n\t\t\t\t<div class=\"col-inner text-right\"  >\n\t\t\t\n\t\t\t\n\n\t<div id=\"text-1914630498\" class=\"text title-margin-b\">\n\t\t\n\n<a href=\"https:\/\/www.cavarovellats.com\/es\/enoturismo\/\"><h1 id=\"title-principal\">enoturismo<\/h1><\/a>\n\t\t\n<style>\n#text-1914630498 {\n  font-size: 1rem;\n  text-align: right;\n}\n@media (min-width:550px) {\n  #text-1914630498 {\n    font-size: 1.5rem;\n  }\n}\n@media (min-width:850px) {\n  #text-1914630498 {\n    font-size: 2.25rem;\n  }\n}\n<\/style>\n\t<\/div>\n\t\n\n\t\t<\/div>\n\t\t\t\t\n<style>\n#col-1714717795 > .col-inner {\n  padding: 40px 0px 0px 0px;\n  margin: 0px 0px 0 0px;\n}\n<\/style>\n\t<\/div>\n\n\t\n\n<\/div>\n\n\t\t<\/div>\n\t\t\t\t\t<\/div>\n\n\t\n\n<\/div>\n\n\t\t<\/div>\n\n\t\t\n<style>\n#section_352795131 {\n  padding-top: 0px;\n  padding-bottom: 0px;\n  margin-bottom: 0px;\n  min-height: 0px;\n}\n<\/style>\n\t<\/section>\n\t\n\n\t<section class=\"section\" id=\"section_922524628\">\n\t\t<div class=\"section-bg fill\" >\n\t\t\t\t\t\t\t\t\t\n\t\t\t\n\n\t\t<\/div>\n\n\t\t\n\n\t\t<div class=\"section-content relative\">\n\t\t\t\n\n\t<div id=\"gap-2044685553\" class=\"gap-element clearfix\" style=\"display:block; height:auto;\">\n\t\t\n<style>\n#gap-2044685553 {\n  padding-top: 50px;\n}\n<\/style>\n\t<\/div>\n\t\n\n<div class=\"row row-large align-middle\" style=\"max-width:1300px\" id=\"row-1831386649\">\n\n\n\t<div id=\"col-1145558192\" class=\"col medium-12 small-12 large-4\"  >\n\t\t\t\t<div class=\"col-inner\"  >\n\t\t\t\n\t\t\t\n\n\n  \n    <div class=\"row  lightbox-multi-gallery large-columns-1 medium-columns-4 small-columns-\" >\n  <div class=\"gallery-col col\" >\n          <div class=\"col-inner\">\n            <a class=\"\" href=\"https:\/\/www.cavarovellats.com\/wp-content\/uploads\/2021\/04\/Esmorzar-modernista-horitzontal-per-facebook-1067x800.jpg\" title=\"\">            <div class=\"box has-hover gallery-box box-overlay dark\">\n              <div class=\"box-image image-cover\" style=\"padding-top:75%;\">\n                <img loading=\"lazy\" decoding=\"async\" width=\"533\" height=\"400\" src=\"https:\/\/www.cavarovellats.com\/wp-content\/uploads\/2021\/04\/Esmorzar-modernista-horitzontal-per-facebook-533x400.jpg\" class=\"attachment-medium size-medium\" alt=\"\" ids=\"383,382,385,257\" columns=\"1\" columns__md=\"4\" image_height=\"75%\" srcset=\"https:\/\/www.cavarovellats.com\/wp-content\/uploads\/2021\/04\/Esmorzar-modernista-horitzontal-per-facebook-533x400.jpg 533w, https:\/\/www.cavarovellats.com\/wp-content\/uploads\/2021\/04\/Esmorzar-modernista-horitzontal-per-facebook-1067x800.jpg 1067w, https:\/\/www.cavarovellats.com\/wp-content\/uploads\/2021\/04\/Esmorzar-modernista-horitzontal-per-facebook-768x576.jpg 768w, https:\/\/www.cavarovellats.com\/wp-content\/uploads\/2021\/04\/Esmorzar-modernista-horitzontal-per-facebook-1536x1152.jpg 1536w, https:\/\/www.cavarovellats.com\/wp-content\/uploads\/2021\/04\/Esmorzar-modernista-horitzontal-per-facebook-2048x1536.jpg 2048w, https:\/\/www.cavarovellats.com\/wp-content\/uploads\/2021\/04\/Esmorzar-modernista-horitzontal-per-facebook-600x450.jpg 600w\" sizes=\"auto, (max-width: 533px) 100vw, 533px\" \/>                                  <div class=\"overlay fill\"\n                      style=\"background-color: rgba(0,0,0,.15)\">\n                  <\/div>\n                                                              <\/div>\n              <div class=\"box-text text-left\" >\n                 <p><\/p>\n              <\/div>\n            <\/div>\n            <\/a>          <\/div>\n         <\/div><div class=\"gallery-col col\" >\n          <div class=\"col-inner\">\n            <a class=\"\" href=\"https:\/\/www.cavarovellats.com\/wp-content\/uploads\/2021\/04\/Facana-i-jardi-modernista-per-presentacions-1200x800.jpg\" title=\"\">            <div class=\"box has-hover gallery-box box-overlay dark\">\n              <div class=\"box-image image-cover\" style=\"padding-top:75%;\">\n                <img loading=\"lazy\" decoding=\"async\" width=\"600\" height=\"400\" src=\"https:\/\/www.cavarovellats.com\/wp-content\/uploads\/2021\/04\/Facana-i-jardi-modernista-per-presentacions-600x400.jpg\" class=\"attachment-medium size-medium\" alt=\"\" ids=\"383,382,385,257\" columns=\"1\" columns__md=\"4\" image_height=\"75%\" srcset=\"https:\/\/www.cavarovellats.com\/wp-content\/uploads\/2021\/04\/Facana-i-jardi-modernista-per-presentacions-600x400.jpg 600w, https:\/\/www.cavarovellats.com\/wp-content\/uploads\/2021\/04\/Facana-i-jardi-modernista-per-presentacions-1200x800.jpg 1200w, https:\/\/www.cavarovellats.com\/wp-content\/uploads\/2021\/04\/Facana-i-jardi-modernista-per-presentacions-768x512.jpg 768w, https:\/\/www.cavarovellats.com\/wp-content\/uploads\/2021\/04\/Facana-i-jardi-modernista-per-presentacions-1536x1024.jpg 1536w, https:\/\/www.cavarovellats.com\/wp-content\/uploads\/2021\/04\/Facana-i-jardi-modernista-per-presentacions-2048x1366.jpg 2048w\" sizes=\"auto, (max-width: 600px) 100vw, 600px\" \/>                                  <div class=\"overlay fill\"\n                      style=\"background-color: rgba(0,0,0,.15)\">\n                  <\/div>\n                                                              <\/div>\n              <div class=\"box-text text-left\" >\n                 <p><\/p>\n              <\/div>\n            <\/div>\n            <\/a>          <\/div>\n         <\/div><div class=\"gallery-col col\" >\n          <div class=\"col-inner\">\n            <a class=\"\" href=\"https:\/\/www.cavarovellats.com\/wp-content\/uploads\/2021\/04\/Jardin-JCV-12-800x800.jpg\" title=\"\">            <div class=\"box has-hover gallery-box box-overlay dark\">\n              <div class=\"box-image image-cover\" style=\"padding-top:75%;\">\n                <img loading=\"lazy\" decoding=\"async\" width=\"400\" height=\"400\" src=\"https:\/\/www.cavarovellats.com\/wp-content\/uploads\/2021\/04\/Jardin-JCV-12-400x400.jpg\" class=\"attachment-medium size-medium\" alt=\"\" ids=\"383,382,385,257\" columns=\"1\" columns__md=\"4\" image_height=\"75%\" srcset=\"https:\/\/www.cavarovellats.com\/wp-content\/uploads\/2021\/04\/Jardin-JCV-12-400x400.jpg 400w, https:\/\/www.cavarovellats.com\/wp-content\/uploads\/2021\/04\/Jardin-JCV-12-800x800.jpg 800w, https:\/\/www.cavarovellats.com\/wp-content\/uploads\/2021\/04\/Jardin-JCV-12-280x280.jpg 280w, https:\/\/www.cavarovellats.com\/wp-content\/uploads\/2021\/04\/Jardin-JCV-12-768x768.jpg 768w, https:\/\/www.cavarovellats.com\/wp-content\/uploads\/2021\/04\/Jardin-JCV-12-1536x1536.jpg 1536w, https:\/\/www.cavarovellats.com\/wp-content\/uploads\/2021\/04\/Jardin-JCV-12-2048x2048.jpg 2048w, https:\/\/www.cavarovellats.com\/wp-content\/uploads\/2021\/04\/Jardin-JCV-12-600x600.jpg 600w, https:\/\/www.cavarovellats.com\/wp-content\/uploads\/2021\/04\/Jardin-JCV-12-100x100.jpg 100w\" sizes=\"auto, (max-width: 400px) 100vw, 400px\" \/>                                  <div class=\"overlay fill\"\n                      style=\"background-color: rgba(0,0,0,.15)\">\n                  <\/div>\n                                                              <\/div>\n              <div class=\"box-text text-left\" >\n                 <p><\/p>\n              <\/div>\n            <\/div>\n            <\/a>          <\/div>\n         <\/div><div class=\"gallery-col col\" >\n          <div class=\"col-inner\">\n            <a class=\"\" href=\"https:\/\/www.cavarovellats.com\/wp-content\/uploads\/2021\/04\/Rovellats-aldea-vista-aerea-fotos-web-1.png\" title=\"\">            <div class=\"box has-hover gallery-box box-overlay dark\">\n              <div class=\"box-image image-cover\" style=\"padding-top:75%;\">\n                <img loading=\"lazy\" decoding=\"async\" width=\"568\" height=\"400\" src=\"https:\/\/www.cavarovellats.com\/wp-content\/uploads\/2021\/04\/Rovellats-aldea-vista-aerea-fotos-web-1-568x400.png\" class=\"attachment-medium size-medium\" alt=\"\" ids=\"383,382,385,257\" columns=\"1\" columns__md=\"4\" image_height=\"75%\" srcset=\"https:\/\/www.cavarovellats.com\/wp-content\/uploads\/2021\/04\/Rovellats-aldea-vista-aerea-fotos-web-1-568x400.png 568w, https:\/\/www.cavarovellats.com\/wp-content\/uploads\/2021\/04\/Rovellats-aldea-vista-aerea-fotos-web-1-768x540.png 768w, https:\/\/www.cavarovellats.com\/wp-content\/uploads\/2021\/04\/Rovellats-aldea-vista-aerea-fotos-web-1-600x422.png 600w, https:\/\/www.cavarovellats.com\/wp-content\/uploads\/2021\/04\/Rovellats-aldea-vista-aerea-fotos-web-1.png 776w\" sizes=\"auto, (max-width: 568px) 100vw, 568px\" \/>                                  <div class=\"overlay fill\"\n                      style=\"background-color: rgba(0,0,0,.15)\">\n                  <\/div>\n                                                              <\/div>\n              <div class=\"box-text text-left\" >\n                 <p><\/p>\n              <\/div>\n            <\/div>\n            <\/a>          <\/div>\n         <\/div><\/div>\n\n\n\t\t<\/div>\n\t\t\t\t\t<\/div>\n\n\t\n\n\t<div id=\"col-1989800672\" class=\"col medium-12 small-12 large-8 medium-col-first\"  >\n\t\t\t\t<div class=\"col-inner\"  >\n\t\t\t\n\t\t\t\n\n\t<div id=\"text-2160219693\" class=\"text\">\n\t\t\n\n<h2>Desayuno en nuestro jard\u00edn modernista<\/h2>\n\t\t\n<style>\n#text-2160219693 {\n  font-size: 1.75rem;\n}\n<\/style>\n\t<\/div>\n\t\n<p><strong>Para empezar bien el d\u00eda te ofrecemos un desayuno con calma en el coraz\u00f3n del Pened\u00e8s rodeado de jardines modernistas (1920-1930) seguido de la visita de nuestra bodega.<\/strong><strong><em> <\/em><\/strong><\/p>\n<p>Disfruta de un fant\u00e1stico desayuno con quesos y embutidos tradicionales, acompa\u00f1ados de nuestros vinos y\/o cavas m\u00e1s frescos y arom\u00e1ticos. Despu\u00e9s del desayuno haremos una visita por la historia de ROVELLATS para adentrarnos en los secretos del cava. Finalizaremos la visita en el lugar en el que se cr\u00edan pacientemente los Cavas Rovellats, la Rotonda, llamada as\u00ed por ser la \u00fanica cava radial conocida.<\/p>\n<p>La visita incluye la degustaci\u00f3n de dos cavas RESERVA.<\/p>\n<p>No hay nada mejor que empezar un maravilloso d\u00eda con Rovellats.<\/p>\n<p>en paz y armon\u00eda&#8230;<\/p>\n<p><strong>Duraci\u00f3n del desayuno, visita y degustaci\u00f3n<\/strong> : 3h aprox.<\/p>\n<p><strong>Precio:<\/strong> 45 \u20ac por persona<\/p>\n<p><strong>Menores<\/strong> (de 6 a 17 a\u00f1os): 19 \u20ac, incluye el desayuno con 1 refresco, agua y la visita guiada<\/p>\n<p><strong>Menores<\/strong> (de 0 a 5 a\u00f1os): gratuito si no toman desayuno.<\/p>\n<p>*Reservas por m\u00ednimo 2 personas adultas.<\/p>\n<p> El precio incluye el desayuno que consiste en pan con tomate, tres tipos de embutido y queso tradicionales, coca( un dulce tradicional) con chocolate, fruta, vino o cava, la visita guiada de la bodega y la cata de dos cavas Reserva.<\/p>\n<p> *Si ten\u00e9is alguna alergia alimentaria o restricciones diet\u00e9ticas, informadnos al hacer la reserva.<\/p>\n<p><strong>Opci\u00f3n de BRUNCH en lugar del desayuno. Precio: 74\u20ac adultos y 22\u20ac menores. Incluye lo mismo que el desayuno m\u00e1s tortilla de patatas, pat\u00e9 r\u00fastico de Gall Negre del Pened\u00e8s, patatas chips y aceitunas rellenas  <\/strong>  .<\/p>\n<p>*Dada la infraestructura del edificio, notificamos que <strong>puede haber barreras arquitect\u00f3nicas<\/strong> para las personas de movilidad reducida. Pedid informaci\u00f3n.<\/p>\n<p> <strong>Visitas previa reserva de lunes a s\u00e1bado de 9:30 a 17:30h y domingos de 9:30h a 14:30h.<\/strong><\/p>\n<p> <strong>Idiomas:<\/strong> Catal\u00e1n, Castellano, Ingl\u00e9s y Alem\u00e1n ( Ruso bajo petici\u00f3n).<\/p>\n<p><em>\u00bfOs animais? Visitar Caves Rovellats es apostar por un enoturismo responsable y sostenible. Estamos certificados con el sello Biosphere. Reserva imprescindible.<\/em><\/p>\n<p><strong> <\/strong><\/p>\n\n<div class=\"wpcf7 no-js\" id=\"wpcf7-f1381-o1\" lang=\"es-ES\" dir=\"ltr\" data-wpcf7-id=\"1381\">\n<div class=\"screen-reader-response\"><p role=\"status\" aria-live=\"polite\" aria-atomic=\"true\"><\/p> <ul><\/ul><\/div>\n<form action=\"\/es\/wp-json\/wp\/v2\/pages\/5128#wpcf7-f1381-o1\" method=\"post\" class=\"wpcf7-form init\" aria-label=\"Formulario de contacto\" novalidate=\"novalidate\" data-status=\"init\">\n<fieldset class=\"hidden-fields-container\"><input type=\"hidden\" name=\"_wpcf7\" value=\"1381\" \/><input type=\"hidden\" name=\"_wpcf7_version\" value=\"6.1.5\" \/><input type=\"hidden\" name=\"_wpcf7_locale\" value=\"es_ES\" \/><input type=\"hidden\" name=\"_wpcf7_unit_tag\" value=\"wpcf7-f1381-o1\" \/><input type=\"hidden\" name=\"_wpcf7_container_post\" value=\"0\" \/><input type=\"hidden\" name=\"_wpcf7_posted_data_hash\" value=\"\" \/><input type=\"hidden\" name=\"_wpcf7_recaptcha_response\" value=\"\" \/>\n<\/fieldset>\n<p><label> Nombre<br \/>\n<span class=\"wpcf7-form-control-wrap\" data-name=\"your-name\"><input size=\"40\" maxlength=\"400\" class=\"wpcf7-form-control wpcf7-text wpcf7-validates-as-required\" aria-required=\"true\" aria-invalid=\"false\" value=\"\" type=\"text\" name=\"your-name\" \/><\/span> <\/label>\n<\/p>\n<p><label> Email<br \/>\n<span class=\"wpcf7-form-control-wrap\" data-name=\"your-email\"><input size=\"40\" maxlength=\"400\" class=\"wpcf7-form-control wpcf7-email wpcf7-validates-as-required wpcf7-text wpcf7-validates-as-email\" aria-required=\"true\" aria-invalid=\"false\" value=\"\" type=\"email\" name=\"your-email\" \/><\/span> <\/label><br \/>\n<label> Tel\u00e9fono<br \/>\n<span class=\"wpcf7-form-control-wrap\" data-name=\"your-phone\"><input size=\"40\" maxlength=\"400\" class=\"wpcf7-form-control wpcf7-text wpcf7-validates-as-required\" aria-required=\"true\" aria-invalid=\"false\" value=\"\" type=\"text\" name=\"your-phone\" \/><\/span> <\/label>\n<\/p>\n<p><label> Fecha y hora<br \/>\n<span class=\"wpcf7-form-control-wrap\" data-name=\"data\"><input size=\"40\" maxlength=\"400\" class=\"wpcf7-form-control wpcf7-text wpcf7-validates-as-required walcf7-datetimepicker\" aria-required=\"true\" aria-invalid=\"false\" value=\"\" type=\"text\" name=\"data\" \/><\/span> <\/label><br \/>\n<label> Adultos<br \/>\n<span class=\"wpcf7-form-control-wrap\" data-name=\"adults\"><input class=\"wpcf7-form-control wpcf7-number wpcf7-validates-as-required wpcf7-validates-as-number\" min=\"2\" aria-required=\"true\" aria-invalid=\"false\" value=\"2\" type=\"number\" name=\"adults\" \/><\/span> <\/label><br \/>\n<label> Menores (de 6 a 17 a\u00f1os)<br \/>\n<span class=\"wpcf7-form-control-wrap\" data-name=\"joves\"><input class=\"wpcf7-form-control wpcf7-number wpcf7-validates-as-required wpcf7-validates-as-number\" aria-required=\"true\" aria-invalid=\"false\" value=\"0\" type=\"number\" name=\"joves\" \/><\/span> <\/label>\n<\/p>\n<p><label> Mensaje<br \/>\n<span class=\"wpcf7-form-control-wrap\" data-name=\"your-message\"><textarea cols=\"40\" rows=\"10\" maxlength=\"2000\" class=\"wpcf7-form-control wpcf7-textarea\" aria-invalid=\"false\" name=\"your-message\"><\/textarea><\/span> <\/label>\n<\/p>\n<p><span class=\"wpcf7-form-control-wrap\" data-name=\"Privacitat\"><span class=\"wpcf7-form-control wpcf7-acceptance\"><span class=\"wpcf7-list-item\"><label><input type=\"checkbox\" name=\"Privacitat\" value=\"1\" aria-invalid=\"false\" \/><span class=\"wpcf7-list-item-label\">He le\u00eddo y acepto el <a href=\"\/avis-legal\/\">aviso legal<\/a> y la <a href=\"\/proteccio-de-dades\/\">pol\u00edtica de privacidad<\/a> de esta web<\/span><\/label><\/span><\/span><\/span><br \/>\n<input class=\"wpcf7-form-control wpcf7-submit has-spinner\" type=\"submit\" value=\"Enviar\" \/>\n<\/p><div class=\"wpcf7-response-output\" aria-hidden=\"true\"><\/div>\n<\/form>\n<\/div>\n\n\n\n\t\t<\/div>\n\t\t\t\t\t<\/div>\n\n\t\n\n<\/div>\n\n\t\t<\/div>\n\n\t\t\n<style>\n#section_922524628 {\n  padding-top: 40px;\n  padding-bottom: 40px;\n}\n@media (min-width:850px) {\n  #section_922524628 {\n    padding-top: 75px;\n    padding-bottom: 75px;\n  }\n}\n<\/style>\n\t<\/section>\n\t\n\n","protected":false},"excerpt":{"rendered":"","protected":false},"author":1,"featured_media":654,"parent":0,"menu_order":0,"comment_status":"closed","ping_status":"closed","template":"page-blank.php","meta":{"inline_featured_image":false,"_monsterinsights_skip_tracking":false,"_monsterinsights_sitenote_active":false,"_monsterinsights_sitenote_note":"","_monsterinsights_sitenote_category":0,"footnotes":""},"class_list":["post-5128","page","type-page","status-publish","has-post-thumbnail","hentry"],"yoast_head":"<!-- This site is optimized with the Yoast SEO plugin v27.4 - https:\/\/yoast.com\/product\/yoast-seo-wordpress\/ -->\n<title>Desayuno en el jard\u00edn modernista - Cava Rovellats<\/title>\n<meta name=\"robots\" content=\"index, follow, max-snippet:-1, max-image-preview:large, max-video-preview:-1\" \/>\n<link rel=\"canonical\" href=\"https:\/\/www.cavarovellats.com\/es\/desayuno-en-el-jardin-modernista\/\" \/>\n<meta property=\"og:locale\" content=\"es_ES\" \/>\n<meta property=\"og:type\" content=\"article\" \/>\n<meta property=\"og:title\" content=\"Desayuno en el jard\u00edn modernista - Cava Rovellats\" \/>\n<meta property=\"og:url\" content=\"https:\/\/www.cavarovellats.com\/es\/desayuno-en-el-jardin-modernista\/\" \/>\n<meta property=\"og:site_name\" content=\"Cava Rovellats\" \/>\n<meta property=\"article:modified_time\" content=\"2025-05-17T15:42:14+00:00\" \/>\n<meta property=\"og:image\" content=\"https:\/\/www.cavarovellats.com\/wp-content\/uploads\/2021\/03\/foto_producte1.jpg\" \/>\n\t<meta property=\"og:image:width\" content=\"996\" \/>\n\t<meta property=\"og:image:height\" content=\"750\" \/>\n\t<meta property=\"og:image:type\" content=\"image\/jpeg\" \/>\n<meta name=\"twitter:card\" content=\"summary_large_image\" \/>\n<meta name=\"twitter:label1\" content=\"Tiempo de lectura\" \/>\n\t<meta name=\"twitter:data1\" content=\"3 minutos\" \/>\n<script type=\"application\/ld+json\" class=\"yoast-schema-graph\">{\"@context\":\"https:\\\/\\\/schema.org\",\"@graph\":[{\"@type\":\"WebPage\",\"@id\":\"https:\\\/\\\/www.cavarovellats.com\\\/es\\\/desayuno-en-el-jardin-modernista\\\/\",\"url\":\"https:\\\/\\\/www.cavarovellats.com\\\/es\\\/desayuno-en-el-jardin-modernista\\\/\",\"name\":\"Desayuno en el jard\u00edn modernista - Cava Rovellats\",\"isPartOf\":{\"@id\":\"https:\\\/\\\/www.cavarovellats.com\\\/es\\\/#website\"},\"primaryImageOfPage\":{\"@id\":\"https:\\\/\\\/www.cavarovellats.com\\\/es\\\/desayuno-en-el-jardin-modernista\\\/#primaryimage\"},\"image\":{\"@id\":\"https:\\\/\\\/www.cavarovellats.com\\\/es\\\/desayuno-en-el-jardin-modernista\\\/#primaryimage\"},\"thumbnailUrl\":\"https:\\\/\\\/www.cavarovellats.com\\\/wp-content\\\/uploads\\\/2021\\\/03\\\/foto_producte1.jpg\",\"datePublished\":\"2025-01-15T08:49:52+00:00\",\"dateModified\":\"2025-05-17T15:42:14+00:00\",\"breadcrumb\":{\"@id\":\"https:\\\/\\\/www.cavarovellats.com\\\/es\\\/desayuno-en-el-jardin-modernista\\\/#breadcrumb\"},\"inLanguage\":\"es\",\"potentialAction\":[{\"@type\":\"ReadAction\",\"target\":[\"https:\\\/\\\/www.cavarovellats.com\\\/es\\\/desayuno-en-el-jardin-modernista\\\/\"]}]},{\"@type\":\"ImageObject\",\"inLanguage\":\"es\",\"@id\":\"https:\\\/\\\/www.cavarovellats.com\\\/es\\\/desayuno-en-el-jardin-modernista\\\/#primaryimage\",\"url\":\"https:\\\/\\\/www.cavarovellats.com\\\/wp-content\\\/uploads\\\/2021\\\/03\\\/foto_producte1.jpg\",\"contentUrl\":\"https:\\\/\\\/www.cavarovellats.com\\\/wp-content\\\/uploads\\\/2021\\\/03\\\/foto_producte1.jpg\",\"width\":996,\"height\":750},{\"@type\":\"BreadcrumbList\",\"@id\":\"https:\\\/\\\/www.cavarovellats.com\\\/es\\\/desayuno-en-el-jardin-modernista\\\/#breadcrumb\",\"itemListElement\":[{\"@type\":\"ListItem\",\"position\":1,\"name\":\"Inici\",\"item\":\"https:\\\/\\\/www.cavarovellats.com\\\/es\\\/\"},{\"@type\":\"ListItem\",\"position\":2,\"name\":\"Desayuno en el jard\u00edn modernista\"}]},{\"@type\":\"WebSite\",\"@id\":\"https:\\\/\\\/www.cavarovellats.com\\\/es\\\/#website\",\"url\":\"https:\\\/\\\/www.cavarovellats.com\\\/es\\\/\",\"name\":\"Cava Rovellats\",\"description\":\"La terra, les persones, el cava\",\"potentialAction\":[{\"@type\":\"SearchAction\",\"target\":{\"@type\":\"EntryPoint\",\"urlTemplate\":\"https:\\\/\\\/www.cavarovellats.com\\\/es\\\/?s={search_term_string}\"},\"query-input\":{\"@type\":\"PropertyValueSpecification\",\"valueRequired\":true,\"valueName\":\"search_term_string\"}}],\"inLanguage\":\"es\"}]}<\/script>\n<!-- \/ Yoast SEO plugin. -->","yoast_head_json":{"title":"Desayuno en el jard\u00edn modernista - Cava Rovellats","robots":{"index":"index","follow":"follow","max-snippet":"max-snippet:-1","max-image-preview":"max-image-preview:large","max-video-preview":"max-video-preview:-1"},"canonical":"https:\/\/www.cavarovellats.com\/es\/desayuno-en-el-jardin-modernista\/","og_locale":"es_ES","og_type":"article","og_title":"Desayuno en el jard\u00edn modernista - Cava Rovellats","og_url":"https:\/\/www.cavarovellats.com\/es\/desayuno-en-el-jardin-modernista\/","og_site_name":"Cava Rovellats","article_modified_time":"2025-05-17T15:42:14+00:00","og_image":[{"width":996,"height":750,"url":"https:\/\/www.cavarovellats.com\/wp-content\/uploads\/2021\/03\/foto_producte1.jpg","type":"image\/jpeg"}],"twitter_card":"summary_large_image","twitter_misc":{"Tiempo de lectura":"3 minutos"},"schema":{"@context":"https:\/\/schema.org","@graph":[{"@type":"WebPage","@id":"https:\/\/www.cavarovellats.com\/es\/desayuno-en-el-jardin-modernista\/","url":"https:\/\/www.cavarovellats.com\/es\/desayuno-en-el-jardin-modernista\/","name":"Desayuno en el jard\u00edn modernista - Cava Rovellats","isPartOf":{"@id":"https:\/\/www.cavarovellats.com\/es\/#website"},"primaryImageOfPage":{"@id":"https:\/\/www.cavarovellats.com\/es\/desayuno-en-el-jardin-modernista\/#primaryimage"},"image":{"@id":"https:\/\/www.cavarovellats.com\/es\/desayuno-en-el-jardin-modernista\/#primaryimage"},"thumbnailUrl":"https:\/\/www.cavarovellats.com\/wp-content\/uploads\/2021\/03\/foto_producte1.jpg","datePublished":"2025-01-15T08:49:52+00:00","dateModified":"2025-05-17T15:42:14+00:00","breadcrumb":{"@id":"https:\/\/www.cavarovellats.com\/es\/desayuno-en-el-jardin-modernista\/#breadcrumb"},"inLanguage":"es","potentialAction":[{"@type":"ReadAction","target":["https:\/\/www.cavarovellats.com\/es\/desayuno-en-el-jardin-modernista\/"]}]},{"@type":"ImageObject","inLanguage":"es","@id":"https:\/\/www.cavarovellats.com\/es\/desayuno-en-el-jardin-modernista\/#primaryimage","url":"https:\/\/www.cavarovellats.com\/wp-content\/uploads\/2021\/03\/foto_producte1.jpg","contentUrl":"https:\/\/www.cavarovellats.com\/wp-content\/uploads\/2021\/03\/foto_producte1.jpg","width":996,"height":750},{"@type":"BreadcrumbList","@id":"https:\/\/www.cavarovellats.com\/es\/desayuno-en-el-jardin-modernista\/#breadcrumb","itemListElement":[{"@type":"ListItem","position":1,"name":"Inici","item":"https:\/\/www.cavarovellats.com\/es\/"},{"@type":"ListItem","position":2,"name":"Desayuno en el jard\u00edn modernista"}]},{"@type":"WebSite","@id":"https:\/\/www.cavarovellats.com\/es\/#website","url":"https:\/\/www.cavarovellats.com\/es\/","name":"Cava Rovellats","description":"La terra, les persones, el cava","potentialAction":[{"@type":"SearchAction","target":{"@type":"EntryPoint","urlTemplate":"https:\/\/www.cavarovellats.com\/es\/?s={search_term_string}"},"query-input":{"@type":"PropertyValueSpecification","valueRequired":true,"valueName":"search_term_string"}}],"inLanguage":"es"}]}},"_links":{"self":[{"href":"https:\/\/www.cavarovellats.com\/es\/wp-json\/wp\/v2\/pages\/5128","targetHints":{"allow":["GET"]}}],"collection":[{"href":"https:\/\/www.cavarovellats.com\/es\/wp-json\/wp\/v2\/pages"}],"about":[{"href":"https:\/\/www.cavarovellats.com\/es\/wp-json\/wp\/v2\/types\/page"}],"author":[{"embeddable":true,"href":"https:\/\/www.cavarovellats.com\/es\/wp-json\/wp\/v2\/users\/1"}],"replies":[{"embeddable":true,"href":"https:\/\/www.cavarovellats.com\/es\/wp-json\/wp\/v2\/comments?post=5128"}],"version-history":[{"count":4,"href":"https:\/\/www.cavarovellats.com\/es\/wp-json\/wp\/v2\/pages\/5128\/revisions"}],"predecessor-version":[{"id":5855,"href":"https:\/\/www.cavarovellats.com\/es\/wp-json\/wp\/v2\/pages\/5128\/revisions\/5855"}],"wp:featuredmedia":[{"embeddable":true,"href":"https:\/\/www.cavarovellats.com\/es\/wp-json\/wp\/v2\/media\/654"}],"wp:attachment":[{"href":"https:\/\/www.cavarovellats.com\/es\/wp-json\/wp\/v2\/media?parent=5128"}],"curies":[{"name":"wp","href":"https:\/\/api.w.org\/{rel}","templated":true}]}}