{"id":8363,"date":"2026-03-20T11:38:45","date_gmt":"2026-03-20T10:38:45","guid":{"rendered":"https:\/\/www.cavarovellats.com\/product\/cantavins-in-rovellats\/"},"modified":"2026-03-20T12:09:46","modified_gmt":"2026-03-20T11:09:46","slug":"cantavins-in-rovellats","status":"publish","type":"product","link":"https:\/\/www.cavarovellats.com\/en\/product\/cantavins-in-rovellats\/","title":{"rendered":"Cantavins in Rovellats"},"content":{"rendered":"<p><strong>Date: Sunday May 24 &#8211; Time: 11:00 a.m.<\/strong><br \/>\n<strong>CantaVins Rovellats<\/strong> : Tasting, singing and toasting.<br \/>\n An experience that combines tasting with the pleasure of singing together.<br \/>\n Cantavins is a unique wine tourism experience that combines cava, music and tradition. A participatory format where the audience learns and sings while tasting Rovellats cavas specially selected to accompany each of the songs. The experience is completed with a small aperitif from KM0.<br \/>\n What does the activity include:<br \/>\n 1. Welcome and visit to the cellars.<br \/>\n 2. Pairing dynamics: introduction of the song while tasting the cava chosen to accompany it.<br \/>\n 3. Gastronomy: the experience is paired with cold cuts and cheeses.  <\/p>\n<p>Esteve Nabona, a musician and choir director with a wide career, trained at the Conservatory of Music in Barcelona, \u200b\u200bhas carried out an outstanding work as a director and pedagogue at the Orfe\u00f3 Catal\u00e0-Palau de la M\u00fasica Foundation for over twenty years. He currently directs projects such as the Scherzo Women&#8217;s Choir and the Cambra 16 Vocal Ensemble.<br \/>\n Also passionate about the world of vineyards and wine, in recent years he has delved deeper into the relationship between music and oenology, creating the ViBracions project, which offers sensory experiences that merge both disciplines. <\/p>\n<p><span style=\"width: 100%; background-color: #d0d6b3; padding: 5px 0; color: #000;\"><strong>Duration of the activity:<\/strong> approximately 3 hours.<br \/>\n<\/span> <strong>Price:<\/strong> \u20ac38 per person<\/p>\n","protected":false},"excerpt":{"rendered":"<p style=\"font-weight: 400;\"><strong>Date: Sunday May 24 &#8211; Time: 11:00 a.m.<\/strong><\/p>\n","protected":false},"featured_media":6980,"template":"","meta":{"inline_featured_image":false,"_monsterinsights_skip_tracking":false,"_monsterinsights_sitenote_active":false,"_monsterinsights_sitenote_note":"","_monsterinsights_sitenote_category":0},"product_brand":[],"product_cat":[52],"product_tag":[],"class_list":{"0":"post-8363","1":"product","2":"type-product","3":"status-publish","4":"has-post-thumbnail","6":"product_cat-wine-tourism","8":"first","9":"instock","10":"virtual","11":"sold-individually","12":"taxable","13":"purchasable","14":"product-type-booking"},"booking_location":"","booking_location_type":"","booking_duration":2,"booking_duration_unit":"hour","booking_buffer":0,"booking_cost":0,"booking_resources":[],"yoast_head":"<!-- This site is optimized with the Yoast SEO plugin v27.4 - https:\/\/yoast.com\/product\/yoast-seo-wordpress\/ -->\n<title>Cantavins in Rovellats - Cava Rovellats<\/title>\n<meta name=\"description\" content=\"To round off the experience, we offer a Brunch in our modernist garden, before or after the visit to the winery and the tasting of 3 cavas.\" \/>\n<meta name=\"robots\" content=\"index, follow, max-snippet:-1, max-image-preview:large, max-video-preview:-1\" \/>\n<link rel=\"canonical\" href=\"https:\/\/www.cavarovellats.com\/en\/product\/cantavins-in-rovellats\/\" \/>\n<meta property=\"og:locale\" content=\"en_US\" \/>\n<meta property=\"og:type\" content=\"article\" \/>\n<meta property=\"og:title\" content=\"Cantavins in Rovellats - Cava Rovellats\" \/>\n<meta property=\"og:description\" content=\"To round off the experience, we offer a Brunch in our modernist garden, before or after the visit to the winery and the tasting of 3 cavas.\" \/>\n<meta property=\"og:url\" content=\"https:\/\/www.cavarovellats.com\/en\/product\/cantavins-in-rovellats\/\" \/>\n<meta property=\"og:site_name\" content=\"Cava Rovellats\" \/>\n<meta property=\"article:modified_time\" content=\"2026-03-20T11:09:46+00:00\" \/>\n<meta property=\"og:image\" content=\"https:\/\/www.cavarovellats.com\/wp-content\/uploads\/2025\/09\/WEB_Rovellats_Enoturisme-2025__2GM1945-scaled.jpg\" \/>\n\t<meta property=\"og:image:width\" content=\"2560\" \/>\n\t<meta property=\"og:image:height\" content=\"1706\" \/>\n\t<meta property=\"og:image:type\" content=\"image\/jpeg\" \/>\n<meta name=\"twitter:card\" content=\"summary_large_image\" \/>\n<meta name=\"twitter:label1\" content=\"Est. reading time\" \/>\n\t<meta name=\"twitter:data1\" content=\"1 minute\" \/>\n<script type=\"application\/ld+json\" class=\"yoast-schema-graph\">{\"@context\":\"https:\\\/\\\/schema.org\",\"@graph\":[{\"@type\":\"WebPage\",\"@id\":\"https:\\\/\\\/www.cavarovellats.com\\\/en\\\/product\\\/cantavins-in-rovellats\\\/\",\"url\":\"https:\\\/\\\/www.cavarovellats.com\\\/en\\\/product\\\/cantavins-in-rovellats\\\/\",\"name\":\"Cantavins in Rovellats - Cava Rovellats\",\"isPartOf\":{\"@id\":\"https:\\\/\\\/www.cavarovellats.com\\\/en\\\/#website\"},\"primaryImageOfPage\":{\"@id\":\"https:\\\/\\\/www.cavarovellats.com\\\/en\\\/product\\\/cantavins-in-rovellats\\\/#primaryimage\"},\"image\":{\"@id\":\"https:\\\/\\\/www.cavarovellats.com\\\/en\\\/product\\\/cantavins-in-rovellats\\\/#primaryimage\"},\"thumbnailUrl\":\"https:\\\/\\\/www.cavarovellats.com\\\/wp-content\\\/uploads\\\/2025\\\/09\\\/esteve.jpg\",\"datePublished\":\"2026-03-20T10:38:45+00:00\",\"dateModified\":\"2026-03-20T11:09:46+00:00\",\"description\":\"To round off the experience, we offer a Brunch in our modernist garden, before or after the visit to the winery and the tasting of 3 cavas.\",\"breadcrumb\":{\"@id\":\"https:\\\/\\\/www.cavarovellats.com\\\/en\\\/product\\\/cantavins-in-rovellats\\\/#breadcrumb\"},\"inLanguage\":\"en-US\",\"potentialAction\":[{\"@type\":\"ReadAction\",\"target\":[\"https:\\\/\\\/www.cavarovellats.com\\\/en\\\/product\\\/cantavins-in-rovellats\\\/\"]}]},{\"@type\":\"ImageObject\",\"inLanguage\":\"en-US\",\"@id\":\"https:\\\/\\\/www.cavarovellats.com\\\/en\\\/product\\\/cantavins-in-rovellats\\\/#primaryimage\",\"url\":\"https:\\\/\\\/www.cavarovellats.com\\\/wp-content\\\/uploads\\\/2025\\\/09\\\/esteve.jpg\",\"contentUrl\":\"https:\\\/\\\/www.cavarovellats.com\\\/wp-content\\\/uploads\\\/2025\\\/09\\\/esteve.jpg\",\"width\":981,\"height\":1213},{\"@type\":\"BreadcrumbList\",\"@id\":\"https:\\\/\\\/www.cavarovellats.com\\\/en\\\/product\\\/cantavins-in-rovellats\\\/#breadcrumb\",\"itemListElement\":[{\"@type\":\"ListItem\",\"position\":1,\"name\":\"Inici\",\"item\":\"https:\\\/\\\/www.cavarovellats.com\\\/en\\\/trial_cover\\\/\"},{\"@type\":\"ListItem\",\"position\":2,\"name\":\"Cavas and Wines\",\"item\":\"https:\\\/\\\/www.cavarovellats.com\\\/cava_rovellats\\\/\"},{\"@type\":\"ListItem\",\"position\":3,\"name\":\"Cantavins in Rovellats\"}]},{\"@type\":\"WebSite\",\"@id\":\"https:\\\/\\\/www.cavarovellats.com\\\/en\\\/#website\",\"url\":\"https:\\\/\\\/www.cavarovellats.com\\\/en\\\/\",\"name\":\"Cava Rovellats\",\"description\":\"La terra, les persones, el cava\",\"potentialAction\":[{\"@type\":\"SearchAction\",\"target\":{\"@type\":\"EntryPoint\",\"urlTemplate\":\"https:\\\/\\\/www.cavarovellats.com\\\/en\\\/?s={search_term_string}\"},\"query-input\":{\"@type\":\"PropertyValueSpecification\",\"valueRequired\":true,\"valueName\":\"search_term_string\"}}],\"inLanguage\":\"en-US\"}]}<\/script>\n<!-- \/ Yoast SEO plugin. -->","yoast_head_json":{"title":"Cantavins in Rovellats - Cava Rovellats","description":"To round off the experience, we offer a Brunch in our modernist garden, before or after the visit to the winery and the tasting of 3 cavas.","robots":{"index":"index","follow":"follow","max-snippet":"max-snippet:-1","max-image-preview":"max-image-preview:large","max-video-preview":"max-video-preview:-1"},"canonical":"https:\/\/www.cavarovellats.com\/en\/product\/cantavins-in-rovellats\/","og_locale":"en_US","og_type":"article","og_title":"Cantavins in Rovellats - Cava Rovellats","og_description":"To round off the experience, we offer a Brunch in our modernist garden, before or after the visit to the winery and the tasting of 3 cavas.","og_url":"https:\/\/www.cavarovellats.com\/en\/product\/cantavins-in-rovellats\/","og_site_name":"Cava Rovellats","article_modified_time":"2026-03-20T11:09:46+00:00","og_image":[{"width":2560,"height":1706,"url":"https:\/\/www.cavarovellats.com\/wp-content\/uploads\/2025\/09\/WEB_Rovellats_Enoturisme-2025__2GM1945-scaled.jpg","type":"image\/jpeg"}],"twitter_card":"summary_large_image","twitter_misc":{"Est. reading time":"1 minute"},"schema":{"@context":"https:\/\/schema.org","@graph":[{"@type":"WebPage","@id":"https:\/\/www.cavarovellats.com\/en\/product\/cantavins-in-rovellats\/","url":"https:\/\/www.cavarovellats.com\/en\/product\/cantavins-in-rovellats\/","name":"Cantavins in Rovellats - Cava Rovellats","isPartOf":{"@id":"https:\/\/www.cavarovellats.com\/en\/#website"},"primaryImageOfPage":{"@id":"https:\/\/www.cavarovellats.com\/en\/product\/cantavins-in-rovellats\/#primaryimage"},"image":{"@id":"https:\/\/www.cavarovellats.com\/en\/product\/cantavins-in-rovellats\/#primaryimage"},"thumbnailUrl":"https:\/\/www.cavarovellats.com\/wp-content\/uploads\/2025\/09\/esteve.jpg","datePublished":"2026-03-20T10:38:45+00:00","dateModified":"2026-03-20T11:09:46+00:00","description":"To round off the experience, we offer a Brunch in our modernist garden, before or after the visit to the winery and the tasting of 3 cavas.","breadcrumb":{"@id":"https:\/\/www.cavarovellats.com\/en\/product\/cantavins-in-rovellats\/#breadcrumb"},"inLanguage":"en-US","potentialAction":[{"@type":"ReadAction","target":["https:\/\/www.cavarovellats.com\/en\/product\/cantavins-in-rovellats\/"]}]},{"@type":"ImageObject","inLanguage":"en-US","@id":"https:\/\/www.cavarovellats.com\/en\/product\/cantavins-in-rovellats\/#primaryimage","url":"https:\/\/www.cavarovellats.com\/wp-content\/uploads\/2025\/09\/esteve.jpg","contentUrl":"https:\/\/www.cavarovellats.com\/wp-content\/uploads\/2025\/09\/esteve.jpg","width":981,"height":1213},{"@type":"BreadcrumbList","@id":"https:\/\/www.cavarovellats.com\/en\/product\/cantavins-in-rovellats\/#breadcrumb","itemListElement":[{"@type":"ListItem","position":1,"name":"Inici","item":"https:\/\/www.cavarovellats.com\/en\/trial_cover\/"},{"@type":"ListItem","position":2,"name":"Cavas and Wines","item":"https:\/\/www.cavarovellats.com\/cava_rovellats\/"},{"@type":"ListItem","position":3,"name":"Cantavins in Rovellats"}]},{"@type":"WebSite","@id":"https:\/\/www.cavarovellats.com\/en\/#website","url":"https:\/\/www.cavarovellats.com\/en\/","name":"Cava Rovellats","description":"La terra, les persones, el cava","potentialAction":[{"@type":"SearchAction","target":{"@type":"EntryPoint","urlTemplate":"https:\/\/www.cavarovellats.com\/en\/?s={search_term_string}"},"query-input":{"@type":"PropertyValueSpecification","valueRequired":true,"valueName":"search_term_string"}}],"inLanguage":"en-US"}]}},"_links":{"self":[{"href":"https:\/\/www.cavarovellats.com\/en\/wp-json\/wp\/v2\/product\/8363","targetHints":{"allow":["GET"]}}],"collection":[{"href":"https:\/\/www.cavarovellats.com\/en\/wp-json\/wp\/v2\/product"}],"about":[{"href":"https:\/\/www.cavarovellats.com\/en\/wp-json\/wp\/v2\/types\/product"}],"wp:featuredmedia":[{"embeddable":true,"href":"https:\/\/www.cavarovellats.com\/en\/wp-json\/wp\/v2\/media\/6980"}],"wp:attachment":[{"href":"https:\/\/www.cavarovellats.com\/en\/wp-json\/wp\/v2\/media?parent=8363"}],"wp:term":[{"taxonomy":"product_brand","embeddable":true,"href":"https:\/\/www.cavarovellats.com\/en\/wp-json\/wp\/v2\/product_brand?post=8363"},{"taxonomy":"product_cat","embeddable":true,"href":"https:\/\/www.cavarovellats.com\/en\/wp-json\/wp\/v2\/product_cat?post=8363"},{"taxonomy":"product_tag","embeddable":true,"href":"https:\/\/www.cavarovellats.com\/en\/wp-json\/wp\/v2\/product_tag?post=8363"}],"curies":[{"name":"wp","href":"https:\/\/api.w.org\/{rel}","templated":true}]}}