{"id":5126,"date":"2025-01-15T09:49:37","date_gmt":"2025-01-15T08:49:37","guid":{"rendered":"https:\/\/www.cavarovellats.com\/wine-tourism\/breakfast-in-the-modernist-garden\/"},"modified":"2025-05-17T17:42:07","modified_gmt":"2025-05-17T15:42:07","slug":"breakfast-in-the-modernist-garden","status":"publish","type":"page","link":"https:\/\/www.cavarovellats.com\/en\/breakfast-in-the-modernist-garden\/","title":{"rendered":"Breakfast in the modernist garden"},"content":{"rendered":"\n\n\t<section class=\"section dark\" id=\"section_524613940\">\n\t\t<div class=\"section-bg fill\" >\n\t\t\t\t\t\t\t<div class=\"video-overlay no-click fill visible\"><\/div>\n\t<video class=\"video-bg fill visible\" preload playsinline autoplay muted loop>\n\t\t<source src=\"\/wp-content\/uploads\/2021\/03\/enoturisme_video.mp4\" type=\"video\/mp4\">\t<\/video>\n\t\t\t\n\t\t\t\n\n\t\t<\/div>\n\n\t\t\n\n\t\t<div class=\"section-content relative\">\n\t\t\t\n\n\n\t\t<\/div>\n\n\t\t\n<style>\n#section_524613940 {\n  padding-top: 0px;\n  padding-bottom: 0px;\n  margin-bottom: 0px;\n  min-height: 150px;\n}\n@media (min-width:850px) {\n  #section_524613940 {\n    min-height: 320px;\n  }\n}\n<\/style>\n\t<\/section>\n\t\n\n\t<section class=\"section dark\" id=\"section_758516725\">\n\t\t<div class=\"section-bg fill\" >\n\t\t\t\t\t\t\t\t\t\n\t\t\t\n\n\t\t<\/div>\n\n\t\t\n\n\t\t<div class=\"section-content relative\">\n\t\t\t\n\n<div class=\"row row-collapse row-full-width\"  id=\"row-1366527063\">\n\n\n\t<div id=\"col-836352012\" class=\"col small-12 large-12\"  >\n\t\t\t\t<div class=\"col-inner\" style=\"background-color:#d0d6b3;\" >\n\t\t\t\n\t\t\t\n\n<div class=\"row row-collapse align-bottom align-right\"  id=\"row-150011501\">\n\n\n\t<div id=\"col-848588161\" class=\"col small-12 large-12\"  >\n\t\t\t\t<div class=\"col-inner text-right\"  >\n\t\t\t\n\t\t\t\n\n\t<div id=\"text-3716643568\" class=\"text title-margin-b\">\n\t\t\n\n<a href=\"https:\/\/www.cavarovellats.com\/en\/wine-tourism\/\"><h1 id=\"title-principal\">wine tourism<\/h1><\/a>\n\t\t\n<style>\n#text-3716643568 {\n  font-size: 1rem;\n  text-align: right;\n}\n@media (min-width:550px) {\n  #text-3716643568 {\n    font-size: 1.5rem;\n  }\n}\n@media (min-width:850px) {\n  #text-3716643568 {\n    font-size: 2.25rem;\n  }\n}\n<\/style>\n\t<\/div>\n\t\n\n\t\t<\/div>\n\t\t\t\t\n<style>\n#col-848588161 > .col-inner {\n  padding: 40px 0px 0px 0px;\n  margin: 0px 0px 0 0px;\n}\n<\/style>\n\t<\/div>\n\n\t\n\n<\/div>\n\n\t\t<\/div>\n\t\t\t\t\t<\/div>\n\n\t\n\n<\/div>\n\n\t\t<\/div>\n\n\t\t\n<style>\n#section_758516725 {\n  padding-top: 0px;\n  padding-bottom: 0px;\n  margin-bottom: 0px;\n  min-height: 0px;\n}\n<\/style>\n\t<\/section>\n\t\n\n\t<section class=\"section\" id=\"section_1276870937\">\n\t\t<div class=\"section-bg fill\" >\n\t\t\t\t\t\t\t\t\t\n\t\t\t\n\n\t\t<\/div>\n\n\t\t\n\n\t\t<div class=\"section-content relative\">\n\t\t\t\n\n\t<div id=\"gap-1295301332\" class=\"gap-element clearfix\" style=\"display:block; height:auto;\">\n\t\t\n<style>\n#gap-1295301332 {\n  padding-top: 50px;\n}\n<\/style>\n\t<\/div>\n\t\n\n<div class=\"row row-large align-middle\" style=\"max-width:1300px\" id=\"row-1763392290\">\n\n\n\t<div id=\"col-289452296\" class=\"col medium-12 small-12 large-4\"  >\n\t\t\t\t<div class=\"col-inner\"  >\n\t\t\t\n\t\t\t\n\n\n  \n    <div class=\"row  lightbox-multi-gallery large-columns-1 medium-columns-4 small-columns-\" >\n  <div class=\"gallery-col col\" >\n          <div class=\"col-inner\">\n            <a class=\"\" href=\"https:\/\/www.cavarovellats.com\/wp-content\/uploads\/2021\/04\/Esmorzar-modernista-horitzontal-per-facebook-1067x800.jpg\" title=\"\">            <div class=\"box has-hover gallery-box box-overlay dark\">\n              <div class=\"box-image image-cover\" style=\"padding-top:75%;\">\n                <img loading=\"lazy\" decoding=\"async\" width=\"533\" height=\"400\" src=\"https:\/\/www.cavarovellats.com\/wp-content\/uploads\/2021\/04\/Esmorzar-modernista-horitzontal-per-facebook-533x400.jpg\" class=\"attachment-medium size-medium\" alt=\"\" ids=\"383,382,385,257\" columns=\"1\" columns__md=\"4\" image_height=\"75%\" srcset=\"https:\/\/www.cavarovellats.com\/wp-content\/uploads\/2021\/04\/Esmorzar-modernista-horitzontal-per-facebook-533x400.jpg 533w, https:\/\/www.cavarovellats.com\/wp-content\/uploads\/2021\/04\/Esmorzar-modernista-horitzontal-per-facebook-1067x800.jpg 1067w, https:\/\/www.cavarovellats.com\/wp-content\/uploads\/2021\/04\/Esmorzar-modernista-horitzontal-per-facebook-768x576.jpg 768w, https:\/\/www.cavarovellats.com\/wp-content\/uploads\/2021\/04\/Esmorzar-modernista-horitzontal-per-facebook-1536x1152.jpg 1536w, https:\/\/www.cavarovellats.com\/wp-content\/uploads\/2021\/04\/Esmorzar-modernista-horitzontal-per-facebook-2048x1536.jpg 2048w, https:\/\/www.cavarovellats.com\/wp-content\/uploads\/2021\/04\/Esmorzar-modernista-horitzontal-per-facebook-600x450.jpg 600w\" sizes=\"auto, (max-width: 533px) 100vw, 533px\" \/>                                  <div class=\"overlay fill\"\n                      style=\"background-color: rgba(0,0,0,.15)\">\n                  <\/div>\n                                                              <\/div>\n              <div class=\"box-text text-left\" >\n                 <p><\/p>\n              <\/div>\n            <\/div>\n            <\/a>          <\/div>\n         <\/div><div class=\"gallery-col col\" >\n          <div class=\"col-inner\">\n            <a class=\"\" href=\"https:\/\/www.cavarovellats.com\/wp-content\/uploads\/2021\/04\/Facana-i-jardi-modernista-per-presentacions-1200x800.jpg\" title=\"\">            <div class=\"box has-hover gallery-box box-overlay dark\">\n              <div class=\"box-image image-cover\" style=\"padding-top:75%;\">\n                <img loading=\"lazy\" decoding=\"async\" width=\"600\" height=\"400\" src=\"https:\/\/www.cavarovellats.com\/wp-content\/uploads\/2021\/04\/Facana-i-jardi-modernista-per-presentacions-600x400.jpg\" class=\"attachment-medium size-medium\" alt=\"\" ids=\"383,382,385,257\" columns=\"1\" columns__md=\"4\" image_height=\"75%\" srcset=\"https:\/\/www.cavarovellats.com\/wp-content\/uploads\/2021\/04\/Facana-i-jardi-modernista-per-presentacions-600x400.jpg 600w, https:\/\/www.cavarovellats.com\/wp-content\/uploads\/2021\/04\/Facana-i-jardi-modernista-per-presentacions-1200x800.jpg 1200w, https:\/\/www.cavarovellats.com\/wp-content\/uploads\/2021\/04\/Facana-i-jardi-modernista-per-presentacions-768x512.jpg 768w, https:\/\/www.cavarovellats.com\/wp-content\/uploads\/2021\/04\/Facana-i-jardi-modernista-per-presentacions-1536x1024.jpg 1536w, https:\/\/www.cavarovellats.com\/wp-content\/uploads\/2021\/04\/Facana-i-jardi-modernista-per-presentacions-2048x1366.jpg 2048w\" sizes=\"auto, (max-width: 600px) 100vw, 600px\" \/>                                  <div class=\"overlay fill\"\n                      style=\"background-color: rgba(0,0,0,.15)\">\n                  <\/div>\n                                                              <\/div>\n              <div class=\"box-text text-left\" >\n                 <p><\/p>\n              <\/div>\n            <\/div>\n            <\/a>          <\/div>\n         <\/div><div class=\"gallery-col col\" >\n          <div class=\"col-inner\">\n            <a class=\"\" href=\"https:\/\/www.cavarovellats.com\/wp-content\/uploads\/2021\/04\/Jardin-JCV-12-800x800.jpg\" title=\"\">            <div class=\"box has-hover gallery-box box-overlay dark\">\n              <div class=\"box-image image-cover\" style=\"padding-top:75%;\">\n                <img loading=\"lazy\" decoding=\"async\" width=\"400\" height=\"400\" src=\"https:\/\/www.cavarovellats.com\/wp-content\/uploads\/2021\/04\/Jardin-JCV-12-400x400.jpg\" class=\"attachment-medium size-medium\" alt=\"\" ids=\"383,382,385,257\" columns=\"1\" columns__md=\"4\" image_height=\"75%\" srcset=\"https:\/\/www.cavarovellats.com\/wp-content\/uploads\/2021\/04\/Jardin-JCV-12-400x400.jpg 400w, https:\/\/www.cavarovellats.com\/wp-content\/uploads\/2021\/04\/Jardin-JCV-12-800x800.jpg 800w, https:\/\/www.cavarovellats.com\/wp-content\/uploads\/2021\/04\/Jardin-JCV-12-280x280.jpg 280w, https:\/\/www.cavarovellats.com\/wp-content\/uploads\/2021\/04\/Jardin-JCV-12-768x768.jpg 768w, https:\/\/www.cavarovellats.com\/wp-content\/uploads\/2021\/04\/Jardin-JCV-12-1536x1536.jpg 1536w, https:\/\/www.cavarovellats.com\/wp-content\/uploads\/2021\/04\/Jardin-JCV-12-2048x2048.jpg 2048w, https:\/\/www.cavarovellats.com\/wp-content\/uploads\/2021\/04\/Jardin-JCV-12-600x600.jpg 600w, https:\/\/www.cavarovellats.com\/wp-content\/uploads\/2021\/04\/Jardin-JCV-12-100x100.jpg 100w\" sizes=\"auto, (max-width: 400px) 100vw, 400px\" \/>                                  <div class=\"overlay fill\"\n                      style=\"background-color: rgba(0,0,0,.15)\">\n                  <\/div>\n                                                              <\/div>\n              <div class=\"box-text text-left\" >\n                 <p><\/p>\n              <\/div>\n            <\/div>\n            <\/a>          <\/div>\n         <\/div><div class=\"gallery-col col\" >\n          <div class=\"col-inner\">\n            <a class=\"\" href=\"https:\/\/www.cavarovellats.com\/wp-content\/uploads\/2021\/04\/Rovellats-aldea-vista-aerea-fotos-web-1.png\" title=\"\">            <div class=\"box has-hover gallery-box box-overlay dark\">\n              <div class=\"box-image image-cover\" style=\"padding-top:75%;\">\n                <img loading=\"lazy\" decoding=\"async\" width=\"568\" height=\"400\" src=\"https:\/\/www.cavarovellats.com\/wp-content\/uploads\/2021\/04\/Rovellats-aldea-vista-aerea-fotos-web-1-568x400.png\" class=\"attachment-medium size-medium\" alt=\"\" ids=\"383,382,385,257\" columns=\"1\" columns__md=\"4\" image_height=\"75%\" srcset=\"https:\/\/www.cavarovellats.com\/wp-content\/uploads\/2021\/04\/Rovellats-aldea-vista-aerea-fotos-web-1-568x400.png 568w, https:\/\/www.cavarovellats.com\/wp-content\/uploads\/2021\/04\/Rovellats-aldea-vista-aerea-fotos-web-1-768x540.png 768w, https:\/\/www.cavarovellats.com\/wp-content\/uploads\/2021\/04\/Rovellats-aldea-vista-aerea-fotos-web-1-600x422.png 600w, https:\/\/www.cavarovellats.com\/wp-content\/uploads\/2021\/04\/Rovellats-aldea-vista-aerea-fotos-web-1.png 776w\" sizes=\"auto, (max-width: 568px) 100vw, 568px\" \/>                                  <div class=\"overlay fill\"\n                      style=\"background-color: rgba(0,0,0,.15)\">\n                  <\/div>\n                                                              <\/div>\n              <div class=\"box-text text-left\" >\n                 <p><\/p>\n              <\/div>\n            <\/div>\n            <\/a>          <\/div>\n         <\/div><\/div>\n\n\n\t\t<\/div>\n\t\t\t\t\t<\/div>\n\n\t\n\n\t<div id=\"col-87668509\" class=\"col medium-12 small-12 large-8 medium-col-first\"  >\n\t\t\t\t<div class=\"col-inner\"  >\n\t\t\t\n\t\t\t\n\n\t<div id=\"text-2848588485\" class=\"text\">\n\t\t\n\n<h2>Breakfast in our modernist garden<\/h2>\n\t\t\n<style>\n#text-2848588485 {\n  font-size: 1.75rem;\n}\n<\/style>\n\t<\/div>\n\t\n<p><strong>Give yourself a different morning and enjoy it! To start the day, we offer you a peaceful breakfast in the heart of the Pened\u00e8s surrounded by modernist gardens (1920-1930) followed by a visit to our winery.<\/strong><strong><em> <\/em><\/strong><\/p>\n<p>Enjoy a fantastic breakfast with traditional cheeses and local charcuterie, accompanied by our freshest and most aromatic wines and \/ or cavas. After breakfast we will visit the history of ROVELLATS to delve into the secrets of cava. We will end the visit at the place where the Rovellats Cellars are patiently aged, the Rotonda, so named because it is the only known radial shaped cellar.<\/p>\n<p>The visit includes the tasting of two cavas RESERVA.<\/p>\n<p>There is nothing better than starting a wonderful day with ROVELLATS<\/p>\n<p>in peace and harmony &#8230;<\/p>\n<p><strong>Duration of breakfast, visit and tasting<\/strong> : 3 hours approx.<\/p>\n<p><strong>Price:<\/strong> \u20ac45 per person<\/p>\n<p><strong>Minors<\/strong> (from 6 to 17 years old): \u20ac19, includes breakfast with 1 soft drink, water and the guided tour.<\/p>\n<p><strong>Minors<\/strong> (0 to 5 years old): free if they do not have breakfast.<\/p>\n<p>* Reservations for at least 2 adults.<\/p>\n<p> The price includes breakfast consisting of local Catalan bread with tomato, three types of traditional local charcuterie and cheeses, \u201ccoca&#8221; &#8211; a Catalan pastry- with a chocolate bar, fresh fruit, wine or cava, a guided tour of the winery and a tasting of two Reserva cavas.<\/p>\n<p> * If you have a food allergy or dietary restrictions, please let us know when booking.<\/p>\n<p><strong>BRUNCH option instead of breakfast. Price: \u20ac74 for adults and \u20ac22 for children. Includes the same as breakfast plus potato omelette, rustic Black Rooster p\u00e2t\u00e9 from Pened\u00e8s, potato chips and stuffed olives  <\/strong>  .<\/p>\n<p>*Given the infrastructure of the building, we notify that <strong>there may be architectural barriers<\/strong> for people with reduced mobility. Ask for information.<\/p>\n<p> <strong>Visits with prior reservation from Monday to Saturday from 9:30 a.m. to 5:30 p.m. and Sundays from 9:30 a.m. to 2:30 p.m.<\/strong><\/p>\n<p> <strong>Languages:<\/strong> Catalan, Spanish, English and German (Russian on request).<\/p>\n<p><em>Waiting for you! Visiting Caves Rovellats is betting on responsible and sustainable wine tourism. We are Biosphere certified. Reservation essential.<\/em><\/p>\n<p><strong> <\/strong><\/p>\n\n<div class=\"wpcf7 no-js\" id=\"wpcf7-f55-o1\" lang=\"ca\" dir=\"ltr\" data-wpcf7-id=\"55\">\n<div class=\"screen-reader-response\"><p role=\"status\" aria-live=\"polite\" aria-atomic=\"true\"><\/p> <ul><\/ul><\/div>\n<form action=\"\/en\/wp-json\/wp\/v2\/pages\/5126#wpcf7-f55-o1\" method=\"post\" class=\"wpcf7-form init\" aria-label=\"Formulari de contacte\" novalidate=\"novalidate\" data-status=\"init\">\n<fieldset class=\"hidden-fields-container\"><input type=\"hidden\" name=\"_wpcf7\" value=\"55\" \/><input type=\"hidden\" name=\"_wpcf7_version\" value=\"6.1.5\" \/><input type=\"hidden\" name=\"_wpcf7_locale\" value=\"ca\" \/><input type=\"hidden\" name=\"_wpcf7_unit_tag\" value=\"wpcf7-f55-o1\" \/><input type=\"hidden\" name=\"_wpcf7_container_post\" value=\"0\" \/><input type=\"hidden\" name=\"_wpcf7_posted_data_hash\" value=\"\" \/><input type=\"hidden\" name=\"_wpcf7_recaptcha_response\" value=\"\" \/>\n<\/fieldset>\n<p><label> Nom<br \/>\n<span class=\"wpcf7-form-control-wrap\" data-name=\"your-name\"><input size=\"40\" maxlength=\"400\" class=\"wpcf7-form-control wpcf7-text wpcf7-validates-as-required\" aria-required=\"true\" aria-invalid=\"false\" value=\"\" type=\"text\" name=\"your-name\" \/><\/span> <\/label>\n<\/p>\n<p><label> Email<br \/>\n<span class=\"wpcf7-form-control-wrap\" data-name=\"your-email\"><input size=\"40\" maxlength=\"400\" class=\"wpcf7-form-control wpcf7-email wpcf7-validates-as-required wpcf7-text wpcf7-validates-as-email\" aria-required=\"true\" aria-invalid=\"false\" value=\"\" type=\"email\" name=\"your-email\" \/><\/span> <\/label><br \/>\n<label> Tel\u00e8fon<br \/>\n<span class=\"wpcf7-form-control-wrap\" data-name=\"your-phone\"><input size=\"40\" maxlength=\"400\" class=\"wpcf7-form-control wpcf7-text wpcf7-validates-as-required\" aria-required=\"true\" aria-invalid=\"false\" value=\"\" type=\"text\" name=\"your-phone\" \/><\/span> <\/label>\n<\/p>\n<p><label> Data i hora<br \/>\n<span class=\"wpcf7-form-control-wrap\" data-name=\"data\"><input size=\"40\" maxlength=\"400\" class=\"wpcf7-form-control wpcf7-text wpcf7-validates-as-required walcf7-datetimepicker\" aria-required=\"true\" aria-invalid=\"false\" value=\"\" type=\"text\" name=\"data\" \/><\/span> <\/label><br \/>\n<label> Adults<br \/>\n<span class=\"wpcf7-form-control-wrap\" data-name=\"adults\"><input class=\"wpcf7-form-control wpcf7-number wpcf7-validates-as-required wpcf7-validates-as-number\" min=\"2\" aria-required=\"true\" aria-invalid=\"false\" value=\"2\" type=\"number\" name=\"adults\" \/><\/span> <\/label><br \/>\n<label> Menors (de 6 a 17 anys)<br \/>\n<span class=\"wpcf7-form-control-wrap\" data-name=\"joves\"><input class=\"wpcf7-form-control wpcf7-number wpcf7-validates-as-required wpcf7-validates-as-number\" aria-required=\"true\" aria-invalid=\"false\" value=\"0\" type=\"number\" name=\"joves\" \/><\/span> <\/label>\n<\/p>\n<p><label> Missatge<br \/>\n<span class=\"wpcf7-form-control-wrap\" data-name=\"your-message\"><textarea cols=\"40\" rows=\"10\" maxlength=\"2000\" class=\"wpcf7-form-control wpcf7-textarea\" aria-invalid=\"false\" name=\"your-message\"><\/textarea><\/span> <\/label>\n<\/p>\n<p><span class=\"wpcf7-form-control-wrap\" data-name=\"Privacitat\"><span class=\"wpcf7-form-control wpcf7-acceptance\"><span class=\"wpcf7-list-item\"><label><input type=\"checkbox\" name=\"Privacitat\" value=\"1\" aria-invalid=\"false\" \/><span class=\"wpcf7-list-item-label\">He llegit i accepto l'<a href=\"\/avis-legal\/\">av\u00eds legal<\/a> i la <a href=\"\/proteccio-de-dades\/\">pol\u00edtica de privacitat<\/a> d'aquest web<\/span><\/label><\/span><\/span><\/span><br \/>\n<input class=\"wpcf7-form-control wpcf7-submit has-spinner\" type=\"submit\" value=\"Enviar\" \/>\n<\/p><div class=\"wpcf7-response-output\" aria-hidden=\"true\"><\/div>\n<\/form>\n<\/div>\n\n\n\n\t\t<\/div>\n\t\t\t\t\t<\/div>\n\n\t\n\n<\/div>\n\n\t\t<\/div>\n\n\t\t\n<style>\n#section_1276870937 {\n  padding-top: 40px;\n  padding-bottom: 40px;\n}\n@media (min-width:850px) {\n  #section_1276870937 {\n    padding-top: 75px;\n    padding-bottom: 75px;\n  }\n}\n<\/style>\n\t<\/section>\n\t\n\n","protected":false},"excerpt":{"rendered":"","protected":false},"author":1,"featured_media":990,"parent":0,"menu_order":0,"comment_status":"closed","ping_status":"closed","template":"page-blank.php","meta":{"inline_featured_image":false,"_monsterinsights_skip_tracking":false,"_monsterinsights_sitenote_active":false,"_monsterinsights_sitenote_note":"","_monsterinsights_sitenote_category":0,"footnotes":""},"class_list":["post-5126","page","type-page","status-publish","has-post-thumbnail","hentry"],"yoast_head":"<!-- This site is optimized with the Yoast SEO plugin v27.4 - https:\/\/yoast.com\/product\/yoast-seo-wordpress\/ -->\n<title>Breakfast in the modernist garden - Cava Rovellats<\/title>\n<meta name=\"robots\" content=\"index, follow, max-snippet:-1, max-image-preview:large, max-video-preview:-1\" \/>\n<link rel=\"canonical\" href=\"https:\/\/www.cavarovellats.com\/en\/breakfast-in-the-modernist-garden\/\" \/>\n<meta property=\"og:locale\" content=\"en_US\" \/>\n<meta property=\"og:type\" content=\"article\" \/>\n<meta property=\"og:title\" content=\"Breakfast in the modernist garden - Cava Rovellats\" \/>\n<meta property=\"og:url\" content=\"https:\/\/www.cavarovellats.com\/en\/breakfast-in-the-modernist-garden\/\" \/>\n<meta property=\"og:site_name\" content=\"Cava Rovellats\" \/>\n<meta property=\"article:modified_time\" content=\"2025-05-17T15:42:07+00:00\" \/>\n<meta property=\"og:image\" content=\"https:\/\/www.cavarovellats.com\/wp-content\/uploads\/2021\/03\/foto_producte1.jpg\" \/>\n\t<meta property=\"og:image:width\" content=\"996\" \/>\n\t<meta property=\"og:image:height\" content=\"750\" \/>\n\t<meta property=\"og:image:type\" content=\"image\/jpeg\" \/>\n<meta name=\"twitter:card\" content=\"summary_large_image\" \/>\n<meta name=\"twitter:label1\" content=\"Est. reading time\" \/>\n\t<meta name=\"twitter:data1\" content=\"3 minutes\" \/>\n<script type=\"application\/ld+json\" class=\"yoast-schema-graph\">{\"@context\":\"https:\\\/\\\/schema.org\",\"@graph\":[{\"@type\":\"WebPage\",\"@id\":\"https:\\\/\\\/www.cavarovellats.com\\\/en\\\/breakfast-in-the-modernist-garden\\\/\",\"url\":\"https:\\\/\\\/www.cavarovellats.com\\\/en\\\/breakfast-in-the-modernist-garden\\\/\",\"name\":\"Breakfast in the modernist garden - Cava Rovellats\",\"isPartOf\":{\"@id\":\"https:\\\/\\\/www.cavarovellats.com\\\/en\\\/#website\"},\"primaryImageOfPage\":{\"@id\":\"https:\\\/\\\/www.cavarovellats.com\\\/en\\\/breakfast-in-the-modernist-garden\\\/#primaryimage\"},\"image\":{\"@id\":\"https:\\\/\\\/www.cavarovellats.com\\\/en\\\/breakfast-in-the-modernist-garden\\\/#primaryimage\"},\"thumbnailUrl\":\"https:\\\/\\\/www.cavarovellats.com\\\/wp-content\\\/uploads\\\/2021\\\/03\\\/foto_producte1.jpg\",\"datePublished\":\"2025-01-15T08:49:37+00:00\",\"dateModified\":\"2025-05-17T15:42:07+00:00\",\"breadcrumb\":{\"@id\":\"https:\\\/\\\/www.cavarovellats.com\\\/en\\\/breakfast-in-the-modernist-garden\\\/#breadcrumb\"},\"inLanguage\":\"en-US\",\"potentialAction\":[{\"@type\":\"ReadAction\",\"target\":[\"https:\\\/\\\/www.cavarovellats.com\\\/en\\\/breakfast-in-the-modernist-garden\\\/\"]}]},{\"@type\":\"ImageObject\",\"inLanguage\":\"en-US\",\"@id\":\"https:\\\/\\\/www.cavarovellats.com\\\/en\\\/breakfast-in-the-modernist-garden\\\/#primaryimage\",\"url\":\"https:\\\/\\\/www.cavarovellats.com\\\/wp-content\\\/uploads\\\/2021\\\/03\\\/foto_producte1.jpg\",\"contentUrl\":\"https:\\\/\\\/www.cavarovellats.com\\\/wp-content\\\/uploads\\\/2021\\\/03\\\/foto_producte1.jpg\",\"width\":996,\"height\":750},{\"@type\":\"BreadcrumbList\",\"@id\":\"https:\\\/\\\/www.cavarovellats.com\\\/en\\\/breakfast-in-the-modernist-garden\\\/#breadcrumb\",\"itemListElement\":[{\"@type\":\"ListItem\",\"position\":1,\"name\":\"Inici\",\"item\":\"https:\\\/\\\/www.cavarovellats.com\\\/en\\\/trial_cover\\\/\"},{\"@type\":\"ListItem\",\"position\":2,\"name\":\"Wine tourism\",\"item\":\"https:\\\/\\\/www.cavarovellats.com\\\/en\\\/enoturisme\\\/\"},{\"@type\":\"ListItem\",\"position\":3,\"name\":\"Breakfast in the modernist garden\"}]},{\"@type\":\"WebSite\",\"@id\":\"https:\\\/\\\/www.cavarovellats.com\\\/en\\\/#website\",\"url\":\"https:\\\/\\\/www.cavarovellats.com\\\/en\\\/\",\"name\":\"Cava Rovellats\",\"description\":\"La terra, les persones, el cava\",\"potentialAction\":[{\"@type\":\"SearchAction\",\"target\":{\"@type\":\"EntryPoint\",\"urlTemplate\":\"https:\\\/\\\/www.cavarovellats.com\\\/en\\\/?s={search_term_string}\"},\"query-input\":{\"@type\":\"PropertyValueSpecification\",\"valueRequired\":true,\"valueName\":\"search_term_string\"}}],\"inLanguage\":\"en-US\"}]}<\/script>\n<!-- \/ Yoast SEO plugin. -->","yoast_head_json":{"title":"Breakfast in the modernist garden - Cava Rovellats","robots":{"index":"index","follow":"follow","max-snippet":"max-snippet:-1","max-image-preview":"max-image-preview:large","max-video-preview":"max-video-preview:-1"},"canonical":"https:\/\/www.cavarovellats.com\/en\/breakfast-in-the-modernist-garden\/","og_locale":"en_US","og_type":"article","og_title":"Breakfast in the modernist garden - Cava Rovellats","og_url":"https:\/\/www.cavarovellats.com\/en\/breakfast-in-the-modernist-garden\/","og_site_name":"Cava Rovellats","article_modified_time":"2025-05-17T15:42:07+00:00","og_image":[{"width":996,"height":750,"url":"https:\/\/www.cavarovellats.com\/wp-content\/uploads\/2021\/03\/foto_producte1.jpg","type":"image\/jpeg"}],"twitter_card":"summary_large_image","twitter_misc":{"Est. reading time":"3 minutes"},"schema":{"@context":"https:\/\/schema.org","@graph":[{"@type":"WebPage","@id":"https:\/\/www.cavarovellats.com\/en\/breakfast-in-the-modernist-garden\/","url":"https:\/\/www.cavarovellats.com\/en\/breakfast-in-the-modernist-garden\/","name":"Breakfast in the modernist garden - Cava Rovellats","isPartOf":{"@id":"https:\/\/www.cavarovellats.com\/en\/#website"},"primaryImageOfPage":{"@id":"https:\/\/www.cavarovellats.com\/en\/breakfast-in-the-modernist-garden\/#primaryimage"},"image":{"@id":"https:\/\/www.cavarovellats.com\/en\/breakfast-in-the-modernist-garden\/#primaryimage"},"thumbnailUrl":"https:\/\/www.cavarovellats.com\/wp-content\/uploads\/2021\/03\/foto_producte1.jpg","datePublished":"2025-01-15T08:49:37+00:00","dateModified":"2025-05-17T15:42:07+00:00","breadcrumb":{"@id":"https:\/\/www.cavarovellats.com\/en\/breakfast-in-the-modernist-garden\/#breadcrumb"},"inLanguage":"en-US","potentialAction":[{"@type":"ReadAction","target":["https:\/\/www.cavarovellats.com\/en\/breakfast-in-the-modernist-garden\/"]}]},{"@type":"ImageObject","inLanguage":"en-US","@id":"https:\/\/www.cavarovellats.com\/en\/breakfast-in-the-modernist-garden\/#primaryimage","url":"https:\/\/www.cavarovellats.com\/wp-content\/uploads\/2021\/03\/foto_producte1.jpg","contentUrl":"https:\/\/www.cavarovellats.com\/wp-content\/uploads\/2021\/03\/foto_producte1.jpg","width":996,"height":750},{"@type":"BreadcrumbList","@id":"https:\/\/www.cavarovellats.com\/en\/breakfast-in-the-modernist-garden\/#breadcrumb","itemListElement":[{"@type":"ListItem","position":1,"name":"Inici","item":"https:\/\/www.cavarovellats.com\/en\/trial_cover\/"},{"@type":"ListItem","position":2,"name":"Wine tourism","item":"https:\/\/www.cavarovellats.com\/en\/enoturisme\/"},{"@type":"ListItem","position":3,"name":"Breakfast in the modernist garden"}]},{"@type":"WebSite","@id":"https:\/\/www.cavarovellats.com\/en\/#website","url":"https:\/\/www.cavarovellats.com\/en\/","name":"Cava Rovellats","description":"La terra, les persones, el cava","potentialAction":[{"@type":"SearchAction","target":{"@type":"EntryPoint","urlTemplate":"https:\/\/www.cavarovellats.com\/en\/?s={search_term_string}"},"query-input":{"@type":"PropertyValueSpecification","valueRequired":true,"valueName":"search_term_string"}}],"inLanguage":"en-US"}]}},"_links":{"self":[{"href":"https:\/\/www.cavarovellats.com\/en\/wp-json\/wp\/v2\/pages\/5126","targetHints":{"allow":["GET"]}}],"collection":[{"href":"https:\/\/www.cavarovellats.com\/en\/wp-json\/wp\/v2\/pages"}],"about":[{"href":"https:\/\/www.cavarovellats.com\/en\/wp-json\/wp\/v2\/types\/page"}],"author":[{"embeddable":true,"href":"https:\/\/www.cavarovellats.com\/en\/wp-json\/wp\/v2\/users\/1"}],"replies":[{"embeddable":true,"href":"https:\/\/www.cavarovellats.com\/en\/wp-json\/wp\/v2\/comments?post=5126"}],"version-history":[{"count":8,"href":"https:\/\/www.cavarovellats.com\/en\/wp-json\/wp\/v2\/pages\/5126\/revisions"}],"predecessor-version":[{"id":5854,"href":"https:\/\/www.cavarovellats.com\/en\/wp-json\/wp\/v2\/pages\/5126\/revisions\/5854"}],"wp:featuredmedia":[{"embeddable":true,"href":"https:\/\/www.cavarovellats.com\/en\/wp-json\/wp\/v2\/media\/990"}],"wp:attachment":[{"href":"https:\/\/www.cavarovellats.com\/en\/wp-json\/wp\/v2\/media?parent=5126"}],"curies":[{"name":"wp","href":"https:\/\/api.w.org\/{rel}","templated":true}]}}